{"id":8808,"date":"2017-05-03T09:46:40","date_gmt":"2017-05-03T09:46:40","guid":{"rendered":"https:\/\/www.northsailing.is\/frequently-asked-questions\/"},"modified":"2022-01-06T15:52:58","modified_gmt":"2022-01-06T15:52:58","slug":"haeufige-fragen-walbeobachtung","status":"publish","type":"page","link":"https:\/\/www.northsailing.is\/de\/haeufige-fragen-walbeobachtung\/","title":{"rendered":"H\u00e4ufige Fragen zum Thema Walbeobachtung"},"content":{"rendered":"<section class=\"wpb-content-wrapper\"><p>[vc_row][vc_column][vc_column_text]<\/p>\n<h1>H\u00e4ufige Fragen zum Thema Walbeobachtung<\/h1>\n<p>[\/vc_column_text][vc_tta_accordion gap=&#8220;10&#8243; active_section=&#8220;0&#8243; collapsible_all=&#8220;true&#8220;][vc_tta_section title=&#8220;Muss ich im Voraus buchen?&#8220; tab_id=&#8220;1494858449044-17926dc8-eadc&#8220;][vc_column_text]Obwohl wir empfehlen, unsere Touren einige Tage im Voraus zu buchen, ist die Wahrscheinlichkeit trotzdem gro\u00df, dass wir auch kurz vor Abfahrt noch Platz f\u00fcr Sie haben. Schauen Sie sich das Angebot auf unserer Homepage an oder kontaktieren Sie uns und er\u00f6rtern Sie die M\u00f6glichkeiten.[\/vc_column_text][\/vc_tta_section][vc_tta_section title=&#8220;Wie buche ich meine Walbeobachtungstour?&#8220; tab_id=&#8220;1494858449090-9df3c87b-5676&#8243;][vc_column_text]<strong>Buchen Sie online<\/strong><br \/>\nSie k\u00f6nnen Ihre Walbeobachtungstour \u00fcber unsere Homepage buchen.<\/p>\n<p><strong>Buchen Sie per Telefon<\/strong><br \/>\nZ\u00f6gern Sie nicht, unsere Servicenummer unter +354 464 7272 anzurufen und wir helfen Ihnen gerne weiter<\/p>\n<p><strong>Schicken Sie uns eine E-Mail<\/strong><br \/>\nSie k\u00f6nnen unseren Mitarbeitern im Ticketb\u00fcro eine E-Mail schicken und wir unterst\u00fctzen Sie dabei, Ihre Walbeobachtungstour zu buchen.[\/vc_column_text][\/vc_tta_section][vc_tta_section title=&#8220;Kann ich sicher sein, dass ich Wale sehen werde?&#8220; tab_id=&#8220;1495105504906-9c29e3db-cc2f&#8220;][vc_column_text]Wale sind frei lebende Tiere und daher ist es niemals m\u00f6glich zu garantieren, dass auf allen Touren Wale gesehen werden. Wir k\u00f6nnen allerdings versichern, dass die Wahrscheinlichkeit, auf unseren Touren Wale zu sehen, au\u00dferordentlich hoch ist! Falls der unwahrscheinliche Fall eintritt, dass auf Ihrer Tour keine Wale gesehen werden, bieten wir Ihnen eine weitere kostenlose Tour an.[\/vc_column_text][\/vc_tta_section][vc_tta_section title=&#8220;Welche Walarten kann ich erwarten zu sehen?&#8220; tab_id=&#8220;1495105797314-8741d5d9-c903&#8243;][vc_column_text]<span style=\"font-weight: 400;\">Eine der sch\u00f6nsten Dinge bei der Walbeobachtung ist die Tatsache, dass niemals zwei Touren gleich sind und dass man niemals mit Sicherheit voraussagen kann, welche Walarten auf der n\u00e4chsten Tour gesichtet werden. Im Laufe der Jahre ist der <a href=\"https:\/\/www.northsailing.is\/whales-and-birds\/whales-of-skjalfandi-bay\/humpback-whale\/\">Buckelwal<\/a> der am h\u00e4ufigsten anzutreffende Besucher in der Skj\u00e1lfandi-Bucht gewesen, gemeinsam mit dem <a href=\"https:\/\/www.northsailing.is\/whales-and-birds\/whales-of-skjalfandi-bay\/minke-whale\/\">Zwergwal<\/a>, dem <a href=\"https:\/\/www.northsailing.is\/whales-and-birds\/whales-of-skjalfandi-bay\/white-beaked-dolphin\/\">Wei\u00dfschnauzendelfin<\/a> und dem <a href=\"https:\/\/www.northsailing.is\/whales-and-birds\/whales-of-skjalfandi-bay\/harbour-porpoise\/\">Schweinswal<\/a>. <a href=\"https:\/\/www.northsailing.is\/whales-and-birds\/whales-of-skjalfandi-bay\/blue-whale\/\">Blauwale<\/a>, die gr\u00f6\u00dften Tiere der Welt, sind mit einer gewissen Regelm\u00e4\u00dfigkeit im Fr\u00fchjahr und Fr\u00fchsommer zu sehen, und die Skj\u00e1lfandi-Bucht ist einer der wenigen Orte auf der Welt, an denen Blauwale regelm\u00e4\u00dfig anzutreffen sind.<\/span>[\/vc_column_text][\/vc_tta_section][vc_tta_section title=&#8220;Werde ich Papageitaucher sehen?&#8220; tab_id=&#8220;1495105851884-5d55921a-795b&#8220;][vc_column_text]<span style=\"font-weight: 400;\">Vom 15.April bis zum 20.August bieten wir Touren zur Wal- und Papageitaucherbeobachtung an, und zu dieser Zeit k\u00f6nnen bis zu 100.000 <a href=\"https:\/\/www.northsailing.is\/whales-and-birds\/birds-of-skjalfandi-bay\/puffin\/\">Papageitaucher<\/a> auf der Insel Lundey beobachtet werden, die sich mitten in der Skj\u00e1lfandi-Bucht befindet.<\/span>[\/vc_column_text][\/vc_tta_section][vc_tta_section title=&#8220;Wie lang sind die Walbeobachtungstouren?&#8220; tab_id=&#8220;1495105899534-fbb138d8-9df6&#8243;][vc_column_text]<span style=\"font-weight: 400;\">Alle unsere Tagestouren sind etwa 3 Stunden lang, mit Ausnahme der Touren zur Wal- und Papageitaucherbeobachtung. Diese Touren sind etwa 30 Minuten l\u00e4nger, da wir hier auch die Insel Lundey besuchen.<\/span>[\/vc_column_text][\/vc_tta_section][vc_tta_section title=&#8220;Was kostet eine Walbeobachtungstour?&#8220; tab_id=&#8220;1495105938106-cce2abc3-0fae&#8220;][vc_column_text]<span style=\"font-weight: 400;\">Wir empfehlen Ihnen, sich einen \u00dcberblick \u00fcber unsere Touren und Preise <a href=\"https:\/\/www.northsailing.is\/de\/walbeobachtungstouren\/\">hier<\/a> zu verschaffen.<\/span>[\/vc_column_text][\/vc_tta_section][vc_tta_section title=&#8220;Was passiert bei schlechtem Wetter?&#8220; tab_id=&#8220;1495105980489-2b1ec71b-cc00&#8243;][vc_column_text]<span style=\"font-weight: 400;\">Die Sicherheit der Passagiere und Besatzung steht bei uns immer im Vordergrund. Unsere Kapit\u00e4ne und andere Besatzungsmitglieder verf\u00fcgen \u00fcber jahrelange Erfahrung auf dem Meer in der Region. Wir verlassen uns auf ihr Urteil, wenn darum geht, das Wetter und die Bedingungen auf dem Meer einzusch\u00e4tzen, aber es kann vorkommen, dass wir die Touren wegen zu schlechtem Wetter leider absagen m\u00fcssen.<\/span><\/p>\n<p>&nbsp;<\/p>\n<p><span style=\"font-weight: 400;\">Falls Sie aus etwas gr\u00f6\u00dferer Entfernung anreisen, empfehlen wir unbedingt, unser Ticketb\u00fcro anzurufen unter der Telefonnummer +354 464 7272, um Informationen \u00fcber das Wetter und die Bedingungen auf dem Meer zu bekommen.<\/span>[\/vc_column_text][\/vc_tta_section][vc_tta_section title=&#8220;Was passiert, wenn meine Walbeobachtungstour abgesagt wird?&#8220; tab_id=&#8220;1495106029465-34506b3d-3c29&#8243;][vc_column_text]<span style=\"font-weight: 400;\">Falls Ihr Walbeobachtungstour abgesagt werden muss, versuchen wir unser Bestes, Sie auf die n\u00e4chstm\u00f6gliche Tour zu buchen. Kontaktieren Sie unsere Mitarbeiter im Ticketb\u00fcro und wir werden Sie bestm\u00f6glich unterst\u00fctzen.<\/span>[\/vc_column_text][\/vc_tta_section][vc_tta_section title=&#8220;Wann ist die beste Zeit zur Walbeobachtung?&#8220; tab_id=&#8220;1495106058959-4c027e71-46f2&#8243;][vc_column_text]<\/p>\n<p class=\"p1\"><span style=\"font-weight: 400;\">Es gibt keine bestimmte Tageszeit, die sich am Besten zur Walbeobachtung eignen w\u00fcrde. Letztendlich ist es einfach eine Frage des Gl\u00fccks. Im letzten Sommer wurden Wale auf 98,6% unserer Touren gesichtet, die Wahrscheinlichkeit ist also sehr gro\u00df.<\/span><\/p>\n<p>[\/vc_column_text][\/vc_tta_section][vc_tta_section title=&#8220;Was ziehe ich am Besten an?&#8220; tab_id=&#8220;1495106115909-695ba20a-e219&#8243;][vc_column_text]<span style=\"font-weight: 400;\">Warme Kleidung ist eine Faustregel, wenn man aufs Meer hinaus f\u00e4hrt. Wir empfehlen Ihnen, sich je nach Wetter anzuziehen und eine M\u00fctze und Handschuhe mitzunehmen. Auf unseren Touren werden au\u00dferdem warme und gute Overalls angeboten.<\/span>[\/vc_column_text][\/vc_tta_section][vc_tta_section title=&#8220;Werden Touren nach Gr\u00edmsey angeboten?&#8220; tab_id=&#8220;1495106177812-cbadd62e-d191&#8243;][vc_column_text]<span style=\"font-weight: 400;\">Ja, w\u00e4hrend des Sommers kann eine <a href=\"https:\/\/www.northsailing.is\/tour\/arctic-circle-tour-iceland\/\">3-t\u00e4gige Tour<\/a> gebucht werden, auf der auch Gr\u00edmsey besucht wird. Au\u00dferdem k\u00f6nnen je nach Wunsch auch Sonderfahrten nach Gr\u00edmsey arrangiert werden.<\/span>[\/vc_column_text][\/vc_tta_section][vc_tta_section title=&#8220;Sind kleine Kinder an Bord willkommen?&#8220; tab_id=&#8220;1495106321512-8272c01c-d5ce&#8220;][vc_column_text]<span style=\"font-weight: 400;\">Ja, jeder Passagier, ob jung oder alt, ist willkommen an Bord der Boote von North Sailing. Kinderwagen und Babytragen sind erlaubt und wir empfehlen warme Kleidung. Unsere kleinsten Overalls sind in den Gr\u00f6\u00dfen 110-116 f\u00fcr 4-6 Jahre alte Kinder.<\/span>[\/vc_column_text][\/vc_tta_section][vc_tta_section title=&#8220;Werden an Bord Erfrischungen verkauft?&#8220; tab_id=&#8220;1495106397692-a8cf606f-f43d&#8220;][vc_column_text]<span style=\"font-weight: 400;\">Nein, es werden keine Erfrischungen an Bord verkauft, allerdings bieten wir allen Passagieren auf dem R\u00fcckweg nach H\u00fasav\u00edk eine hei\u00dfe Schokolade und Zimtschnecken an. Gerne k\u00f6nnen Sie auch Ihre eigene Verpflegung mit an Bord bringen.<\/span>[\/vc_column_text][\/vc_tta_section][vc_tta_section title=&#8220;Ist es erlaubt, an Bord zu rauchen?&#8220; tab_id=&#8220;1495106423677-86497604-5636&#8243;][vc_column_text]<span style=\"font-weight: 400;\">Nein, wir m\u00f6chten unsere Passagiere herzlich bitten, an Bord nicht zu rauchen.<\/span>[\/vc_column_text][\/vc_tta_section][\/vc_tta_accordion][\/vc_column][\/vc_row][vc_row][vc_column][vc_column_text]<br \/>\n[\/vc_column_text][\/vc_column][\/vc_row][vc_row margin_top=&#8220;50px&#8220;][vc_column][vc_column_text]<\/p>\n<h2><strong>Ben\u00f6tigen Sie noch weitere Hilfe?<\/strong><\/h2>\n<p><span style=\"font-weight: 400;\">Sollten sie die Antworten auf Ihre Fragen hier nicht finden, z\u00f6gern Sie nicht, uns zu kontaktieren und wir werden schnellstm\u00f6glich versuchen, Ihnen zu helfen.<\/span>[\/vc_column_text]<div role=\"form\" class=\"wpcf7\" id=\"wpcf7-f8807-o1\" lang=\"de-DE\" dir=\"ltr\">\n<div class=\"screen-reader-response\"><p role=\"status\" aria-live=\"polite\" aria-atomic=\"true\"><\/p> <ul><\/ul><\/div>\n<form action=\"\/de\/wp-json\/wp\/v2\/pages\/8808#wpcf7-f8807-o1\" method=\"post\" class=\"wpcf7-form init\" novalidate=\"novalidate\" data-status=\"init\">\n<div style=\"display: none;\">\n<input type=\"hidden\" name=\"_wpcf7\" value=\"8807\" \/>\n<input type=\"hidden\" name=\"_wpcf7_version\" value=\"5.6.4\" \/>\n<input type=\"hidden\" name=\"_wpcf7_locale\" value=\"de_DE\" \/>\n<input type=\"hidden\" name=\"_wpcf7_unit_tag\" value=\"wpcf7-f8807-o1\" \/>\n<input type=\"hidden\" name=\"_wpcf7_container_post\" value=\"0\" \/>\n<input type=\"hidden\" name=\"_wpcf7_posted_data_hash\" value=\"\" \/>\n<input type=\"hidden\" name=\"_wpcf7_recaptcha_response\" value=\"\" \/>\n<\/div>\n<p><label> Name (muss ausgef\u00fcllt werden)<br \/>\n    <span class=\"wpcf7-form-control-wrap\" data-name=\"your-name\"><input type=\"text\" name=\"your-name\" value=\"\" size=\"40\" class=\"wpcf7-form-control wpcf7-text wpcf7-validates-as-required\" aria-required=\"true\" aria-invalid=\"false\" \/><\/span> <\/label><\/p>\n<p><label> E-Mail-Adresse (muss ausgef\u00fcllt werden)<br \/>\n    <span class=\"wpcf7-form-control-wrap\" data-name=\"your-email\"><input type=\"email\" name=\"your-email\" value=\"\" size=\"40\" class=\"wpcf7-form-control wpcf7-text wpcf7-email wpcf7-validates-as-required wpcf7-validates-as-email\" aria-required=\"true\" aria-invalid=\"false\" \/><\/span> <\/label><\/p>\n<p><label> Betreff<br \/>\n    <span class=\"wpcf7-form-control-wrap\" data-name=\"your-subject\"><input type=\"text\" name=\"your-subject\" value=\"\" size=\"40\" class=\"wpcf7-form-control wpcf7-text\" aria-invalid=\"false\" \/><\/span> <\/label><\/p>\n<p><label> Nachricht<br \/>\n    <span class=\"wpcf7-form-control-wrap\" data-name=\"your-message\"><textarea name=\"your-message\" cols=\"40\" rows=\"10\" class=\"wpcf7-form-control wpcf7-textarea\" aria-invalid=\"false\"><\/textarea><\/span> <\/label><br \/>\n<input type=\"submit\" value=\"Senden\" class=\"wpcf7-form-control has-spinner wpcf7-submit\" \/><\/p>\n<div class=\"wpcf7-response-output\" aria-hidden=\"true\"><\/div><\/form><\/div>[vc_column_text]<\/p>\n<div class=\"contact-sub\">This site is protected by reCAPTCHA and the Google <a href=\"https:\/\/policies.google.com\/privacy\">Privacy Policy<\/a> and <a href=\"https:\/\/policies.google.com\/terms\">Terms of Service<\/a> apply.<\/div>\n<p>[\/vc_column_text][\/vc_column][\/vc_row]<\/p>\n<\/section>","protected":false},"excerpt":{"rendered":"<p>[vc_row][vc_column][vc_column_text] H\u00e4ufige Fragen zum Thema Walbeobachtung [\/vc_column_text][vc_tta_accordion gap=&#8220;10&#8243; active_section=&#8220;0&#8243; collapsible_all=&#8220;true&#8220;][vc_tta_section title=&#8220;Muss ich im Voraus buchen?&#8220; tab_id=&#8220;1494858449044-17926dc8-eadc&#8220;][vc_column_text]Obwohl wir empfehlen, unsere Touren einige Tage im Voraus zu buchen, ist die Wahrscheinlichkeit trotzdem gro\u00df, dass wir auch kurz vor Abfahrt noch Platz f\u00fcr Sie haben. Schauen Sie sich das Angebot auf unserer Homepage an oder kontaktieren Sie uns&hellip;<\/p>\n","protected":false},"author":1,"featured_media":0,"parent":0,"menu_order":0,"comment_status":"closed","ping_status":"closed","template":"","meta":{"footnotes":""},"class_list":["post-8808","page","type-page","status-publish","hentry","description-off"],"yoast_head":"<!-- This site is optimized with the Yoast SEO Premium plugin v19.5 (Yoast SEO v19.11) - https:\/\/yoast.com\/wordpress\/plugins\/seo\/ -->\n<title>H\u00e4ufige Fragen zum Thema Walbeobachtung<\/title>\n<meta name=\"description\" content=\"Alles, was Sie schon immer wissen wollten \u00fcber die Walbeobachtungstouren mit North Sailing ab H\u00fasav\u00edk Island.\" \/>\n<meta name=\"robots\" content=\"index, follow, max-snippet:-1, max-image-preview:large, max-video-preview:-1\" \/>\n<link rel=\"canonical\" href=\"https:\/\/www.northsailing.is\/de\/haeufige-fragen-walbeobachtung\/\" \/>\n<meta property=\"og:locale\" content=\"de_DE\" \/>\n<meta property=\"og:type\" content=\"article\" \/>\n<meta property=\"og:title\" content=\"H\u00e4ufige Fragen zum Thema Walbeobachtung\" \/>\n<meta property=\"og:description\" content=\"Alles, was Sie schon immer wissen wollten \u00fcber die Walbeobachtungstouren mit North Sailing ab H\u00fasav\u00edk Island.\" \/>\n<meta property=\"og:url\" content=\"https:\/\/www.northsailing.is\/de\/haeufige-fragen-walbeobachtung\/\" \/>\n<meta property=\"og:site_name\" content=\"North Sailing\" \/>\n<meta property=\"article:publisher\" content=\"https:\/\/www.facebook.com\/whalewatchingiceland\/\" \/>\n<meta property=\"article:modified_time\" content=\"2022-01-06T15:52:58+00:00\" \/>\n<meta name=\"twitter:card\" content=\"summary_large_image\" \/>\n<meta name=\"twitter:site\" content=\"@northsailing\" \/>\n<meta name=\"twitter:label1\" content=\"Gesch\u00e4tzte Lesezeit\" \/>\n\t<meta name=\"twitter:data1\" content=\"4 Minuten\" \/>\n<script type=\"application\/ld+json\" class=\"yoast-schema-graph\">{\"@context\":\"https:\/\/schema.org\",\"@graph\":[{\"@type\":\"WebPage\",\"@id\":\"https:\/\/www.northsailing.is\/de\/haeufige-fragen-walbeobachtung\/\",\"url\":\"https:\/\/www.northsailing.is\/de\/haeufige-fragen-walbeobachtung\/\",\"name\":\"H\u00e4ufige Fragen zum Thema Walbeobachtung\",\"isPartOf\":{\"@id\":\"https:\/\/www.northsailing.is\/de\/#website\"},\"datePublished\":\"2017-05-03T09:46:40+00:00\",\"dateModified\":\"2022-01-06T15:52:58+00:00\",\"description\":\"Alles, was Sie schon immer wissen wollten \u00fcber die Walbeobachtungstouren mit North Sailing ab H\u00fasav\u00edk Island.\",\"breadcrumb\":{\"@id\":\"https:\/\/www.northsailing.is\/de\/haeufige-fragen-walbeobachtung\/#breadcrumb\"},\"inLanguage\":\"de-DE\",\"potentialAction\":[{\"@type\":\"ReadAction\",\"target\":[\"https:\/\/www.northsailing.is\/de\/haeufige-fragen-walbeobachtung\/\"]}]},{\"@type\":\"BreadcrumbList\",\"@id\":\"https:\/\/www.northsailing.is\/de\/haeufige-fragen-walbeobachtung\/#breadcrumb\",\"itemListElement\":[{\"@type\":\"ListItem\",\"position\":1,\"name\":\"Home\",\"item\":\"https:\/\/www.northsailing.is\/de\/\"},{\"@type\":\"ListItem\",\"position\":2,\"name\":\"H\u00e4ufige Fragen zum Thema Walbeobachtung\"}]},{\"@type\":\"WebSite\",\"@id\":\"https:\/\/www.northsailing.is\/de\/#website\",\"url\":\"https:\/\/www.northsailing.is\/de\/\",\"name\":\"North Sailing\",\"description\":\"Whale Watching Tours from Husavik Iceland\",\"publisher\":{\"@id\":\"https:\/\/www.northsailing.is\/de\/#organization\"},\"potentialAction\":[{\"@type\":\"SearchAction\",\"target\":{\"@type\":\"EntryPoint\",\"urlTemplate\":\"https:\/\/www.northsailing.is\/de\/?s={search_term_string}\"},\"query-input\":\"required name=search_term_string\"}],\"inLanguage\":\"de-DE\"},{\"@type\":\"Organization\",\"@id\":\"https:\/\/www.northsailing.is\/de\/#organization\",\"name\":\"North Sailing\",\"url\":\"https:\/\/www.northsailing.is\/de\/\",\"logo\":{\"@type\":\"ImageObject\",\"inLanguage\":\"de-DE\",\"@id\":\"https:\/\/www.northsailing.is\/de\/#\/schema\/logo\/image\/\",\"url\":\"https:\/\/www.northsailing.is\/wp-content\/uploads\/2017\/05\/north-sailing-logo-retina.png\",\"contentUrl\":\"https:\/\/www.northsailing.is\/wp-content\/uploads\/2017\/05\/north-sailing-logo-retina.png\",\"width\":446,\"height\":106,\"caption\":\"North Sailing\"},\"image\":{\"@id\":\"https:\/\/www.northsailing.is\/de\/#\/schema\/logo\/image\/\"},\"sameAs\":[\"https:\/\/www.instagram.com\/northsailing\/\",\"https:\/\/www.youtube.com\/user\/northsailing\/\",\"https:\/\/www.facebook.com\/whalewatchingiceland\/\",\"https:\/\/twitter.com\/northsailing\"]}]}<\/script>\n<!-- \/ Yoast SEO Premium plugin. -->","yoast_head_json":{"title":"H\u00e4ufige Fragen zum Thema Walbeobachtung","description":"Alles, was Sie schon immer wissen wollten \u00fcber die Walbeobachtungstouren mit North Sailing ab H\u00fasav\u00edk Island.","robots":{"index":"index","follow":"follow","max-snippet":"max-snippet:-1","max-image-preview":"max-image-preview:large","max-video-preview":"max-video-preview:-1"},"canonical":"https:\/\/www.northsailing.is\/de\/haeufige-fragen-walbeobachtung\/","og_locale":"de_DE","og_type":"article","og_title":"H\u00e4ufige Fragen zum Thema Walbeobachtung","og_description":"Alles, was Sie schon immer wissen wollten \u00fcber die Walbeobachtungstouren mit North Sailing ab H\u00fasav\u00edk Island.","og_url":"https:\/\/www.northsailing.is\/de\/haeufige-fragen-walbeobachtung\/","og_site_name":"North Sailing","article_publisher":"https:\/\/www.facebook.com\/whalewatchingiceland\/","article_modified_time":"2022-01-06T15:52:58+00:00","twitter_card":"summary_large_image","twitter_site":"@northsailing","twitter_misc":{"Gesch\u00e4tzte Lesezeit":"4 Minuten"},"schema":{"@context":"https:\/\/schema.org","@graph":[{"@type":"WebPage","@id":"https:\/\/www.northsailing.is\/de\/haeufige-fragen-walbeobachtung\/","url":"https:\/\/www.northsailing.is\/de\/haeufige-fragen-walbeobachtung\/","name":"H\u00e4ufige Fragen zum Thema Walbeobachtung","isPartOf":{"@id":"https:\/\/www.northsailing.is\/de\/#website"},"datePublished":"2017-05-03T09:46:40+00:00","dateModified":"2022-01-06T15:52:58+00:00","description":"Alles, was Sie schon immer wissen wollten \u00fcber die Walbeobachtungstouren mit North Sailing ab H\u00fasav\u00edk Island.","breadcrumb":{"@id":"https:\/\/www.northsailing.is\/de\/haeufige-fragen-walbeobachtung\/#breadcrumb"},"inLanguage":"de-DE","potentialAction":[{"@type":"ReadAction","target":["https:\/\/www.northsailing.is\/de\/haeufige-fragen-walbeobachtung\/"]}]},{"@type":"BreadcrumbList","@id":"https:\/\/www.northsailing.is\/de\/haeufige-fragen-walbeobachtung\/#breadcrumb","itemListElement":[{"@type":"ListItem","position":1,"name":"Home","item":"https:\/\/www.northsailing.is\/de\/"},{"@type":"ListItem","position":2,"name":"H\u00e4ufige Fragen zum Thema Walbeobachtung"}]},{"@type":"WebSite","@id":"https:\/\/www.northsailing.is\/de\/#website","url":"https:\/\/www.northsailing.is\/de\/","name":"North Sailing","description":"Whale Watching Tours from Husavik Iceland","publisher":{"@id":"https:\/\/www.northsailing.is\/de\/#organization"},"potentialAction":[{"@type":"SearchAction","target":{"@type":"EntryPoint","urlTemplate":"https:\/\/www.northsailing.is\/de\/?s={search_term_string}"},"query-input":"required name=search_term_string"}],"inLanguage":"de-DE"},{"@type":"Organization","@id":"https:\/\/www.northsailing.is\/de\/#organization","name":"North Sailing","url":"https:\/\/www.northsailing.is\/de\/","logo":{"@type":"ImageObject","inLanguage":"de-DE","@id":"https:\/\/www.northsailing.is\/de\/#\/schema\/logo\/image\/","url":"https:\/\/www.northsailing.is\/wp-content\/uploads\/2017\/05\/north-sailing-logo-retina.png","contentUrl":"https:\/\/www.northsailing.is\/wp-content\/uploads\/2017\/05\/north-sailing-logo-retina.png","width":446,"height":106,"caption":"North Sailing"},"image":{"@id":"https:\/\/www.northsailing.is\/de\/#\/schema\/logo\/image\/"},"sameAs":["https:\/\/www.instagram.com\/northsailing\/","https:\/\/www.youtube.com\/user\/northsailing\/","https:\/\/www.facebook.com\/whalewatchingiceland\/","https:\/\/twitter.com\/northsailing"]}]}},"_links":{"self":[{"href":"https:\/\/www.northsailing.is\/de\/wp-json\/wp\/v2\/pages\/8808","targetHints":{"allow":["GET"]}}],"collection":[{"href":"https:\/\/www.northsailing.is\/de\/wp-json\/wp\/v2\/pages"}],"about":[{"href":"https:\/\/www.northsailing.is\/de\/wp-json\/wp\/v2\/types\/page"}],"author":[{"embeddable":true,"href":"https:\/\/www.northsailing.is\/de\/wp-json\/wp\/v2\/users\/1"}],"replies":[{"embeddable":true,"href":"https:\/\/www.northsailing.is\/de\/wp-json\/wp\/v2\/comments?post=8808"}],"version-history":[{"count":0,"href":"https:\/\/www.northsailing.is\/de\/wp-json\/wp\/v2\/pages\/8808\/revisions"}],"wp:attachment":[{"href":"https:\/\/www.northsailing.is\/de\/wp-json\/wp\/v2\/media?parent=8808"}],"curies":[{"name":"wp","href":"https:\/\/api.w.org\/{rel}","templated":true}]}}