{"id":8817,"date":"2017-05-03T09:31:01","date_gmt":"2017-05-03T09:31:01","guid":{"rendered":"https:\/\/www.northsailing.is\/book-a-tour\/"},"modified":"2022-03-15T15:16:14","modified_gmt":"2022-03-15T15:16:14","slug":"tour-buchen","status":"publish","type":"page","link":"https:\/\/www.northsailing.is\/de\/tour-buchen\/","title":{"rendered":"Tour buchen"},"content":{"rendered":"<section class=\"wpb-content-wrapper\"><p>[vc_row margin_top=&#8220;60&#8243;][vc_column][vc_column_text]<\/p>\n<h1 style=\"text-align: center;\">Tour buchen<\/h1>\n<p style=\"text-align: center;\"><span style=\"font-weight: 400;\">Hier k\u00f6nnen Sie Ihre Walbeobachtungstour mit North Sailing buchen.<\/span><\/p>\n<p style=\"text-align: center;\"><span style=\"font-weight: 400;\">Eine \u00dcbersicht aller verf\u00fcgbaren Touren k\u00f6nnen Sie <a href=\"https:\/\/www.northsailing.is\/de\/walbeobachtungstouren\/\">hier sehen<\/a>, und au\u00dferdem k\u00f6nnen Sie unseren Fahrplan mit t\u00e4glichen Abfahrten <a href=\"https:\/\/www.northsailing.is\/de\/walbeobachtung-fahrplan\/\">hier sehen<\/a>.<\/span><\/p>\n<p style=\"text-align: center;\"><span style=\"font-weight: 400;\">Bitte lesen Sie vor der Buchung unsere <a href=\"https:\/\/www.northsailing.is\/terms-and-conditions\/\">Allgemeinen Gesch\u00e4ftsbedingungen<\/a>.<\/span><\/p>\n<p>[\/vc_column_text][\/vc_column][\/vc_row][vc_row margin_top=&#8220;25&#8243; margin_bottom=&#8220;35&#8243;][vc_column width=&#8220;1\/3&#8243;]<div class=\"ult-just-icon-wrapper  \"><div class=\"align-icon\" style=\"text-align:center;\">\n<div class=\"aio-icon circle \"  style=\"color:#404040;background:#f6fae9;font-size:32px;display:inline-block;\">\n\t<i class=\"fas fa-check\"><\/i>\n<\/div><\/div><\/div>[vc_column_text]<\/p>\n<h4 style=\"text-align: center; margin-top: 25px;\"><strong>Kostenlose Stornierung<\/strong><\/h4>\n<p style=\"text-align: center; font-size: 15px; line-height: 25px;\">Volle R\u00fcckerstattung, wenn Sie bis zu 24 Stunden im Voraus stornieren<\/p>\n<p>[\/vc_column_text][\/vc_column][vc_column width=&#8220;1\/3&#8243;]<div class=\"ult-just-icon-wrapper  \"><div class=\"align-icon\" style=\"text-align:center;\">\n<div class=\"aio-icon circle \"  style=\"color:#404040;background:#f6fae9;font-size:32px;display:inline-block;\">\n\t<i class=\"dt-icon-the7-refresh-07\"><\/i>\n<\/div><\/div><\/div>[vc_column_text]<\/p>\n<h4 style=\"text-align: center; margin-top: 25px;\"><strong>Flexibilit\u00e4t<\/strong><\/h4>\n<p style=\"text-align: center; font-size: 15px; line-height: 25px;\">Wir helfen Ihnen bei der \u00c4nderung und Aktualisierung Ihrer Buchung<\/p>\n<p>[\/vc_column_text][\/vc_column][vc_column width=&#8220;1\/3&#8243;]<div class=\"ult-just-icon-wrapper  \"><div class=\"align-icon\" style=\"text-align:center;\">\n<div class=\"aio-icon circle \"  style=\"color:#404040;background:#f6fae9;font-size:32px;display:inline-block;\">\n\t<i class=\"icomoon-the7-font-the7-clock-01\"><\/i>\n<\/div><\/div><\/div>[vc_column_text]<\/p>\n<h4 style=\"text-align: center; margin-top: 25px;\"><strong>Sp\u00e4ter bezahlen<\/strong><\/h4>\n<p style=\"text-align: center; font-size: 15px; line-height: 25px;\">Buchen Sie jetzt und bezahlen Sie bei uns vor Ort<\/p>\n<p>[\/vc_column_text][\/vc_column][\/vc_row][vc_row][vc_column][vc_column_text]<\/p>\n<h2><strong>W\u00e4hlen Sie Ihre Tour, Datum und Abfahrtszeit:<\/strong><\/h2>\n<p>[\/vc_column_text][vc_column_text]<\/p>\n<div id=\"bokun-w7306_0c46cf3c_a9c3_4129_a5ad_8aecef1a22b1\">Loading&#8230;<\/div>\n<p><script type=\"text\/javascript\">\nvar w7306_0c46cf3c_a9c3_4129_a5ad_8aecef1a22b1;\n(function(d, t) {\n  var host = 'widgets.bokun.io';\n  var frameUrl = 'https:\/\/' + host + '\/widgets\/7306?bookingChannelUUID=49f31dcb-e460-49f6-8fb1-737aaee79e7f&amp;lang=de&amp;ccy=ISK&amp;hash=w7306_0c46cf3c_a9c3_4129_a5ad_8aecef1a22b1';\n  var s = d.createElement(t), options = {'host': host, 'frameUrl': frameUrl, 'widgetHash':'w7306_0c46cf3c_a9c3_4129_a5ad_8aecef1a22b1', 'autoResize':true,'height':'','width':'100%', 'minHeight': 0,'async':true, 'ssl':true, 'affiliateTrackingCode': '', 'transientSession': true, 'cookieLifetime': 43200 };\n  s.src = 'https:\/\/' + host + '\/assets\/javascripts\/widgets\/embedder.js';\n  s.onload = s.onreadystatechange = function() {\n    var rs = this.readyState; if (rs) if (rs != 'complete') if (rs != 'loaded') return;\n    try {\n      w7306_0c46cf3c_a9c3_4129_a5ad_8aecef1a22b1 = new BokunWidgetEmbedder(); w7306_0c46cf3c_a9c3_4129_a5ad_8aecef1a22b1.initialize(options); w7306_0c46cf3c_a9c3_4129_a5ad_8aecef1a22b1.display();\n    } catch (e) {}\n  };\n  var scr = d.getElementsByTagName(t)[0], par = scr.parentNode; par.insertBefore(s, scr);\n})(document, 'script');\n<\/script>[\/vc_column_text][\/vc_column][\/vc_row]<\/p>\n<\/section>","protected":false},"excerpt":{"rendered":"<p>[vc_row margin_top=&#8220;60&#8243;][vc_column][vc_column_text] Tour buchen Hier k\u00f6nnen Sie Ihre Walbeobachtungstour mit North Sailing buchen. Eine \u00dcbersicht aller verf\u00fcgbaren Touren k\u00f6nnen Sie hier sehen, und au\u00dferdem k\u00f6nnen Sie unseren Fahrplan mit t\u00e4glichen Abfahrten hier sehen. Bitte lesen Sie vor der Buchung unsere Allgemeinen Gesch\u00e4ftsbedingungen. [\/vc_column_text][\/vc_column][\/vc_row][vc_row margin_top=&#8220;25&#8243; margin_bottom=&#8220;35&#8243;][vc_column width=&#8220;1\/3&#8243;][vc_column_text] Kostenlose Stornierung Volle R\u00fcckerstattung, wenn Sie bis zu 24&hellip;<\/p>\n","protected":false},"author":1,"featured_media":0,"parent":0,"menu_order":0,"comment_status":"closed","ping_status":"closed","template":"","meta":{"footnotes":""},"class_list":["post-8817","page","type-page","status-publish","hentry","description-off"],"yoast_head":"<!-- This site is optimized with the Yoast SEO Premium plugin v19.5 (Yoast SEO v19.11) - https:\/\/yoast.com\/wordpress\/plugins\/seo\/ -->\n<title>Tour buchen<\/title>\n<meta name=\"description\" content=\"Willkommen an Bord zu einer einzigartigen Walbeobachtungstour mit North Sailing ab H\u00fasav\u00edk, der Hauptstadt der Wale auf Island.\" \/>\n<meta name=\"robots\" content=\"index, follow, max-snippet:-1, max-image-preview:large, max-video-preview:-1\" \/>\n<link rel=\"canonical\" href=\"https:\/\/www.northsailing.is\/de\/tour-buchen\/\" \/>\n<meta property=\"og:locale\" content=\"de_DE\" \/>\n<meta property=\"og:type\" content=\"article\" \/>\n<meta property=\"og:title\" content=\"Tour buchen\" \/>\n<meta property=\"og:description\" content=\"Willkommen an Bord zu einer einzigartigen Walbeobachtungstour mit North Sailing ab H\u00fasav\u00edk, der Hauptstadt der Wale auf Island.\" \/>\n<meta property=\"og:url\" content=\"https:\/\/www.northsailing.is\/de\/tour-buchen\/\" \/>\n<meta property=\"og:site_name\" content=\"North Sailing\" \/>\n<meta property=\"article:publisher\" content=\"https:\/\/www.facebook.com\/whalewatchingiceland\/\" \/>\n<meta property=\"article:modified_time\" content=\"2022-03-15T15:16:14+00:00\" \/>\n<meta name=\"twitter:card\" content=\"summary_large_image\" \/>\n<meta name=\"twitter:site\" content=\"@northsailing\" \/>\n<meta name=\"twitter:label1\" content=\"Gesch\u00e4tzte Lesezeit\" \/>\n\t<meta name=\"twitter:data1\" content=\"1 Minute\" \/>\n<script type=\"application\/ld+json\" class=\"yoast-schema-graph\">{\"@context\":\"https:\/\/schema.org\",\"@graph\":[{\"@type\":\"WebPage\",\"@id\":\"https:\/\/www.northsailing.is\/de\/tour-buchen\/\",\"url\":\"https:\/\/www.northsailing.is\/de\/tour-buchen\/\",\"name\":\"Tour buchen\",\"isPartOf\":{\"@id\":\"https:\/\/www.northsailing.is\/de\/#website\"},\"datePublished\":\"2017-05-03T09:31:01+00:00\",\"dateModified\":\"2022-03-15T15:16:14+00:00\",\"description\":\"Willkommen an Bord zu einer einzigartigen Walbeobachtungstour mit North Sailing ab H\u00fasav\u00edk, der Hauptstadt der Wale auf Island.\",\"breadcrumb\":{\"@id\":\"https:\/\/www.northsailing.is\/de\/tour-buchen\/#breadcrumb\"},\"inLanguage\":\"de-DE\",\"potentialAction\":[{\"@type\":\"ReadAction\",\"target\":[\"https:\/\/www.northsailing.is\/de\/tour-buchen\/\"]}]},{\"@type\":\"BreadcrumbList\",\"@id\":\"https:\/\/www.northsailing.is\/de\/tour-buchen\/#breadcrumb\",\"itemListElement\":[{\"@type\":\"ListItem\",\"position\":1,\"name\":\"Home\",\"item\":\"https:\/\/www.northsailing.is\/de\/\"},{\"@type\":\"ListItem\",\"position\":2,\"name\":\"Tour buchen\"}]},{\"@type\":\"WebSite\",\"@id\":\"https:\/\/www.northsailing.is\/de\/#website\",\"url\":\"https:\/\/www.northsailing.is\/de\/\",\"name\":\"North Sailing\",\"description\":\"Whale Watching Tours from Husavik Iceland\",\"publisher\":{\"@id\":\"https:\/\/www.northsailing.is\/de\/#organization\"},\"potentialAction\":[{\"@type\":\"SearchAction\",\"target\":{\"@type\":\"EntryPoint\",\"urlTemplate\":\"https:\/\/www.northsailing.is\/de\/?s={search_term_string}\"},\"query-input\":\"required name=search_term_string\"}],\"inLanguage\":\"de-DE\"},{\"@type\":\"Organization\",\"@id\":\"https:\/\/www.northsailing.is\/de\/#organization\",\"name\":\"North Sailing\",\"url\":\"https:\/\/www.northsailing.is\/de\/\",\"logo\":{\"@type\":\"ImageObject\",\"inLanguage\":\"de-DE\",\"@id\":\"https:\/\/www.northsailing.is\/de\/#\/schema\/logo\/image\/\",\"url\":\"https:\/\/www.northsailing.is\/wp-content\/uploads\/2017\/05\/north-sailing-logo-retina.png\",\"contentUrl\":\"https:\/\/www.northsailing.is\/wp-content\/uploads\/2017\/05\/north-sailing-logo-retina.png\",\"width\":446,\"height\":106,\"caption\":\"North Sailing\"},\"image\":{\"@id\":\"https:\/\/www.northsailing.is\/de\/#\/schema\/logo\/image\/\"},\"sameAs\":[\"https:\/\/www.instagram.com\/northsailing\/\",\"https:\/\/www.youtube.com\/user\/northsailing\/\",\"https:\/\/www.facebook.com\/whalewatchingiceland\/\",\"https:\/\/twitter.com\/northsailing\"]}]}<\/script>\n<!-- \/ Yoast SEO Premium plugin. -->","yoast_head_json":{"title":"Tour buchen","description":"Willkommen an Bord zu einer einzigartigen Walbeobachtungstour mit North Sailing ab H\u00fasav\u00edk, der Hauptstadt der Wale auf Island.","robots":{"index":"index","follow":"follow","max-snippet":"max-snippet:-1","max-image-preview":"max-image-preview:large","max-video-preview":"max-video-preview:-1"},"canonical":"https:\/\/www.northsailing.is\/de\/tour-buchen\/","og_locale":"de_DE","og_type":"article","og_title":"Tour buchen","og_description":"Willkommen an Bord zu einer einzigartigen Walbeobachtungstour mit North Sailing ab H\u00fasav\u00edk, der Hauptstadt der Wale auf Island.","og_url":"https:\/\/www.northsailing.is\/de\/tour-buchen\/","og_site_name":"North Sailing","article_publisher":"https:\/\/www.facebook.com\/whalewatchingiceland\/","article_modified_time":"2022-03-15T15:16:14+00:00","twitter_card":"summary_large_image","twitter_site":"@northsailing","twitter_misc":{"Gesch\u00e4tzte Lesezeit":"1 Minute"},"schema":{"@context":"https:\/\/schema.org","@graph":[{"@type":"WebPage","@id":"https:\/\/www.northsailing.is\/de\/tour-buchen\/","url":"https:\/\/www.northsailing.is\/de\/tour-buchen\/","name":"Tour buchen","isPartOf":{"@id":"https:\/\/www.northsailing.is\/de\/#website"},"datePublished":"2017-05-03T09:31:01+00:00","dateModified":"2022-03-15T15:16:14+00:00","description":"Willkommen an Bord zu einer einzigartigen Walbeobachtungstour mit North Sailing ab H\u00fasav\u00edk, der Hauptstadt der Wale auf Island.","breadcrumb":{"@id":"https:\/\/www.northsailing.is\/de\/tour-buchen\/#breadcrumb"},"inLanguage":"de-DE","potentialAction":[{"@type":"ReadAction","target":["https:\/\/www.northsailing.is\/de\/tour-buchen\/"]}]},{"@type":"BreadcrumbList","@id":"https:\/\/www.northsailing.is\/de\/tour-buchen\/#breadcrumb","itemListElement":[{"@type":"ListItem","position":1,"name":"Home","item":"https:\/\/www.northsailing.is\/de\/"},{"@type":"ListItem","position":2,"name":"Tour buchen"}]},{"@type":"WebSite","@id":"https:\/\/www.northsailing.is\/de\/#website","url":"https:\/\/www.northsailing.is\/de\/","name":"North Sailing","description":"Whale Watching Tours from Husavik Iceland","publisher":{"@id":"https:\/\/www.northsailing.is\/de\/#organization"},"potentialAction":[{"@type":"SearchAction","target":{"@type":"EntryPoint","urlTemplate":"https:\/\/www.northsailing.is\/de\/?s={search_term_string}"},"query-input":"required name=search_term_string"}],"inLanguage":"de-DE"},{"@type":"Organization","@id":"https:\/\/www.northsailing.is\/de\/#organization","name":"North Sailing","url":"https:\/\/www.northsailing.is\/de\/","logo":{"@type":"ImageObject","inLanguage":"de-DE","@id":"https:\/\/www.northsailing.is\/de\/#\/schema\/logo\/image\/","url":"https:\/\/www.northsailing.is\/wp-content\/uploads\/2017\/05\/north-sailing-logo-retina.png","contentUrl":"https:\/\/www.northsailing.is\/wp-content\/uploads\/2017\/05\/north-sailing-logo-retina.png","width":446,"height":106,"caption":"North Sailing"},"image":{"@id":"https:\/\/www.northsailing.is\/de\/#\/schema\/logo\/image\/"},"sameAs":["https:\/\/www.instagram.com\/northsailing\/","https:\/\/www.youtube.com\/user\/northsailing\/","https:\/\/www.facebook.com\/whalewatchingiceland\/","https:\/\/twitter.com\/northsailing"]}]}},"_links":{"self":[{"href":"https:\/\/www.northsailing.is\/de\/wp-json\/wp\/v2\/pages\/8817","targetHints":{"allow":["GET"]}}],"collection":[{"href":"https:\/\/www.northsailing.is\/de\/wp-json\/wp\/v2\/pages"}],"about":[{"href":"https:\/\/www.northsailing.is\/de\/wp-json\/wp\/v2\/types\/page"}],"author":[{"embeddable":true,"href":"https:\/\/www.northsailing.is\/de\/wp-json\/wp\/v2\/users\/1"}],"replies":[{"embeddable":true,"href":"https:\/\/www.northsailing.is\/de\/wp-json\/wp\/v2\/comments?post=8817"}],"version-history":[{"count":0,"href":"https:\/\/www.northsailing.is\/de\/wp-json\/wp\/v2\/pages\/8817\/revisions"}],"wp:attachment":[{"href":"https:\/\/www.northsailing.is\/de\/wp-json\/wp\/v2\/media?parent=8817"}],"curies":[{"name":"wp","href":"https:\/\/api.w.org\/{rel}","templated":true}]}}