{"id":12415,"date":"2017-05-03T09:47:33","date_gmt":"2017-05-03T09:47:33","guid":{"rendered":"https:\/\/www.northsailing.is\/contattaci\/"},"modified":"2022-03-08T10:49:03","modified_gmt":"2022-03-08T10:49:03","slug":"contactanos","status":"publish","type":"page","link":"https:\/\/www.northsailing.is\/es\/contactanos\/","title":{"rendered":"Cont\u00e1ctanos"},"content":{"rendered":"<section class=\"wpb-content-wrapper\"><p>[vc_row][vc_column][vc_column_text]<\/p>\n<h1>Cont\u00e1ctanos<\/h1>\n<p>[\/vc_column_text][\/vc_column][\/vc_row][vc_row][vc_column width=\u00bb1\/2&#8243;][vc_column_text]Contacta a North Sailing a trav\u00e9s de las siguientes fuentes:<\/p>\n<ul>\n<li class=\"arrowlist\">E-mail:\u00a0<a title=\"info@northsailing.is\" href=\"mailto:info@northsailing.is\">info@northsailing.is<\/a><\/li>\n<li class=\"arrowlist\">Tel\u00e9fono: +354 464 7272<\/li>\n<li class=\"arrowlist\">Rellena el formulario.<\/li>\n<\/ul>\n<p>[\/vc_column_text][vc_column_text]\u00bfEstas buscando a alguien del equipo? Mira <a href=\"https:\/\/www.northsailing.is\/about-north-sailing\/our-team\/contacts\/\">nuestros contactos (EN)<\/a> para m\u00e1s informaci\u00f3n.Looking for a\u00a0team member?[\/vc_column_text][\/vc_column][vc_column width=\u00bb1\/2&#8243;][vc_column_text]<\/p>\n<h3>Formulario de contacto<\/h3>\n<p>[\/vc_column_text]<div role=\"form\" class=\"wpcf7\" id=\"wpcf7-f12735-o1\" lang=\"es-ES\" dir=\"ltr\">\n<div class=\"screen-reader-response\"><p role=\"status\" aria-live=\"polite\" aria-atomic=\"true\"><\/p> <ul><\/ul><\/div>\n<form action=\"\/es\/wp-json\/wp\/v2\/pages\/12415#wpcf7-f12735-o1\" method=\"post\" class=\"wpcf7-form init\" novalidate=\"novalidate\" data-status=\"init\">\n<div style=\"display: none;\">\n<input type=\"hidden\" name=\"_wpcf7\" value=\"12735\" \/>\n<input type=\"hidden\" name=\"_wpcf7_version\" value=\"5.6.4\" \/>\n<input type=\"hidden\" name=\"_wpcf7_locale\" value=\"es_ES\" \/>\n<input type=\"hidden\" name=\"_wpcf7_unit_tag\" value=\"wpcf7-f12735-o1\" \/>\n<input type=\"hidden\" name=\"_wpcf7_container_post\" value=\"0\" \/>\n<input type=\"hidden\" name=\"_wpcf7_posted_data_hash\" value=\"\" \/>\n<input type=\"hidden\" name=\"_wpcf7_recaptcha_response\" value=\"\" \/>\n<\/div>\n<p><label> Tu nombre (requirido)<br \/>\n    <span class=\"wpcf7-form-control-wrap\" data-name=\"your-name\"><input type=\"text\" name=\"your-name\" value=\"\" size=\"40\" class=\"wpcf7-form-control wpcf7-text wpcf7-validates-as-required\" aria-required=\"true\" aria-invalid=\"false\" \/><\/span> <\/label><\/p>\n<p><label> Tu E-mail (requerirdo)<br \/>\n    <span class=\"wpcf7-form-control-wrap\" data-name=\"your-email\"><input type=\"email\" name=\"your-email\" value=\"\" size=\"40\" class=\"wpcf7-form-control wpcf7-text wpcf7-email wpcf7-validates-as-required wpcf7-validates-as-email\" aria-required=\"true\" aria-invalid=\"false\" \/><\/span> <\/label><\/p>\n<p><label> Asunto<br \/>\n    <span class=\"wpcf7-form-control-wrap\" data-name=\"your-subject\"><input type=\"text\" name=\"your-subject\" value=\"\" size=\"40\" class=\"wpcf7-form-control wpcf7-text\" aria-invalid=\"false\" \/><\/span> <\/label><\/p>\n<p><label> Tu mensaje<br \/>\n    <span class=\"wpcf7-form-control-wrap\" data-name=\"your-message\"><textarea name=\"your-message\" cols=\"40\" rows=\"10\" class=\"wpcf7-form-control wpcf7-textarea\" aria-invalid=\"false\"><\/textarea><\/span> <\/label><br \/>\n<input type=\"submit\" value=\"Enviar\" class=\"wpcf7-form-control has-spinner wpcf7-submit\" \/><\/p>\n<div class=\"wpcf7-response-output\" aria-hidden=\"true\"><\/div><\/form><\/div>[vc_column_text]<\/p>\n<div class=\"contact-sub\">This site is protected by reCAPTCHA and the Google <a href=\"https:\/\/policies.google.com\/privacy\">Privacy Policy<\/a> and <a href=\"https:\/\/policies.google.com\/terms\">Terms of Service<\/a> apply.<\/div>\n<p>[\/vc_column_text][\/vc_column][\/vc_row]<\/p>\n<\/section>","protected":false},"excerpt":{"rendered":"<p>[vc_row][vc_column][vc_column_text] Cont\u00e1ctanos [\/vc_column_text][\/vc_column][\/vc_row][vc_row][vc_column width=\u00bb1\/2&#8243;][vc_column_text]Contacta a North Sailing a trav\u00e9s de las siguientes fuentes: E-mail:\u00a0info@northsailing.is Tel\u00e9fono: +354 464 7272 Rellena el formulario. [\/vc_column_text][vc_column_text]\u00bfEstas buscando a alguien del equipo? Mira nuestros contactos (EN) para m\u00e1s informaci\u00f3n.Looking for a\u00a0team member?[\/vc_column_text][\/vc_column][vc_column width=\u00bb1\/2&#8243;][vc_column_text] Formulario de contacto [\/vc_column_text][vc_column_text] This site is protected by reCAPTCHA and the Google Privacy Policy and Terms&hellip;<\/p>\n","protected":false},"author":1,"featured_media":0,"parent":0,"menu_order":0,"comment_status":"closed","ping_status":"closed","template":"","meta":{"footnotes":""},"class_list":["post-12415","page","type-page","status-publish","hentry","description-off"],"yoast_head":"<!-- This site is optimized with the Yoast SEO Premium plugin v19.5 (Yoast SEO v19.11) - https:\/\/yoast.com\/wordpress\/plugins\/seo\/ -->\n<title>Cont\u00e1ctanos<\/title>\n<meta name=\"description\" content=\"A North Sailing le encantar\u00eda saber de ti! +354 464 7272 | info@northsailing.is. Por favor, m\u00e1ndanos tus preguntas y comentarios.\" \/>\n<meta name=\"robots\" content=\"index, follow, max-snippet:-1, max-image-preview:large, max-video-preview:-1\" \/>\n<link rel=\"canonical\" href=\"https:\/\/www.northsailing.is\/es\/contactanos\/\" \/>\n<meta property=\"og:locale\" content=\"es_ES\" \/>\n<meta property=\"og:type\" content=\"article\" \/>\n<meta property=\"og:title\" content=\"Cont\u00e1ctanos\" \/>\n<meta property=\"og:description\" content=\"A North Sailing le encantar\u00eda saber de ti! +354 464 7272 | info@northsailing.is. Por favor, m\u00e1ndanos tus preguntas y comentarios.\" \/>\n<meta property=\"og:url\" content=\"https:\/\/www.northsailing.is\/es\/contactanos\/\" \/>\n<meta property=\"og:site_name\" content=\"North Sailing\" \/>\n<meta property=\"article:publisher\" content=\"https:\/\/www.facebook.com\/whalewatchingiceland\/\" \/>\n<meta property=\"article:modified_time\" content=\"2022-03-08T10:49:03+00:00\" \/>\n<meta name=\"twitter:card\" content=\"summary_large_image\" \/>\n<meta name=\"twitter:site\" content=\"@northsailing\" \/>\n<meta name=\"twitter:label1\" content=\"Tiempo de lectura\" \/>\n\t<meta name=\"twitter:data1\" content=\"1 minuto\" \/>\n<script type=\"application\/ld+json\" class=\"yoast-schema-graph\">{\"@context\":\"https:\/\/schema.org\",\"@graph\":[{\"@type\":\"WebPage\",\"@id\":\"https:\/\/www.northsailing.is\/es\/contactanos\/\",\"url\":\"https:\/\/www.northsailing.is\/es\/contactanos\/\",\"name\":\"Cont\u00e1ctanos\",\"isPartOf\":{\"@id\":\"https:\/\/www.northsailing.is\/es\/#website\"},\"datePublished\":\"2017-05-03T09:47:33+00:00\",\"dateModified\":\"2022-03-08T10:49:03+00:00\",\"description\":\"A North Sailing le encantar\u00eda saber de ti! +354 464 7272 | info@northsailing.is. Por favor, m\u00e1ndanos tus preguntas y comentarios.\",\"breadcrumb\":{\"@id\":\"https:\/\/www.northsailing.is\/es\/contactanos\/#breadcrumb\"},\"inLanguage\":\"es\",\"potentialAction\":[{\"@type\":\"ReadAction\",\"target\":[\"https:\/\/www.northsailing.is\/es\/contactanos\/\"]}]},{\"@type\":\"BreadcrumbList\",\"@id\":\"https:\/\/www.northsailing.is\/es\/contactanos\/#breadcrumb\",\"itemListElement\":[{\"@type\":\"ListItem\",\"position\":1,\"name\":\"Home\",\"item\":\"https:\/\/www.northsailing.is\/es\/\"},{\"@type\":\"ListItem\",\"position\":2,\"name\":\"Cont\u00e1ctanos\"}]},{\"@type\":\"WebSite\",\"@id\":\"https:\/\/www.northsailing.is\/es\/#website\",\"url\":\"https:\/\/www.northsailing.is\/es\/\",\"name\":\"North Sailing\",\"description\":\"Whale Watching Tours from Husavik Iceland\",\"publisher\":{\"@id\":\"https:\/\/www.northsailing.is\/es\/#organization\"},\"potentialAction\":[{\"@type\":\"SearchAction\",\"target\":{\"@type\":\"EntryPoint\",\"urlTemplate\":\"https:\/\/www.northsailing.is\/es\/?s={search_term_string}\"},\"query-input\":\"required name=search_term_string\"}],\"inLanguage\":\"es\"},{\"@type\":\"Organization\",\"@id\":\"https:\/\/www.northsailing.is\/es\/#organization\",\"name\":\"North Sailing\",\"url\":\"https:\/\/www.northsailing.is\/es\/\",\"logo\":{\"@type\":\"ImageObject\",\"inLanguage\":\"es\",\"@id\":\"https:\/\/www.northsailing.is\/es\/#\/schema\/logo\/image\/\",\"url\":\"https:\/\/www.northsailing.is\/wp-content\/uploads\/2017\/05\/north-sailing-logo-retina.png\",\"contentUrl\":\"https:\/\/www.northsailing.is\/wp-content\/uploads\/2017\/05\/north-sailing-logo-retina.png\",\"width\":446,\"height\":106,\"caption\":\"North Sailing\"},\"image\":{\"@id\":\"https:\/\/www.northsailing.is\/es\/#\/schema\/logo\/image\/\"},\"sameAs\":[\"https:\/\/www.instagram.com\/northsailing\/\",\"https:\/\/www.youtube.com\/user\/northsailing\/\",\"https:\/\/www.facebook.com\/whalewatchingiceland\/\",\"https:\/\/twitter.com\/northsailing\"]}]}<\/script>\n<!-- \/ Yoast SEO Premium plugin. -->","yoast_head_json":{"title":"Cont\u00e1ctanos","description":"A North Sailing le encantar\u00eda saber de ti! +354 464 7272 | info@northsailing.is. Por favor, m\u00e1ndanos tus preguntas y comentarios.","robots":{"index":"index","follow":"follow","max-snippet":"max-snippet:-1","max-image-preview":"max-image-preview:large","max-video-preview":"max-video-preview:-1"},"canonical":"https:\/\/www.northsailing.is\/es\/contactanos\/","og_locale":"es_ES","og_type":"article","og_title":"Cont\u00e1ctanos","og_description":"A North Sailing le encantar\u00eda saber de ti! +354 464 7272 | info@northsailing.is. Por favor, m\u00e1ndanos tus preguntas y comentarios.","og_url":"https:\/\/www.northsailing.is\/es\/contactanos\/","og_site_name":"North Sailing","article_publisher":"https:\/\/www.facebook.com\/whalewatchingiceland\/","article_modified_time":"2022-03-08T10:49:03+00:00","twitter_card":"summary_large_image","twitter_site":"@northsailing","twitter_misc":{"Tiempo de lectura":"1 minuto"},"schema":{"@context":"https:\/\/schema.org","@graph":[{"@type":"WebPage","@id":"https:\/\/www.northsailing.is\/es\/contactanos\/","url":"https:\/\/www.northsailing.is\/es\/contactanos\/","name":"Cont\u00e1ctanos","isPartOf":{"@id":"https:\/\/www.northsailing.is\/es\/#website"},"datePublished":"2017-05-03T09:47:33+00:00","dateModified":"2022-03-08T10:49:03+00:00","description":"A North Sailing le encantar\u00eda saber de ti! +354 464 7272 | info@northsailing.is. Por favor, m\u00e1ndanos tus preguntas y comentarios.","breadcrumb":{"@id":"https:\/\/www.northsailing.is\/es\/contactanos\/#breadcrumb"},"inLanguage":"es","potentialAction":[{"@type":"ReadAction","target":["https:\/\/www.northsailing.is\/es\/contactanos\/"]}]},{"@type":"BreadcrumbList","@id":"https:\/\/www.northsailing.is\/es\/contactanos\/#breadcrumb","itemListElement":[{"@type":"ListItem","position":1,"name":"Home","item":"https:\/\/www.northsailing.is\/es\/"},{"@type":"ListItem","position":2,"name":"Cont\u00e1ctanos"}]},{"@type":"WebSite","@id":"https:\/\/www.northsailing.is\/es\/#website","url":"https:\/\/www.northsailing.is\/es\/","name":"North Sailing","description":"Whale Watching Tours from Husavik Iceland","publisher":{"@id":"https:\/\/www.northsailing.is\/es\/#organization"},"potentialAction":[{"@type":"SearchAction","target":{"@type":"EntryPoint","urlTemplate":"https:\/\/www.northsailing.is\/es\/?s={search_term_string}"},"query-input":"required name=search_term_string"}],"inLanguage":"es"},{"@type":"Organization","@id":"https:\/\/www.northsailing.is\/es\/#organization","name":"North Sailing","url":"https:\/\/www.northsailing.is\/es\/","logo":{"@type":"ImageObject","inLanguage":"es","@id":"https:\/\/www.northsailing.is\/es\/#\/schema\/logo\/image\/","url":"https:\/\/www.northsailing.is\/wp-content\/uploads\/2017\/05\/north-sailing-logo-retina.png","contentUrl":"https:\/\/www.northsailing.is\/wp-content\/uploads\/2017\/05\/north-sailing-logo-retina.png","width":446,"height":106,"caption":"North Sailing"},"image":{"@id":"https:\/\/www.northsailing.is\/es\/#\/schema\/logo\/image\/"},"sameAs":["https:\/\/www.instagram.com\/northsailing\/","https:\/\/www.youtube.com\/user\/northsailing\/","https:\/\/www.facebook.com\/whalewatchingiceland\/","https:\/\/twitter.com\/northsailing"]}]}},"_links":{"self":[{"href":"https:\/\/www.northsailing.is\/es\/wp-json\/wp\/v2\/pages\/12415","targetHints":{"allow":["GET"]}}],"collection":[{"href":"https:\/\/www.northsailing.is\/es\/wp-json\/wp\/v2\/pages"}],"about":[{"href":"https:\/\/www.northsailing.is\/es\/wp-json\/wp\/v2\/types\/page"}],"author":[{"embeddable":true,"href":"https:\/\/www.northsailing.is\/es\/wp-json\/wp\/v2\/users\/1"}],"replies":[{"embeddable":true,"href":"https:\/\/www.northsailing.is\/es\/wp-json\/wp\/v2\/comments?post=12415"}],"version-history":[{"count":0,"href":"https:\/\/www.northsailing.is\/es\/wp-json\/wp\/v2\/pages\/12415\/revisions"}],"wp:attachment":[{"href":"https:\/\/www.northsailing.is\/es\/wp-json\/wp\/v2\/media?parent=12415"}],"curies":[{"name":"wp","href":"https:\/\/api.w.org\/{rel}","templated":true}]}}