{"id":12816,"date":"2017-05-03T10:46:47","date_gmt":"2017-05-03T10:46:47","guid":{"rendered":"https:\/\/www.northsailing.is\/balene-nella-baia-di-skjalfandi\/"},"modified":"2022-03-30T10:31:17","modified_gmt":"2022-03-30T10:31:17","slug":"baleines-de-skjalfandi","status":"publish","type":"page","link":"https:\/\/www.northsailing.is\/fr\/baleines-de-skjalfandi\/","title":{"rendered":"Baleines de la baie de Skj\u00e1lfandi"},"content":{"rendered":"<section class=\"wpb-content-wrapper\"><p>[vc_row][vc_column][vc_single_image image=\u00a0\u00bb12037&Prime; img_size=\u00a0\u00bbfull\u00a0\u00bb alignment=\u00a0\u00bbcenter\u00a0\u00bb image_hovers=\u00a0\u00bbfalse\u00a0\u00bb][vc_column_text]<\/p>\n<h1>Baleines de la baie de Skj\u00e1lfandi<\/h1>\n<p class=\"p-as-h2\"><a href=\"https:\/\/www.northsailing.is\/fr\/bienvenue-a-husavik-islande\/\">H\u00fasav\u00edk<\/a> est consid\u00e9r\u00e9e comme la capitale d\u2019observation des baleines en Islande, avec un <a href=\"https:\/\/www.northsailing.is\/whale-watching\/logbooks\/\">taux de r\u00e9ussite de plus de 97%<\/a>, et ce, depuis le premier jour !<\/p>\n<p>[\/vc_column_text][vc_column_text]Notre p\u00e9riode pr\u00e9f\u00e9r\u00e9e pour l&rsquo;observation des baleines se situe entre mars et novembre en raison de l&rsquo;abondance des rencontres avec les baleines. La raison d&rsquo;un tel taux d&rsquo;observation dans cette r\u00e9gion est l&rsquo;\u00e9cosyst\u00e8me prosp\u00e8re de la baie de Skj\u00e1lfandi. La fonte des neiges et les rivi\u00e8res apportent des nutriments provenant d&rsquo;endroits riches en min\u00e9raux et rencontrent trois courants oc\u00e9aniques dans la baie, et tout cela est compl\u00e9t\u00e9 par l&rsquo;interminable soleil d&rsquo;\u00e9t\u00e9 ! Le r\u00e9sultat ? Des quantit\u00e9s consid\u00e9rables de plancton, des masses de poissons, d&rsquo;innombrables oiseaux marins et une zone d&rsquo;alimentation parfaite pour les baleines \u00e0 fanons.[\/vc_column_text][\/vc_column][\/vc_row][vc_row][vc_column width=\u00a0\u00bb1\/2&Prime;][vc_single_image image=\u00a0\u00bb11937&Prime; img_size=\u00a0\u00bblarge\u00a0\u00bb image_hovers=\u00a0\u00bbfalse\u00a0\u00bb][\/vc_column][vc_column width=\u00a0\u00bb1\/2&Prime;][vc_single_image image=\u00a0\u00bb12356&Prime; img_size=\u00a0\u00bblarge\u00a0\u00bb image_hovers=\u00a0\u00bbfalse\u00a0\u00bb][\/vc_column][\/vc_row][vc_row][vc_column][vc_column_text]<\/p>\n<h2>Les baleines les plus communes<\/h2>\n<p>Une grande vari\u00e9t\u00e9 de baleines voyagent ici et restent dans ces conditions id\u00e9ales pour se nourrir. Les baleines \u00e0 bosse sont les plus fr\u00e9quemment observ\u00e9es lors des exp\u00e9ditions, mais il est \u00e9galement probable que vous croisiez des petits rorquals, des dauphins ou des marsouins.<\/p>\n<p>Outre ces esp\u00e8ces, d\u2019autres, moins communes, sont parfois observ\u00e9es dans la baie de Skj\u00e1lfandi, comme le rorqual commun, l&rsquo;orque, la baleine \u00e0 bec commune, le rorqual bor\u00e9al, le cachalot ou le globic\u00e9phale noir. La baie de Skj\u00e1lfandi est \u00e9galement l&rsquo;un des rares endroits au monde o\u00f9 le plus grand mammif\u00e8re de la plan\u00e8te, la baleine bleue, se rend r\u00e9guli\u00e8rement. Pendant les mois d&rsquo;\u00e9t\u00e9, les observations de baleines sont presque garanties lors de nos excursions.[\/vc_column_text][vc_column_text]<\/p>\n<h2>La meilleure p\u00e9riode pour voir les baleines<\/h2>\n<p>Nous naviguons de d\u00e9but mars \u00e0 fin novembre et les mois les plus fiables pour observer les baleines sont ceux de l&rsquo;\u00e9t\u00e9, lorsque les baleines \u00e0 fanons visitent nos eaux pour se nourrir.[\/vc_column_text][\/vc_column][\/vc_row][vc_row][vc_column width=\u00a0\u00bb1\/2&Prime;][vc_single_image image=\u00a0\u00bb12199&Prime; img_size=\u00a0\u00bblarge\u00a0\u00bb image_hovers=\u00a0\u00bbfalse\u00a0\u00bb][\/vc_column][vc_column width=\u00a0\u00bb1\/2&Prime;][vc_single_image image=\u00a0\u00bb11716&Prime; img_size=\u00a0\u00bblarge\u00a0\u00bb image_hovers=\u00a0\u00bbfalse\u00a0\u00bb][\/vc_column][\/vc_row][vc_row][vc_column][vc_column_text]<\/p>\n<h2>Oiseaux de la baie de Skj\u00e1lfandi<\/h2>\n<p>Lorsque vous visitez la baie de Skj\u00e1lfandi, il est tout aussi important d&rsquo;\u00eatre \u00e0 l&rsquo;aff\u00fbt des oiseaux que des baleines. Les oiseaux peuvent souvent donner des indices sur les endroits o\u00f9 les baleines peuvent se nourrir. Il est fr\u00e9quent de voir une nu\u00e9e d&rsquo;oiseaux volant ou plongeant \u00e0 la surface autour des baleines.<\/p>\n<p>Les petits favoris des passagers sont les macareux moines, sans doute les oiseaux qui attirent le plus l&rsquo;attention. La population reproductrice de la baie de Skj\u00e1lfandi est estim\u00e9e \u00e0 plus de 100 000 individus, ce qui en fait l&rsquo;oiseau le plus abondant de la r\u00e9gion et le plus facile \u00e0 observer en mer. Gardez un \u0153il sur les sternes arctiques, les majestueux fous de Bassan et autres oiseaux marins curieux qui cherchent de la nourriture et planent \u00e0 proximit\u00e9 des bateaux. L&rsquo;avifaune de la baie est tr\u00e8s dynamique, en effet, divers oiseaux marins nichent et cherchent leur nourriture autour de H\u00fasav\u00edk ![\/vc_column_text][\/vc_column][\/vc_row]<\/p>\n<\/section>","protected":false},"excerpt":{"rendered":"<p>[vc_row][vc_column][vc_single_image image=\u00a0\u00bb12037&Prime; img_size=\u00a0\u00bbfull\u00a0\u00bb alignment=\u00a0\u00bbcenter\u00a0\u00bb image_hovers=\u00a0\u00bbfalse\u00a0\u00bb][vc_column_text] Baleines de la baie de Skj\u00e1lfandi H\u00fasav\u00edk est consid\u00e9r\u00e9e comme la capitale d\u2019observation des baleines en Islande, avec un taux de r\u00e9ussite de plus de 97%, et ce, depuis le premier jour ! [\/vc_column_text][vc_column_text]Notre p\u00e9riode pr\u00e9f\u00e9r\u00e9e pour l&rsquo;observation des baleines se situe entre mars et novembre en raison de l&rsquo;abondance&hellip;<\/p>\n","protected":false},"author":1,"featured_media":0,"parent":0,"menu_order":0,"comment_status":"closed","ping_status":"closed","template":"","meta":{"footnotes":""},"class_list":["post-12816","page","type-page","status-publish","hentry","description-off"],"yoast_head":"<!-- This site is optimized with the Yoast SEO Premium plugin v19.5 (Yoast SEO v19.11) - https:\/\/yoast.com\/wordpress\/plugins\/seo\/ -->\n<title>Baleines de la baie de Skj\u00e1lfandi<\/title>\n<meta name=\"description\" content=\"La baie de Skj\u00e1lfandi vous permet de d\u00e9couvrir la faune diversifi\u00e9e de la r\u00e9gion et offre un refuge aux baleines et aux oiseaux.\" \/>\n<meta name=\"robots\" content=\"index, follow, max-snippet:-1, max-image-preview:large, max-video-preview:-1\" \/>\n<link rel=\"canonical\" href=\"https:\/\/www.northsailing.is\/fr\/baleines-de-skjalfandi\/\" \/>\n<meta property=\"og:locale\" content=\"fr_FR\" \/>\n<meta property=\"og:type\" content=\"article\" \/>\n<meta property=\"og:title\" content=\"Baleines de la baie de Skj\u00e1lfandi\" \/>\n<meta property=\"og:description\" content=\"La baie de Skj\u00e1lfandi vous permet de d\u00e9couvrir la faune diversifi\u00e9e de la r\u00e9gion et offre un refuge aux baleines et aux oiseaux.\" \/>\n<meta property=\"og:url\" content=\"https:\/\/www.northsailing.is\/fr\/baleines-de-skjalfandi\/\" \/>\n<meta property=\"og:site_name\" content=\"North Sailing\" \/>\n<meta property=\"article:publisher\" content=\"https:\/\/www.facebook.com\/whalewatchingiceland\/\" \/>\n<meta property=\"article:modified_time\" content=\"2022-03-30T10:31:17+00:00\" \/>\n<meta name=\"twitter:card\" content=\"summary_large_image\" \/>\n<meta name=\"twitter:site\" content=\"@northsailing\" \/>\n<meta name=\"twitter:label1\" content=\"Dur\u00e9e de lecture estim\u00e9e\" \/>\n\t<meta name=\"twitter:data1\" content=\"3 minutes\" \/>\n<script type=\"application\/ld+json\" class=\"yoast-schema-graph\">{\"@context\":\"https:\/\/schema.org\",\"@graph\":[{\"@type\":\"WebPage\",\"@id\":\"https:\/\/www.northsailing.is\/fr\/baleines-de-skjalfandi\/\",\"url\":\"https:\/\/www.northsailing.is\/fr\/baleines-de-skjalfandi\/\",\"name\":\"Baleines de la baie de Skj\u00e1lfandi\",\"isPartOf\":{\"@id\":\"https:\/\/www.northsailing.is\/fr\/#website\"},\"datePublished\":\"2017-05-03T10:46:47+00:00\",\"dateModified\":\"2022-03-30T10:31:17+00:00\",\"description\":\"La baie de Skj\u00e1lfandi vous permet de d\u00e9couvrir la faune diversifi\u00e9e de la r\u00e9gion et offre un refuge aux baleines et aux oiseaux.\",\"breadcrumb\":{\"@id\":\"https:\/\/www.northsailing.is\/fr\/baleines-de-skjalfandi\/#breadcrumb\"},\"inLanguage\":\"fr-FR\",\"potentialAction\":[{\"@type\":\"ReadAction\",\"target\":[\"https:\/\/www.northsailing.is\/fr\/baleines-de-skjalfandi\/\"]}]},{\"@type\":\"BreadcrumbList\",\"@id\":\"https:\/\/www.northsailing.is\/fr\/baleines-de-skjalfandi\/#breadcrumb\",\"itemListElement\":[{\"@type\":\"ListItem\",\"position\":1,\"name\":\"Home\",\"item\":\"https:\/\/www.northsailing.is\/fr\/\"},{\"@type\":\"ListItem\",\"position\":2,\"name\":\"Baleines de la baie de Skj\u00e1lfandi\"}]},{\"@type\":\"WebSite\",\"@id\":\"https:\/\/www.northsailing.is\/fr\/#website\",\"url\":\"https:\/\/www.northsailing.is\/fr\/\",\"name\":\"North Sailing\",\"description\":\"Whale Watching Tours from Husavik Iceland\",\"publisher\":{\"@id\":\"https:\/\/www.northsailing.is\/fr\/#organization\"},\"potentialAction\":[{\"@type\":\"SearchAction\",\"target\":{\"@type\":\"EntryPoint\",\"urlTemplate\":\"https:\/\/www.northsailing.is\/fr\/?s={search_term_string}\"},\"query-input\":\"required name=search_term_string\"}],\"inLanguage\":\"fr-FR\"},{\"@type\":\"Organization\",\"@id\":\"https:\/\/www.northsailing.is\/fr\/#organization\",\"name\":\"North Sailing\",\"url\":\"https:\/\/www.northsailing.is\/fr\/\",\"logo\":{\"@type\":\"ImageObject\",\"inLanguage\":\"fr-FR\",\"@id\":\"https:\/\/www.northsailing.is\/fr\/#\/schema\/logo\/image\/\",\"url\":\"https:\/\/www.northsailing.is\/wp-content\/uploads\/2017\/05\/north-sailing-logo-retina.png\",\"contentUrl\":\"https:\/\/www.northsailing.is\/wp-content\/uploads\/2017\/05\/north-sailing-logo-retina.png\",\"width\":446,\"height\":106,\"caption\":\"North Sailing\"},\"image\":{\"@id\":\"https:\/\/www.northsailing.is\/fr\/#\/schema\/logo\/image\/\"},\"sameAs\":[\"https:\/\/www.instagram.com\/northsailing\/\",\"https:\/\/www.youtube.com\/user\/northsailing\/\",\"https:\/\/www.facebook.com\/whalewatchingiceland\/\",\"https:\/\/twitter.com\/northsailing\"]}]}<\/script>\n<!-- \/ Yoast SEO Premium plugin. -->","yoast_head_json":{"title":"Baleines de la baie de Skj\u00e1lfandi","description":"La baie de Skj\u00e1lfandi vous permet de d\u00e9couvrir la faune diversifi\u00e9e de la r\u00e9gion et offre un refuge aux baleines et aux oiseaux.","robots":{"index":"index","follow":"follow","max-snippet":"max-snippet:-1","max-image-preview":"max-image-preview:large","max-video-preview":"max-video-preview:-1"},"canonical":"https:\/\/www.northsailing.is\/fr\/baleines-de-skjalfandi\/","og_locale":"fr_FR","og_type":"article","og_title":"Baleines de la baie de Skj\u00e1lfandi","og_description":"La baie de Skj\u00e1lfandi vous permet de d\u00e9couvrir la faune diversifi\u00e9e de la r\u00e9gion et offre un refuge aux baleines et aux oiseaux.","og_url":"https:\/\/www.northsailing.is\/fr\/baleines-de-skjalfandi\/","og_site_name":"North Sailing","article_publisher":"https:\/\/www.facebook.com\/whalewatchingiceland\/","article_modified_time":"2022-03-30T10:31:17+00:00","twitter_card":"summary_large_image","twitter_site":"@northsailing","twitter_misc":{"Dur\u00e9e de lecture estim\u00e9e":"3 minutes"},"schema":{"@context":"https:\/\/schema.org","@graph":[{"@type":"WebPage","@id":"https:\/\/www.northsailing.is\/fr\/baleines-de-skjalfandi\/","url":"https:\/\/www.northsailing.is\/fr\/baleines-de-skjalfandi\/","name":"Baleines de la baie de Skj\u00e1lfandi","isPartOf":{"@id":"https:\/\/www.northsailing.is\/fr\/#website"},"datePublished":"2017-05-03T10:46:47+00:00","dateModified":"2022-03-30T10:31:17+00:00","description":"La baie de Skj\u00e1lfandi vous permet de d\u00e9couvrir la faune diversifi\u00e9e de la r\u00e9gion et offre un refuge aux baleines et aux oiseaux.","breadcrumb":{"@id":"https:\/\/www.northsailing.is\/fr\/baleines-de-skjalfandi\/#breadcrumb"},"inLanguage":"fr-FR","potentialAction":[{"@type":"ReadAction","target":["https:\/\/www.northsailing.is\/fr\/baleines-de-skjalfandi\/"]}]},{"@type":"BreadcrumbList","@id":"https:\/\/www.northsailing.is\/fr\/baleines-de-skjalfandi\/#breadcrumb","itemListElement":[{"@type":"ListItem","position":1,"name":"Home","item":"https:\/\/www.northsailing.is\/fr\/"},{"@type":"ListItem","position":2,"name":"Baleines de la baie de Skj\u00e1lfandi"}]},{"@type":"WebSite","@id":"https:\/\/www.northsailing.is\/fr\/#website","url":"https:\/\/www.northsailing.is\/fr\/","name":"North Sailing","description":"Whale Watching Tours from Husavik Iceland","publisher":{"@id":"https:\/\/www.northsailing.is\/fr\/#organization"},"potentialAction":[{"@type":"SearchAction","target":{"@type":"EntryPoint","urlTemplate":"https:\/\/www.northsailing.is\/fr\/?s={search_term_string}"},"query-input":"required name=search_term_string"}],"inLanguage":"fr-FR"},{"@type":"Organization","@id":"https:\/\/www.northsailing.is\/fr\/#organization","name":"North Sailing","url":"https:\/\/www.northsailing.is\/fr\/","logo":{"@type":"ImageObject","inLanguage":"fr-FR","@id":"https:\/\/www.northsailing.is\/fr\/#\/schema\/logo\/image\/","url":"https:\/\/www.northsailing.is\/wp-content\/uploads\/2017\/05\/north-sailing-logo-retina.png","contentUrl":"https:\/\/www.northsailing.is\/wp-content\/uploads\/2017\/05\/north-sailing-logo-retina.png","width":446,"height":106,"caption":"North Sailing"},"image":{"@id":"https:\/\/www.northsailing.is\/fr\/#\/schema\/logo\/image\/"},"sameAs":["https:\/\/www.instagram.com\/northsailing\/","https:\/\/www.youtube.com\/user\/northsailing\/","https:\/\/www.facebook.com\/whalewatchingiceland\/","https:\/\/twitter.com\/northsailing"]}]}},"_links":{"self":[{"href":"https:\/\/www.northsailing.is\/fr\/wp-json\/wp\/v2\/pages\/12816","targetHints":{"allow":["GET"]}}],"collection":[{"href":"https:\/\/www.northsailing.is\/fr\/wp-json\/wp\/v2\/pages"}],"about":[{"href":"https:\/\/www.northsailing.is\/fr\/wp-json\/wp\/v2\/types\/page"}],"author":[{"embeddable":true,"href":"https:\/\/www.northsailing.is\/fr\/wp-json\/wp\/v2\/users\/1"}],"replies":[{"embeddable":true,"href":"https:\/\/www.northsailing.is\/fr\/wp-json\/wp\/v2\/comments?post=12816"}],"version-history":[{"count":0,"href":"https:\/\/www.northsailing.is\/fr\/wp-json\/wp\/v2\/pages\/12816\/revisions"}],"wp:attachment":[{"href":"https:\/\/www.northsailing.is\/fr\/wp-json\/wp\/v2\/media?parent=12816"}],"curies":[{"name":"wp","href":"https:\/\/api.w.org\/{rel}","templated":true}]}}