{"id":12828,"date":"2017-05-03T10:48:07","date_gmt":"2017-05-03T10:48:07","guid":{"rendered":"https:\/\/www.northsailing.is\/su-north-sailing\/"},"modified":"2022-03-30T10:35:18","modified_gmt":"2022-03-30T10:35:18","slug":"a-propos-de-north-sailing","status":"publish","type":"page","link":"https:\/\/www.northsailing.is\/fr\/a-propos-de-north-sailing\/","title":{"rendered":"\u00c0 propos de North Sailing"},"content":{"rendered":"<section class=\"wpb-content-wrapper\"><p>[vc_row][vc_column][vc_column_text]<img loading=\"lazy\" decoding=\"async\" class=\"size-full wp-image-6443\" src=\"https:\/\/www.northsailing.is\/wp-content\/uploads\/2021\/05\/schooner-haukur-sailing.jpg\" alt=\"Skonnortan Haukur \u00e1 siglingu um Skj\u00e1lfanda\" width=\"1500\" height=\"1000\" srcset=\"https:\/\/www.northsailing.is\/wp-content\/uploads\/2021\/05\/schooner-haukur-sailing.jpg 1500w, https:\/\/www.northsailing.is\/wp-content\/uploads\/2021\/05\/schooner-haukur-sailing-300x200.jpg 300w, https:\/\/www.northsailing.is\/wp-content\/uploads\/2021\/05\/schooner-haukur-sailing-1024x683.jpg 1024w, https:\/\/www.northsailing.is\/wp-content\/uploads\/2021\/05\/schooner-haukur-sailing-768x512.jpg 768w\" sizes=\"auto, (max-width: 1500px) 100vw, 1500px\" \/>[\/vc_column_text][vc_column_text]<\/p>\n<h1>\u00c0 propos de North Sailing<\/h1>\n<h2>Venez naviguer pr\u00e8s du cercle arctique sur un <a href=\"https:\/\/www.northsailing.is\/the-boats\/\">magnifique bateau<\/a> islandais en ch\u00eane, entour\u00e9s de baleines et d&rsquo;une nature \u00e9poustouflante !<\/h2>\n<p>North Sailing est une entreprise familiale qui op\u00e8re depuis notre port local de <a href=\"https:\/\/www.northsailing.is\/fr\/bienvenue-a-husavik-islande\/\">H\u00fasav\u00edk<\/a> et propose des excursions <a href=\"https:\/\/www.northsailing.is\/fr\/\">d&rsquo;observation des baleines<\/a> et des voyages d&rsquo;aventure depuis 1995. D\u00e8s le d\u00e9part, nous avons compris que cette d\u00e9couverte de la nature islandaise \u00e9tait une exp\u00e9rience unique, et c&rsquo;est ainsi que la r\u00e9putation de <a href=\"https:\/\/www.northsailing.is\/whale-watching\/logbooks\/\">H\u00fasav\u00edk en tant que capitale europ\u00e9enne de l&rsquo;observation des baleines<\/a> est n\u00e9e.<\/p>\n<p>North Sailing a re\u00e7u de nombreuses r\u00e9compenses pour son esprit d&rsquo;entreprise dans le <a href=\"https:\/\/www.northsailing.is\/about-north-sailing\/awards-and-authorisation\/\">domaine du tourisme environnemental<\/a> et a \u00e9t\u00e9 remarqu\u00e9e dans le monde entier pour son innovation et la conservation de la culture nordique.[\/vc_column_text][\/vc_column][\/vc_row][vc_row margin_top=\u00a0\u00bb25&Prime; margin_bottom=\u00a0\u00bb40&Prime; css=\u00a0\u00bb.vc_custom_1621435932248{margin-bottom: 50px !important;}\u00a0\u00bb][vc_column width=\u00a0\u00bb1\/2&Prime;][vc_single_image image=\u00a0\u00bb11791&Prime; img_size=\u00a0\u00bblarge\u00a0\u00bb image_hovers=\u00a0\u00bbfalse\u00a0\u00bb][\/vc_column][vc_column width=\u00a0\u00bb1\/2&Prime;][vc_single_image image=\u00a0\u00bb12342&Prime; img_size=\u00a0\u00bblarge\u00a0\u00bb][\/vc_column][\/vc_row][vc_row][vc_column][vc_column_text]<\/p>\n<h2>Une \u00e9quipe passionn\u00e9e avec une histoire bien ancr\u00e9e<\/h2>\n<p>L&rsquo;\u00e9quipe de North Sailing est compos\u00e9e d&rsquo;une \u00e9quipe de professionnels qui partagent tous une m\u00eame passion pour la voile et un profond respect pour les animaux et la nature. Nos capitaines, des locaux ayant des d\u00e9cennies d&rsquo;exp\u00e9rience dans ces eaux, travaillent avec nos guides du monde entier, au sein d&rsquo;une \u00e9quipe dynamique et diversifi\u00e9e. Au sein de l&rsquo;entreprise, nous avons d\u00e9velopp\u00e9 une connaissance approfondie de la baie et de ses \u00e9cosyst\u00e8mes. De plus, la r\u00e9novation et l&rsquo;entretien de notre magnifique flotte sont effectu\u00e9s au chantier naval de H\u00fasav\u00edk, g\u00e9r\u00e9 par North Sailing. D\u00e8s le d\u00e9part, notre objectif a \u00e9t\u00e9 de favoriser le tourisme durable et, \u00e0 ce titre, nous avons fait tout notre possible pour renouveler et entretenir les bateaux traditionnels en ch\u00eane.[\/vc_column_text][\/vc_column][\/vc_row][vc_row margin_bottom=\u00a0\u00bb50&Prime;][vc_column width=\u00a0\u00bb1\/2&Prime;][vc_single_image image=\u00a0\u00bb11802&Prime; img_size=\u00a0\u00bblarge\u00a0\u00bb][\/vc_column][vc_column width=\u00a0\u00bb1\/2&Prime;][vc_single_image image=\u00a0\u00bb11808&Prime; img_size=\u00a0\u00bblarge\u00a0\u00bb][\/vc_column][\/vc_row][vc_row][vc_column][vc_column_text]<\/p>\n<h2>Observation responsable des baleines<\/h2>\n<p>North Sailing a mis l&rsquo;accent sur les pratiques durables et les approches responsables des baleines et de la faune. L\u2019entreprise suit un <a href=\"https:\/\/www.northsailing.is\/code-of-conduct\/\">code de conduite<\/a> strict et est certifi\u00e9 pour l\u2019observation responsable des baleines.[\/vc_column_text][vc_column_text]La mission de North Sailing est d&rsquo;offrir des aventures inspirantes et \u00e9ducatives en mer avec une forte implication des passagers et une faible empreinte carbone.[\/vc_column_text][\/vc_column][\/vc_row]<\/p>\n<\/section>","protected":false},"excerpt":{"rendered":"<p>[vc_row][vc_column][vc_column_text][\/vc_column_text][vc_column_text] \u00c0 propos de North Sailing Venez naviguer pr\u00e8s du cercle arctique sur un magnifique bateau islandais en ch\u00eane, entour\u00e9s de baleines et d&rsquo;une nature \u00e9poustouflante ! North Sailing est une entreprise familiale qui op\u00e8re depuis notre port local de H\u00fasav\u00edk et propose des excursions d&rsquo;observation des baleines et des voyages d&rsquo;aventure depuis 1995. D\u00e8s&hellip;<\/p>\n","protected":false},"author":1,"featured_media":0,"parent":0,"menu_order":0,"comment_status":"closed","ping_status":"closed","template":"","meta":{"footnotes":""},"class_list":["post-12828","page","type-page","status-publish","hentry","description-off"],"yoast_head":"<!-- This site is optimized with the Yoast SEO Premium plugin v19.5 (Yoast SEO v19.11) - https:\/\/yoast.com\/wordpress\/plugins\/seo\/ -->\n<title>\u00c0 propos de North Sailing<\/title>\n<meta name=\"description\" content=\"North Sailing est une entreprise familiale de H\u00fasav\u00edk, qui propose des voyages d&#039;observation des baleines et d&#039;aventure en Islande depuis 1995.\" \/>\n<meta name=\"robots\" content=\"index, follow, max-snippet:-1, max-image-preview:large, max-video-preview:-1\" \/>\n<link rel=\"canonical\" href=\"https:\/\/www.northsailing.is\/fr\/a-propos-de-north-sailing\/\" \/>\n<meta property=\"og:locale\" content=\"fr_FR\" \/>\n<meta property=\"og:type\" content=\"article\" \/>\n<meta property=\"og:title\" content=\"\u00c0 propos de North Sailing\" \/>\n<meta property=\"og:description\" content=\"North Sailing est une entreprise familiale de H\u00fasav\u00edk, qui propose des voyages d&#039;observation des baleines et d&#039;aventure en Islande depuis 1995.\" \/>\n<meta property=\"og:url\" content=\"https:\/\/www.northsailing.is\/fr\/a-propos-de-north-sailing\/\" \/>\n<meta property=\"og:site_name\" content=\"North Sailing\" \/>\n<meta property=\"article:publisher\" content=\"https:\/\/www.facebook.com\/whalewatchingiceland\/\" \/>\n<meta property=\"article:modified_time\" content=\"2022-03-30T10:35:18+00:00\" \/>\n<meta property=\"og:image\" content=\"https:\/\/www.northsailing.is\/wp-content\/uploads\/2021\/05\/schooner-haukur-sailing.jpg\" \/>\n<meta name=\"twitter:card\" content=\"summary_large_image\" \/>\n<meta name=\"twitter:site\" content=\"@northsailing\" \/>\n<meta name=\"twitter:label1\" content=\"Dur\u00e9e de lecture estim\u00e9e\" \/>\n\t<meta name=\"twitter:data1\" content=\"2 minutes\" \/>\n<script type=\"application\/ld+json\" class=\"yoast-schema-graph\">{\"@context\":\"https:\/\/schema.org\",\"@graph\":[{\"@type\":\"WebPage\",\"@id\":\"https:\/\/www.northsailing.is\/fr\/a-propos-de-north-sailing\/\",\"url\":\"https:\/\/www.northsailing.is\/fr\/a-propos-de-north-sailing\/\",\"name\":\"\u00c0 propos de North Sailing\",\"isPartOf\":{\"@id\":\"https:\/\/www.northsailing.is\/fr\/#website\"},\"datePublished\":\"2017-05-03T10:48:07+00:00\",\"dateModified\":\"2022-03-30T10:35:18+00:00\",\"description\":\"North Sailing est une entreprise familiale de H\u00fasav\u00edk, qui propose des voyages d'observation des baleines et d'aventure en Islande depuis 1995.\",\"breadcrumb\":{\"@id\":\"https:\/\/www.northsailing.is\/fr\/a-propos-de-north-sailing\/#breadcrumb\"},\"inLanguage\":\"fr-FR\",\"potentialAction\":[{\"@type\":\"ReadAction\",\"target\":[\"https:\/\/www.northsailing.is\/fr\/a-propos-de-north-sailing\/\"]}]},{\"@type\":\"BreadcrumbList\",\"@id\":\"https:\/\/www.northsailing.is\/fr\/a-propos-de-north-sailing\/#breadcrumb\",\"itemListElement\":[{\"@type\":\"ListItem\",\"position\":1,\"name\":\"Home\",\"item\":\"https:\/\/www.northsailing.is\/fr\/\"},{\"@type\":\"ListItem\",\"position\":2,\"name\":\"\u00c0 propos de North Sailing\"}]},{\"@type\":\"WebSite\",\"@id\":\"https:\/\/www.northsailing.is\/fr\/#website\",\"url\":\"https:\/\/www.northsailing.is\/fr\/\",\"name\":\"North Sailing\",\"description\":\"Whale Watching Tours from Husavik Iceland\",\"publisher\":{\"@id\":\"https:\/\/www.northsailing.is\/fr\/#organization\"},\"potentialAction\":[{\"@type\":\"SearchAction\",\"target\":{\"@type\":\"EntryPoint\",\"urlTemplate\":\"https:\/\/www.northsailing.is\/fr\/?s={search_term_string}\"},\"query-input\":\"required name=search_term_string\"}],\"inLanguage\":\"fr-FR\"},{\"@type\":\"Organization\",\"@id\":\"https:\/\/www.northsailing.is\/fr\/#organization\",\"name\":\"North Sailing\",\"url\":\"https:\/\/www.northsailing.is\/fr\/\",\"logo\":{\"@type\":\"ImageObject\",\"inLanguage\":\"fr-FR\",\"@id\":\"https:\/\/www.northsailing.is\/fr\/#\/schema\/logo\/image\/\",\"url\":\"https:\/\/www.northsailing.is\/wp-content\/uploads\/2017\/05\/north-sailing-logo-retina.png\",\"contentUrl\":\"https:\/\/www.northsailing.is\/wp-content\/uploads\/2017\/05\/north-sailing-logo-retina.png\",\"width\":446,\"height\":106,\"caption\":\"North Sailing\"},\"image\":{\"@id\":\"https:\/\/www.northsailing.is\/fr\/#\/schema\/logo\/image\/\"},\"sameAs\":[\"https:\/\/www.instagram.com\/northsailing\/\",\"https:\/\/www.youtube.com\/user\/northsailing\/\",\"https:\/\/www.facebook.com\/whalewatchingiceland\/\",\"https:\/\/twitter.com\/northsailing\"]}]}<\/script>\n<!-- \/ Yoast SEO Premium plugin. -->","yoast_head_json":{"title":"\u00c0 propos de North Sailing","description":"North Sailing est une entreprise familiale de H\u00fasav\u00edk, qui propose des voyages d'observation des baleines et d'aventure en Islande depuis 1995.","robots":{"index":"index","follow":"follow","max-snippet":"max-snippet:-1","max-image-preview":"max-image-preview:large","max-video-preview":"max-video-preview:-1"},"canonical":"https:\/\/www.northsailing.is\/fr\/a-propos-de-north-sailing\/","og_locale":"fr_FR","og_type":"article","og_title":"\u00c0 propos de North Sailing","og_description":"North Sailing est une entreprise familiale de H\u00fasav\u00edk, qui propose des voyages d'observation des baleines et d'aventure en Islande depuis 1995.","og_url":"https:\/\/www.northsailing.is\/fr\/a-propos-de-north-sailing\/","og_site_name":"North Sailing","article_publisher":"https:\/\/www.facebook.com\/whalewatchingiceland\/","article_modified_time":"2022-03-30T10:35:18+00:00","og_image":[{"url":"https:\/\/www.northsailing.is\/wp-content\/uploads\/2021\/05\/schooner-haukur-sailing.jpg"}],"twitter_card":"summary_large_image","twitter_site":"@northsailing","twitter_misc":{"Dur\u00e9e de lecture estim\u00e9e":"2 minutes"},"schema":{"@context":"https:\/\/schema.org","@graph":[{"@type":"WebPage","@id":"https:\/\/www.northsailing.is\/fr\/a-propos-de-north-sailing\/","url":"https:\/\/www.northsailing.is\/fr\/a-propos-de-north-sailing\/","name":"\u00c0 propos de North Sailing","isPartOf":{"@id":"https:\/\/www.northsailing.is\/fr\/#website"},"datePublished":"2017-05-03T10:48:07+00:00","dateModified":"2022-03-30T10:35:18+00:00","description":"North Sailing est une entreprise familiale de H\u00fasav\u00edk, qui propose des voyages d'observation des baleines et d'aventure en Islande depuis 1995.","breadcrumb":{"@id":"https:\/\/www.northsailing.is\/fr\/a-propos-de-north-sailing\/#breadcrumb"},"inLanguage":"fr-FR","potentialAction":[{"@type":"ReadAction","target":["https:\/\/www.northsailing.is\/fr\/a-propos-de-north-sailing\/"]}]},{"@type":"BreadcrumbList","@id":"https:\/\/www.northsailing.is\/fr\/a-propos-de-north-sailing\/#breadcrumb","itemListElement":[{"@type":"ListItem","position":1,"name":"Home","item":"https:\/\/www.northsailing.is\/fr\/"},{"@type":"ListItem","position":2,"name":"\u00c0 propos de North Sailing"}]},{"@type":"WebSite","@id":"https:\/\/www.northsailing.is\/fr\/#website","url":"https:\/\/www.northsailing.is\/fr\/","name":"North Sailing","description":"Whale Watching Tours from Husavik Iceland","publisher":{"@id":"https:\/\/www.northsailing.is\/fr\/#organization"},"potentialAction":[{"@type":"SearchAction","target":{"@type":"EntryPoint","urlTemplate":"https:\/\/www.northsailing.is\/fr\/?s={search_term_string}"},"query-input":"required name=search_term_string"}],"inLanguage":"fr-FR"},{"@type":"Organization","@id":"https:\/\/www.northsailing.is\/fr\/#organization","name":"North Sailing","url":"https:\/\/www.northsailing.is\/fr\/","logo":{"@type":"ImageObject","inLanguage":"fr-FR","@id":"https:\/\/www.northsailing.is\/fr\/#\/schema\/logo\/image\/","url":"https:\/\/www.northsailing.is\/wp-content\/uploads\/2017\/05\/north-sailing-logo-retina.png","contentUrl":"https:\/\/www.northsailing.is\/wp-content\/uploads\/2017\/05\/north-sailing-logo-retina.png","width":446,"height":106,"caption":"North Sailing"},"image":{"@id":"https:\/\/www.northsailing.is\/fr\/#\/schema\/logo\/image\/"},"sameAs":["https:\/\/www.instagram.com\/northsailing\/","https:\/\/www.youtube.com\/user\/northsailing\/","https:\/\/www.facebook.com\/whalewatchingiceland\/","https:\/\/twitter.com\/northsailing"]}]}},"_links":{"self":[{"href":"https:\/\/www.northsailing.is\/fr\/wp-json\/wp\/v2\/pages\/12828","targetHints":{"allow":["GET"]}}],"collection":[{"href":"https:\/\/www.northsailing.is\/fr\/wp-json\/wp\/v2\/pages"}],"about":[{"href":"https:\/\/www.northsailing.is\/fr\/wp-json\/wp\/v2\/types\/page"}],"author":[{"embeddable":true,"href":"https:\/\/www.northsailing.is\/fr\/wp-json\/wp\/v2\/users\/1"}],"replies":[{"embeddable":true,"href":"https:\/\/www.northsailing.is\/fr\/wp-json\/wp\/v2\/comments?post=12828"}],"version-history":[{"count":0,"href":"https:\/\/www.northsailing.is\/fr\/wp-json\/wp\/v2\/pages\/12828\/revisions"}],"wp:attachment":[{"href":"https:\/\/www.northsailing.is\/fr\/wp-json\/wp\/v2\/media?parent=12828"}],"curies":[{"name":"wp","href":"https:\/\/api.w.org\/{rel}","templated":true}]}}