{"id":5767,"date":"2017-05-03T10:48:07","date_gmt":"2017-05-03T10:48:07","guid":{"rendered":"https:\/\/www.northsailing.is\/about-north-sailing\/"},"modified":"2026-02-26T15:58:12","modified_gmt":"2026-02-26T15:58:12","slug":"um-nordursiglingu","status":"publish","type":"page","link":"https:\/\/www.northsailing.is\/is\/um-nordursiglingu\/","title":{"rendered":"Um Nor\u00f0ursiglingu"},"content":{"rendered":"<section class=\"wpb-content-wrapper\"><p>[vc_row][vc_column][vc_column_text]<img loading=\"lazy\" decoding=\"async\" class=\"size-full wp-image-6443\" src=\"https:\/\/www.northsailing.is\/wp-content\/uploads\/2021\/05\/schooner-haukur-sailing.jpg\" alt=\"Skonnortan Haukur \u00e1 siglingu um Skj\u00e1lfanda\" width=\"1500\" height=\"1000\" srcset=\"https:\/\/www.northsailing.is\/wp-content\/uploads\/2021\/05\/schooner-haukur-sailing.jpg 1500w, https:\/\/www.northsailing.is\/wp-content\/uploads\/2021\/05\/schooner-haukur-sailing-300x200.jpg 300w, https:\/\/www.northsailing.is\/wp-content\/uploads\/2021\/05\/schooner-haukur-sailing-1024x683.jpg 1024w, https:\/\/www.northsailing.is\/wp-content\/uploads\/2021\/05\/schooner-haukur-sailing-768x512.jpg 768w\" sizes=\"auto, (max-width: 1500px) 100vw, 1500px\" \/>[\/vc_column_text][vc_column_text]<\/p>\n<h1>\u00c6vint\u00fdri \u00e1 sj\u00f3 me\u00f0 Nor\u00f0ursiglingu<\/h1>\n<h2>\u00dea\u00f0 er \u00f3l\u00fdsanleg upplifun a\u00f0 l\u00ed\u00f0a um haffl\u00f6tinn vi\u00f0 heimskautsbaug, um bor\u00f0 \u00ed fallegum \u00edslenskum eikarb\u00e1t, umkringdur hv\u00f6lum og \u00e6gifagurri n\u00e1tt\u00faru. Nor\u00f0ursigling er fj\u00f6lskyldufyrirt\u00e6ki me\u00f0 heimah\u00f6fn \u00e1 H\u00fasav\u00edk og hefur bo\u00f0i\u00f0 upp \u00e1 hvalasko\u00f0un og \u00e6vint\u00fdrasiglingar allt fr\u00e1 \u00e1rinu 1995. Fyrirt\u00e6ki\u00f0 er margver\u00f0launa\u00f0 fyrir frumkv\u00f6\u00f0lastarf \u00ed umhverfisv\u00e6nni fer\u00f0a\u00fej\u00f3nustu og hefur vaki\u00f0 heimsathygli fyrir n\u00fdsk\u00f6pun og var\u00f0veislu \u00e1 norr\u00e6num menningararfi.<\/h2>\n<p>[\/vc_column_text][vc_column_text]<\/p>\n<h2>Velkomin til H\u00fasav\u00edkur: H\u00f6fu\u00f0borg hvalasko\u00f0unar \u00ed Evr\u00f3pu<\/h2>\n<p>H\u00fasav\u00edk vi\u00f0 Skj\u00e1lfandafl\u00f3a er merkilegur og \u00e1hugaver\u00f0ur \u00e1fangasta\u00f0ur. Allt fr\u00e1 landn\u00e1mi hefur samspil \u00edb\u00faa vi\u00f0 hafi\u00f0 veri\u00f0 l\u00edf\u00e6\u00f0 samf\u00e9lagsins. Var\u00f0veisla og uppbygging hafnarsv\u00e6\u00f0isins ber \u00feess enn merki a\u00f0 sj\u00f3s\u00f3kn og strandmenning leiki \u00fear lykilhlutverk. Nor\u00f0ursigling var \u00ed fararbroddi \u00edslenskra fyrirt\u00e6kja og h\u00f3f fyrst \u00feeirra a\u00f0 bj\u00f3\u00f0a upp \u00e1 skipulag\u00f0ar fer\u00f0ir \u00ed hvalasko\u00f0un \u00e1 Skj\u00e1lfandafl\u00f3a \u00e1ri\u00f0 1995. Strax fr\u00e1 upphafi var lj\u00f3st a\u00f0 \u00feessi n\u00e1tt\u00faruupplifun var einst\u00f6k og lag\u00f0i grunninn a\u00f0 or\u00f0spori H\u00fasav\u00edkur sem h\u00f6fu\u00f0borgar hvalasko\u00f0unar \u00ed Evr\u00f3pu. \u00c1 H\u00fasav\u00edk er auk \u00feess hi\u00f0 gl\u00e6silega Hvalasafn \u00fear sem gestir geta l\u00e6rt allt um hvali, s\u00f6gu og menningu tengda hv\u00f6lum \u00e1 \u00cdslandi. \u00dear er h\u00e6gt a\u00f0 sj\u00e1 beinagrindur af fj\u00f6lm\u00f6rgum hv\u00f6lum me\u00f0al annars af hinni mikilfenglegu steypirey\u00f0. \u00c1 H\u00fasav\u00edk er einnig starfr\u00e6kt ranns\u00f3knasetur \u00e1 vegum H\u00e1sk\u00f3la \u00cdslands sem sinnir mikilv\u00e6gu starfi vi\u00f0 a\u00f0 kortleggja og kynnast \u00feessum st\u00f3rkostlegu d\u00fdrum enn betur.[\/vc_column_text][\/vc_column][\/vc_row][vc_row margin_top=&#8220;25&#8243; margin_bottom=&#8220;40&#8243; css=&#8220;.vc_custom_1621435932248{margin-bottom: 50px !important;}&#8220;][vc_column width=&#8220;1\/2&#8243;][vc_column_text]<\/p>\n<div id=\"attachment_6446\" style=\"width: 1034px\" class=\"wp-caption aligncenter\"><img loading=\"lazy\" decoding=\"async\" aria-describedby=\"caption-attachment-6446\" class=\"size-large wp-image-6446\" src=\"https:\/\/www.northsailing.is\/wp-content\/uploads\/2021\/05\/sailing-out-from-husavik-1024x683.jpg\" alt=\"Siglt fr\u00e1 H\u00fasav\u00edkurh\u00f6fn \u00a9 Rafnar Orri Gunnarsson\" width=\"1024\" height=\"683\" srcset=\"https:\/\/www.northsailing.is\/wp-content\/uploads\/2021\/05\/sailing-out-from-husavik-1024x683.jpg 1024w, https:\/\/www.northsailing.is\/wp-content\/uploads\/2021\/05\/sailing-out-from-husavik-300x200.jpg 300w, https:\/\/www.northsailing.is\/wp-content\/uploads\/2021\/05\/sailing-out-from-husavik-768x512.jpg 768w, https:\/\/www.northsailing.is\/wp-content\/uploads\/2021\/05\/sailing-out-from-husavik.jpg 1500w\" sizes=\"auto, (max-width: 1024px) 100vw, 1024px\" \/><p id=\"caption-attachment-6446\" class=\"wp-caption-text\">Siglt fr\u00e1 H\u00fasav\u00edkurh\u00f6fn \u00a9 Rafnar Orri Gunnarsson<\/p><\/div>\n<p>[\/vc_column_text][\/vc_column][vc_column width=&#8220;1\/2&#8243;][vc_column_text]<\/p>\n<div id=\"attachment_6448\" style=\"width: 1034px\" class=\"wp-caption aligncenter\"><img loading=\"lazy\" decoding=\"async\" aria-describedby=\"caption-attachment-6448\" class=\"size-large wp-image-6448\" src=\"https:\/\/www.northsailing.is\/wp-content\/uploads\/2021\/05\/haukur-with-humpbacks-1024x683.jpg\" alt=\"Hn\u00fafubakar og skonnortan Haukur\" width=\"1024\" height=\"683\" srcset=\"https:\/\/www.northsailing.is\/wp-content\/uploads\/2021\/05\/haukur-with-humpbacks-1024x683.jpg 1024w, https:\/\/www.northsailing.is\/wp-content\/uploads\/2021\/05\/haukur-with-humpbacks-300x200.jpg 300w, https:\/\/www.northsailing.is\/wp-content\/uploads\/2021\/05\/haukur-with-humpbacks-768x512.jpg 768w, https:\/\/www.northsailing.is\/wp-content\/uploads\/2021\/05\/haukur-with-humpbacks-1536x1024.jpg 1536w, https:\/\/www.northsailing.is\/wp-content\/uploads\/2021\/05\/haukur-with-humpbacks.jpg 1920w\" sizes=\"auto, (max-width: 1024px) 100vw, 1024px\" \/><p id=\"caption-attachment-6448\" class=\"wp-caption-text\">Hn\u00fafubakar og skonnortan Haukur<\/p><\/div>\n<p>[\/vc_column_text][\/vc_column][\/vc_row][vc_row][vc_column][vc_column_text]<\/p>\n<h2>Einstakar hvalasko\u00f0unarfer\u00f0ir vi\u00f0 allra h\u00e6fi<\/h2>\n<p>Nor\u00f0ursigling b\u00fd\u00f0ur upp \u00e1 fj\u00f6lbreyttar fer\u00f0ir \u00ed hvalasko\u00f0un fr\u00e1 H\u00fasav\u00edk. Vins\u00e6lasta fer\u00f0in er \u00e1n vafa \u00feriggja t\u00edma hvalasko\u00f0un um bor\u00f0 \u00ed hef\u00f0bundnum \u00edslenskum eikarb\u00e1tum. Hvala- og fuglasko\u00f0unarfer\u00f0ir \u00fear sem siglt er \u00ed kringum Lundey nj\u00f3ta einnig vaxandi vins\u00e6lda, ekki s\u00edst me\u00f0al fj\u00f6lskyldna. Hvalasko\u00f0un \u00e1 seglsk\u00fatum Nor\u00f0ursiglingar er s\u00ed\u00f0an einst\u00f6k upplifun \u00fear sem far\u00feegar l\u00e6ra um s\u00f6gu sk\u00fatanna og taka \u00fe\u00e1tt \u00ed a\u00f0 setja upp segl. S\u00ed\u00f0ast en ekki s\u00edst \u00fe\u00e1 er Nor\u00f0ursigling eina fyrirt\u00e6ki landsins sem b\u00fd\u00f0ur upp \u00e1 hvalasko\u00f0un \u00e1 rafmagnsb\u00e1t sem gengur eing\u00f6ngu fyrir gr\u00e6nu (\u00edslensku) rafmagni og l\u00ed\u00f0ur hlj\u00f3\u00f0laust um me\u00f0al hvalanna. \u00cd \u00f6llum fer\u00f0um f\u00e1 far\u00feegar hl\u00fdjan \u00f6ryggisgalla og einnig er bo\u00f0i\u00f0 upp \u00e1 heitt kak\u00f3 og kanilsn\u00fa\u00f0a \u00e1 siglingunni heim.[\/vc_column_text][vc_column_text]<\/p>\n<h2>St\u00f3rhveli og steypirey\u00f0ar<\/h2>\n<p>\u00dea\u00f0 er engin tilviljun a\u00f0 hvalasko\u00f0un \u00e1 Skj\u00e1lfandafl\u00f3a s\u00e9 vins\u00e6l af\u00fereying. Fj\u00f6lmargar tegundir hvala leggja \u00feanga\u00f0 lei\u00f0 s\u00edna og dvelja \u00ed kj\u00f6ra\u00f0st\u00e6\u00f0um (fyrir f\u00e6\u00f0u\u00f6flun). \u00cd fer\u00f0unum er algengast a\u00f0 sj\u00e1 hinn skemmtilega hn\u00fafubak en einnig sj\u00e1st \u00fear all oft hrefnur, hn\u00fd\u00f0ingar og hn\u00edsur. Lang- og sandrey\u00f0ar er stundum a\u00f0 finna \u00ed fl\u00f3anum og andarnefjur og h\u00e1hyrninga einnig. Skj\u00e1lfandafl\u00f3i er auk \u00feess einn \u00f6rf\u00e1rra sta\u00f0a \u00ed heiminum sem vita\u00f0 er til a\u00f0 st\u00e6rsta d\u00fdr jar\u00f0ar, steypirey\u00f0urin, hafi reglulega vi\u00f0komu, v\u00e6gast sagt tilkomumikil sj\u00f3n. Fuglal\u00edf er einnig fj\u00f6rugt \u00e1 fl\u00f3anum \u00fear sem \u00fdmsir sj\u00f3fuglar leika listir s\u00ednar og \u00fea\u00f0 er ekki s\u00edst blessa\u00f0ur lundinn sem vekur hva\u00f0 mesta athygli gesta. Yfir sumart\u00edmann er n\u00e1nast \u00f6ruggt a\u00f0 sj\u00e1 hvali \u00ed fer\u00f0um Nor\u00f0ursiglingar.[\/vc_column_text][vc_column_text]<\/p>\n<h2>\u00c1str\u00ed\u00f0ufullur mannau\u00f0ur og r\u00f3tgr\u00f3in saga<\/h2>\n<p>Hj\u00e1 Nor\u00f0ursiglingu starfar samstilltur h\u00f3pur f\u00f3lks sem deilir mikilli \u00e1str\u00ed\u00f0u fyrir siglingum og ber mikla vir\u00f0ingu fyrir n\u00e1tt\u00faru og d\u00fdrum. Nor\u00f0lenskir skipstj\u00f3rar me\u00f0 \u00e1ratuga reynslu af sj\u00f3s\u00f3kn \u00e1 sv\u00e6\u00f0inu mynda skemmtilega bl\u00f6ndu me\u00f0 fj\u00f6l\u00fej\u00f3\u00f0legum lei\u00f0s\u00f6gum\u00f6nnum. Innan fyrirt\u00e6kisins hefur myndast gr\u00ed\u00f0arleg \u00feekking \u00e1 umhverfi og l\u00edfr\u00edki fl\u00f3ans auk \u00feess sem endurger\u00f0 og vi\u00f0hald hins gl\u00e6silega flota fer a\u00f0 miklu leyti fram \u00ed H\u00fasav\u00edkurslipp, sem rekinn er af Nor\u00f0ursiglingu. Markmi\u00f0 Nor\u00f0ursiglingar hefur fr\u00e1 upphafi veri\u00f0 a\u00f0 efla sj\u00e1lfb\u00e6ra fer\u00f0a\u00fej\u00f3nustu og hefur fyrirt\u00e6ki\u00f0 lagt metna\u00f0 sinn \u00ed a\u00f0 endurn\u00fdja og vi\u00f0halda g\u00f6mlum eikarskipum.[\/vc_column_text][\/vc_column][\/vc_row][vc_row margin_bottom=&#8220;50&#8243;][vc_column width=&#8220;1\/2&#8243;][vc_column_text]<\/p>\n<div id=\"attachment_6454\" style=\"width: 1034px\" class=\"wp-caption aligncenter\"><img loading=\"lazy\" decoding=\"async\" aria-describedby=\"caption-attachment-6454\" class=\"size-large wp-image-6454\" src=\"https:\/\/www.northsailing.is\/wp-content\/uploads\/2021\/05\/opal-sailing-in-greenland-1024x683.jpg\" alt=\"Opal \u00e1 siglingu vi\u00f0 strendur Gr\u00e6nlands\" width=\"1024\" height=\"683\" srcset=\"https:\/\/www.northsailing.is\/wp-content\/uploads\/2021\/05\/opal-sailing-in-greenland-1024x683.jpg 1024w, https:\/\/www.northsailing.is\/wp-content\/uploads\/2021\/05\/opal-sailing-in-greenland-300x200.jpg 300w, https:\/\/www.northsailing.is\/wp-content\/uploads\/2021\/05\/opal-sailing-in-greenland-768x512.jpg 768w, https:\/\/www.northsailing.is\/wp-content\/uploads\/2021\/05\/opal-sailing-in-greenland.jpg 1500w\" sizes=\"auto, (max-width: 1024px) 100vw, 1024px\" \/><p id=\"caption-attachment-6454\" class=\"wp-caption-text\">Opal \u00e1 siglingu vi\u00f0 strendur Gr\u00e6nlands<\/p><\/div>\n<p>[\/vc_column_text][\/vc_column][vc_column width=&#8220;1\/2&#8243;][vc_column_text]<\/p>\n<div id=\"attachment_6456\" style=\"width: 1034px\" class=\"wp-caption aligncenter\"><img loading=\"lazy\" decoding=\"async\" aria-describedby=\"caption-attachment-6456\" class=\"size-large wp-image-6456\" src=\"https:\/\/www.northsailing.is\/wp-content\/uploads\/2021\/05\/northern-lights-greenland-by-orvar-atli-1024x679.jpg\" alt=\"Sk\u00fatur Nor\u00f0ursiglingar undir nor\u00f0urlj\u00f3sum \u00ed Scoresbysundi \u00a9 \u00d6rvar Atli \u00deorgeirsson\" width=\"1024\" height=\"679\" srcset=\"https:\/\/www.northsailing.is\/wp-content\/uploads\/2021\/05\/northern-lights-greenland-by-orvar-atli-1024x679.jpg 1024w, https:\/\/www.northsailing.is\/wp-content\/uploads\/2021\/05\/northern-lights-greenland-by-orvar-atli-300x199.jpg 300w, https:\/\/www.northsailing.is\/wp-content\/uploads\/2021\/05\/northern-lights-greenland-by-orvar-atli-768x509.jpg 768w, https:\/\/www.northsailing.is\/wp-content\/uploads\/2021\/05\/northern-lights-greenland-by-orvar-atli.jpg 1500w\" sizes=\"auto, (max-width: 1024px) 100vw, 1024px\" \/><p id=\"caption-attachment-6456\" class=\"wp-caption-text\">Sk\u00fatur Nor\u00f0ursiglingar undir nor\u00f0urlj\u00f3sum \u00ed Scoresbysundi \u00a9 \u00d6rvar Atli \u00deorgeirsson<\/p><\/div>\n<p>[\/vc_column_text][\/vc_column][\/vc_row][vc_row][vc_column][vc_column_text]<\/p>\n<h2>Rafmagnsskonnortan \u00d3pal, s\u00fa fyrsta sinnar tegundar \u00ed heiminum<\/h2>\n<p>\u00c1ri\u00f0 2015 var einstakt rafmagnskerfi seglskipsins Opal v\u00edgt \u00e1 H\u00fasav\u00edk. \u00cd framhaldi var\u00f0 Nor\u00f0ursigling fyrst \u00e1 heimsv\u00edsu a\u00f0 bj\u00f3\u00f0a upp \u00e1 kolefnislausar hvalasko\u00f0unarfer\u00f0ir me\u00f0 \u00fev\u00ed a\u00f0 nota eing\u00f6ngu rafmagn og vind til framdriftar \u00ed fer\u00f0unum. \u00c1ri s\u00ed\u00f0ar b\u00e6ttist svo annar rafmagnsb\u00e1tur fyrirt\u00e6kisins \u00ed flotann og hlaut hi\u00f0 mj\u00f6g svo vi\u00f0eigandi nafn Andvari.[\/vc_column_text][vc_column_text]<\/p>\n<h2>\u00c6vint\u00fdrafer\u00f0ir \u00e1 nor\u00f0l\u00e6gari sl\u00f3\u00f0ir<\/h2>\n<p>Nor\u00f0ursigling b\u00fd\u00f0ur upp \u00e1 algj\u00f6rlega einstakar \u00e6vint\u00fdrasiglingar \u00e1 sk\u00fatum s\u00ednum um nor\u00f0l\u00e6gar sl\u00f3\u00f0ir. Vikulangar siglingar um st\u00e6rsta fjar\u00f0akerfi jar\u00f0ar, Scoresbysund \u00e1 Austur-Gr\u00e6nlandi hafa fest sig \u00ed sessi en fyrirt\u00e6ki\u00f0 hefur bo\u00f0i\u00f0 upp \u00e1 \u00fe\u00e6r s\u00ed\u00f0an 2011. Mikil eftirspurn er eftir fer\u00f0unum enda \u00f3tr\u00falegt t\u00e6kif\u00e6ri a\u00f0 upplifa heila viku um bor\u00f0 \u00ed seglsk\u00fatu \u00ed fj\u00f6lbreyttri n\u00e1tt\u00faru fjar\u00f0arins, \u00fear sem hver dagur er einstakur. Fyrirt\u00e6ki\u00f0 hefur einnig bo\u00f0i\u00f0 upp \u00e1 sk\u00ed\u00f0afer\u00f0ir \u00e1 \u00cdslandi og \u00ed Nor\u00f0ur-Noregi auk \u00feess sem sk\u00faturnar hafa fari\u00f0 \u00ed s\u00e9rfer\u00f0ir til Jan Mayen, Svalbar\u00f0a og Gr\u00e6nlands.[\/vc_column_text][vc_column_text]<\/p>\n<h2>\u00d6nnur starfsemi<\/h2>\n<p>Nor\u00f0ursigling hefur fr\u00e1 \u00e1rinu 2015 einnig bo\u00f0i\u00f0 upp \u00e1 hvalasko\u00f0un \u00ed Eyjafir\u00f0i, fyrst fr\u00e1 Hjalteyri og s\u00ed\u00f0ar \u00c1rsk\u00f3gssandi.<\/p>\n<p>Nor\u00f0ursigling \u00e1 einnig veitingasta\u00f0inn Gamla Bauk \u00e1 H\u00fasav\u00edk sem bygg\u00f0ur er \u00far rekavi\u00f0 og er fallega skreyttur margv\u00edslegum munum og safngripum \u00far sj\u00f3s\u00f3kn og \u00fatger\u00f0 \u00e1 sv\u00e6\u00f0inu. D\u00e1samlegur veitingasta\u00f0ur me\u00f0 fr\u00e1b\u00e6rt \u00fats\u00fdni yfir h\u00f6fnina.<\/p>\n<p>Nor\u00f0ursigling t\u00f3k einnig \u00fe\u00e1tt \u00ed uppbyggingu hinna gl\u00e6silegu Sj\u00f3ba\u00f0a \u00e1 H\u00fasav\u00edk sem opnu\u00f0u \u00e1ri\u00f0 2018 og hafa sannarlega slegi\u00f0 \u00ed gegn me\u00f0 \u00f3vi\u00f0jafnanlegt \u00fats\u00fdni yfir Skj\u00e1lfandafl\u00f3a.[\/vc_column_text][\/vc_column][\/vc_row]<\/p>\n<\/section>","protected":false},"excerpt":{"rendered":"<p>[vc_row][vc_column][vc_column_text][\/vc_column_text][vc_column_text] \u00c6vint\u00fdri \u00e1 sj\u00f3 me\u00f0 Nor\u00f0ursiglingu \u00dea\u00f0 er \u00f3l\u00fdsanleg upplifun a\u00f0 l\u00ed\u00f0a um haffl\u00f6tinn vi\u00f0 heimskautsbaug, um bor\u00f0 \u00ed fallegum \u00edslenskum eikarb\u00e1t, umkringdur hv\u00f6lum og \u00e6gifagurri n\u00e1tt\u00faru. Nor\u00f0ursigling er fj\u00f6lskyldufyrirt\u00e6ki me\u00f0 heimah\u00f6fn \u00e1 H\u00fasav\u00edk og hefur bo\u00f0i\u00f0 upp \u00e1 hvalasko\u00f0un og \u00e6vint\u00fdrasiglingar allt fr\u00e1 \u00e1rinu 1995. Fyrirt\u00e6ki\u00f0 er margver\u00f0launa\u00f0 fyrir frumkv\u00f6\u00f0lastarf \u00ed umhverfisv\u00e6nni fer\u00f0a\u00fej\u00f3nustu og&hellip;<\/p>\n","protected":false},"author":1,"featured_media":0,"parent":0,"menu_order":0,"comment_status":"closed","ping_status":"closed","template":"","meta":{"footnotes":""},"class_list":["post-5767","page","type-page","status-publish","hentry","description-off"],"yoast_head":"<!-- This site is optimized with the Yoast SEO Premium plugin v19.5 (Yoast SEO v19.11) - https:\/\/yoast.com\/wordpress\/plugins\/seo\/ -->\n<title>Nor\u00f0ursigling - Umhverfisv\u00e6na hvalasko\u00f0unarfyrirt\u00e6ki\u00f0<\/title>\n<meta name=\"description\" content=\"Nor\u00f0ursigling er fj\u00f6lskyldufyrirt\u00e6ki me\u00f0 heimah\u00f6fn \u00e1 H\u00fasav\u00edk og hefur bo\u00f0i\u00f0 upp \u00e1 hvalasko\u00f0un og \u00e6vint\u00fdrasiglingar allt fr\u00e1 \u00e1rinu 1995.\" \/>\n<meta name=\"robots\" content=\"index, follow, max-snippet:-1, max-image-preview:large, max-video-preview:-1\" \/>\n<link rel=\"canonical\" href=\"https:\/\/www.northsailing.is\/is\/um-nordursiglingu\/\" \/>\n<meta property=\"og:locale\" content=\"is_IS\" \/>\n<meta property=\"og:type\" content=\"article\" \/>\n<meta property=\"og:title\" content=\"Um Nor\u00f0ursiglingu\" \/>\n<meta property=\"og:description\" content=\"Nor\u00f0ursigling er fj\u00f6lskyldufyrirt\u00e6ki me\u00f0 heimah\u00f6fn \u00e1 H\u00fasav\u00edk og hefur bo\u00f0i\u00f0 upp \u00e1 hvalasko\u00f0un og \u00e6vint\u00fdrasiglingar allt fr\u00e1 \u00e1rinu 1995.\" \/>\n<meta property=\"og:url\" content=\"https:\/\/www.northsailing.is\/is\/um-nordursiglingu\/\" \/>\n<meta property=\"og:site_name\" content=\"North Sailing\" \/>\n<meta property=\"article:publisher\" content=\"https:\/\/www.facebook.com\/whalewatchingiceland\/\" \/>\n<meta property=\"article:modified_time\" content=\"2026-02-26T15:58:12+00:00\" \/>\n<meta property=\"og:image\" content=\"https:\/\/www.northsailing.is\/wp-content\/uploads\/2021\/05\/schooner-haukur-sailing.jpg\" \/>\n<meta name=\"twitter:card\" content=\"summary_large_image\" \/>\n<meta name=\"twitter:site\" content=\"@northsailing\" \/>\n<meta name=\"twitter:label1\" content=\"Est. reading time\" \/>\n\t<meta name=\"twitter:data1\" content=\"5 minutes\" \/>\n<script type=\"application\/ld+json\" class=\"yoast-schema-graph\">{\"@context\":\"https:\/\/schema.org\",\"@graph\":[{\"@type\":\"WebPage\",\"@id\":\"https:\/\/www.northsailing.is\/is\/um-nordursiglingu\/\",\"url\":\"https:\/\/www.northsailing.is\/is\/um-nordursiglingu\/\",\"name\":\"Nor\u00f0ursigling - Umhverfisv\u00e6na hvalasko\u00f0unarfyrirt\u00e6ki\u00f0\",\"isPartOf\":{\"@id\":\"https:\/\/www.northsailing.is\/is\/#website\"},\"datePublished\":\"2017-05-03T10:48:07+00:00\",\"dateModified\":\"2026-02-26T15:58:12+00:00\",\"description\":\"Nor\u00f0ursigling er fj\u00f6lskyldufyrirt\u00e6ki me\u00f0 heimah\u00f6fn \u00e1 H\u00fasav\u00edk og hefur bo\u00f0i\u00f0 upp \u00e1 hvalasko\u00f0un og \u00e6vint\u00fdrasiglingar allt fr\u00e1 \u00e1rinu 1995.\",\"breadcrumb\":{\"@id\":\"https:\/\/www.northsailing.is\/is\/um-nordursiglingu\/#breadcrumb\"},\"inLanguage\":\"is\",\"potentialAction\":[{\"@type\":\"ReadAction\",\"target\":[\"https:\/\/www.northsailing.is\/is\/um-nordursiglingu\/\"]}]},{\"@type\":\"BreadcrumbList\",\"@id\":\"https:\/\/www.northsailing.is\/is\/um-nordursiglingu\/#breadcrumb\",\"itemListElement\":[{\"@type\":\"ListItem\",\"position\":1,\"name\":\"Home\",\"item\":\"https:\/\/www.northsailing.is\/is\/\"},{\"@type\":\"ListItem\",\"position\":2,\"name\":\"Um Nor\u00f0ursiglingu\"}]},{\"@type\":\"WebSite\",\"@id\":\"https:\/\/www.northsailing.is\/is\/#website\",\"url\":\"https:\/\/www.northsailing.is\/is\/\",\"name\":\"North Sailing\",\"description\":\"Whale Watching Tours from Husavik Iceland\",\"publisher\":{\"@id\":\"https:\/\/www.northsailing.is\/is\/#organization\"},\"potentialAction\":[{\"@type\":\"SearchAction\",\"target\":{\"@type\":\"EntryPoint\",\"urlTemplate\":\"https:\/\/www.northsailing.is\/is\/?s={search_term_string}\"},\"query-input\":\"required name=search_term_string\"}],\"inLanguage\":\"is\"},{\"@type\":\"Organization\",\"@id\":\"https:\/\/www.northsailing.is\/is\/#organization\",\"name\":\"North Sailing\",\"url\":\"https:\/\/www.northsailing.is\/is\/\",\"logo\":{\"@type\":\"ImageObject\",\"inLanguage\":\"is\",\"@id\":\"https:\/\/www.northsailing.is\/is\/#\/schema\/logo\/image\/\",\"url\":\"https:\/\/www.northsailing.is\/wp-content\/uploads\/2017\/05\/north-sailing-logo-retina.png\",\"contentUrl\":\"https:\/\/www.northsailing.is\/wp-content\/uploads\/2017\/05\/north-sailing-logo-retina.png\",\"width\":446,\"height\":106,\"caption\":\"North Sailing\"},\"image\":{\"@id\":\"https:\/\/www.northsailing.is\/is\/#\/schema\/logo\/image\/\"},\"sameAs\":[\"https:\/\/www.instagram.com\/northsailing\/\",\"https:\/\/www.youtube.com\/user\/northsailing\/\",\"https:\/\/www.facebook.com\/whalewatchingiceland\/\",\"https:\/\/twitter.com\/northsailing\"]}]}<\/script>\n<!-- \/ Yoast SEO Premium plugin. -->","yoast_head_json":{"title":"Nor\u00f0ursigling - Umhverfisv\u00e6na hvalasko\u00f0unarfyrirt\u00e6ki\u00f0","description":"Nor\u00f0ursigling er fj\u00f6lskyldufyrirt\u00e6ki me\u00f0 heimah\u00f6fn \u00e1 H\u00fasav\u00edk og hefur bo\u00f0i\u00f0 upp \u00e1 hvalasko\u00f0un og \u00e6vint\u00fdrasiglingar allt fr\u00e1 \u00e1rinu 1995.","robots":{"index":"index","follow":"follow","max-snippet":"max-snippet:-1","max-image-preview":"max-image-preview:large","max-video-preview":"max-video-preview:-1"},"canonical":"https:\/\/www.northsailing.is\/is\/um-nordursiglingu\/","og_locale":"is_IS","og_type":"article","og_title":"Um Nor\u00f0ursiglingu","og_description":"Nor\u00f0ursigling er fj\u00f6lskyldufyrirt\u00e6ki me\u00f0 heimah\u00f6fn \u00e1 H\u00fasav\u00edk og hefur bo\u00f0i\u00f0 upp \u00e1 hvalasko\u00f0un og \u00e6vint\u00fdrasiglingar allt fr\u00e1 \u00e1rinu 1995.","og_url":"https:\/\/www.northsailing.is\/is\/um-nordursiglingu\/","og_site_name":"North Sailing","article_publisher":"https:\/\/www.facebook.com\/whalewatchingiceland\/","article_modified_time":"2026-02-26T15:58:12+00:00","og_image":[{"url":"https:\/\/www.northsailing.is\/wp-content\/uploads\/2021\/05\/schooner-haukur-sailing.jpg"}],"twitter_card":"summary_large_image","twitter_site":"@northsailing","twitter_misc":{"Est. reading time":"5 minutes"},"schema":{"@context":"https:\/\/schema.org","@graph":[{"@type":"WebPage","@id":"https:\/\/www.northsailing.is\/is\/um-nordursiglingu\/","url":"https:\/\/www.northsailing.is\/is\/um-nordursiglingu\/","name":"Nor\u00f0ursigling - Umhverfisv\u00e6na hvalasko\u00f0unarfyrirt\u00e6ki\u00f0","isPartOf":{"@id":"https:\/\/www.northsailing.is\/is\/#website"},"datePublished":"2017-05-03T10:48:07+00:00","dateModified":"2026-02-26T15:58:12+00:00","description":"Nor\u00f0ursigling er fj\u00f6lskyldufyrirt\u00e6ki me\u00f0 heimah\u00f6fn \u00e1 H\u00fasav\u00edk og hefur bo\u00f0i\u00f0 upp \u00e1 hvalasko\u00f0un og \u00e6vint\u00fdrasiglingar allt fr\u00e1 \u00e1rinu 1995.","breadcrumb":{"@id":"https:\/\/www.northsailing.is\/is\/um-nordursiglingu\/#breadcrumb"},"inLanguage":"is","potentialAction":[{"@type":"ReadAction","target":["https:\/\/www.northsailing.is\/is\/um-nordursiglingu\/"]}]},{"@type":"BreadcrumbList","@id":"https:\/\/www.northsailing.is\/is\/um-nordursiglingu\/#breadcrumb","itemListElement":[{"@type":"ListItem","position":1,"name":"Home","item":"https:\/\/www.northsailing.is\/is\/"},{"@type":"ListItem","position":2,"name":"Um Nor\u00f0ursiglingu"}]},{"@type":"WebSite","@id":"https:\/\/www.northsailing.is\/is\/#website","url":"https:\/\/www.northsailing.is\/is\/","name":"North Sailing","description":"Whale Watching Tours from Husavik Iceland","publisher":{"@id":"https:\/\/www.northsailing.is\/is\/#organization"},"potentialAction":[{"@type":"SearchAction","target":{"@type":"EntryPoint","urlTemplate":"https:\/\/www.northsailing.is\/is\/?s={search_term_string}"},"query-input":"required name=search_term_string"}],"inLanguage":"is"},{"@type":"Organization","@id":"https:\/\/www.northsailing.is\/is\/#organization","name":"North Sailing","url":"https:\/\/www.northsailing.is\/is\/","logo":{"@type":"ImageObject","inLanguage":"is","@id":"https:\/\/www.northsailing.is\/is\/#\/schema\/logo\/image\/","url":"https:\/\/www.northsailing.is\/wp-content\/uploads\/2017\/05\/north-sailing-logo-retina.png","contentUrl":"https:\/\/www.northsailing.is\/wp-content\/uploads\/2017\/05\/north-sailing-logo-retina.png","width":446,"height":106,"caption":"North Sailing"},"image":{"@id":"https:\/\/www.northsailing.is\/is\/#\/schema\/logo\/image\/"},"sameAs":["https:\/\/www.instagram.com\/northsailing\/","https:\/\/www.youtube.com\/user\/northsailing\/","https:\/\/www.facebook.com\/whalewatchingiceland\/","https:\/\/twitter.com\/northsailing"]}]}},"_links":{"self":[{"href":"https:\/\/www.northsailing.is\/is\/wp-json\/wp\/v2\/pages\/5767","targetHints":{"allow":["GET"]}}],"collection":[{"href":"https:\/\/www.northsailing.is\/is\/wp-json\/wp\/v2\/pages"}],"about":[{"href":"https:\/\/www.northsailing.is\/is\/wp-json\/wp\/v2\/types\/page"}],"author":[{"embeddable":true,"href":"https:\/\/www.northsailing.is\/is\/wp-json\/wp\/v2\/users\/1"}],"replies":[{"embeddable":true,"href":"https:\/\/www.northsailing.is\/is\/wp-json\/wp\/v2\/comments?post=5767"}],"version-history":[{"count":1,"href":"https:\/\/www.northsailing.is\/is\/wp-json\/wp\/v2\/pages\/5767\/revisions"}],"predecessor-version":[{"id":19944,"href":"https:\/\/www.northsailing.is\/is\/wp-json\/wp\/v2\/pages\/5767\/revisions\/19944"}],"wp:attachment":[{"href":"https:\/\/www.northsailing.is\/is\/wp-json\/wp\/v2\/media?parent=5767"}],"curies":[{"name":"wp","href":"https:\/\/api.w.org\/{rel}","templated":true}]}}