{"id":5822,"date":"2017-05-29T14:26:19","date_gmt":"2017-05-29T14:26:19","guid":{"rendered":"https:\/\/www.northsailing.is\/terms-and-conditions\/"},"modified":"2021-09-13T12:58:54","modified_gmt":"2021-09-13T12:58:54","slug":"skilmalar","status":"publish","type":"page","link":"https:\/\/www.northsailing.is\/is\/skilmalar\/","title":{"rendered":"Skilm\u00e1lar"},"content":{"rendered":"<section class=\"wpb-content-wrapper\"><p>[vc_row][vc_column][vc_column_text]<\/p>\n<h1>Skilm\u00e1lar<\/h1>\n<p>[\/vc_column_text][\/vc_column][\/vc_row][vc_row margin_top=&#8220;35&#8243;][vc_column width=&#8220;1\/5&#8243;]<div class=\"ult-just-icon-wrapper  \"><div class=\"align-icon\" style=\"text-align:center;\">\n<div class=\"aio-icon circle \"  style=\"color:#404040;background:#f6fae9;font-size:32px;display:inline-block;\">\n\t<i class=\"fas fa-check\"><\/i>\n<\/div><\/div><\/div>[vc_column_text]<\/p>\n<h4 style=\"text-align: center; margin-top: 25px;\"><strong>Fr\u00ed afb\u00f3kun<\/strong><\/h4>\n<p style=\"text-align: center; font-size: 15px; line-height: 25px;\">Full endurgrei\u00f0sla ef \u00fe\u00fa afb\u00f3kar me\u00f0 24 klst fyrirvara<\/p>\n<p>[\/vc_column_text][\/vc_column][vc_column width=&#8220;1\/5&#8243;]<div class=\"ult-just-icon-wrapper  \"><div class=\"align-icon\" style=\"text-align:center;\">\n<div class=\"aio-icon circle \"  style=\"color:#404040;background:#f6fae9;font-size:32px;display:inline-block;\">\n\t<i class=\"dt-icon-the7-refresh-07\"><\/i>\n<\/div><\/div><\/div>[vc_column_text]<\/p>\n<h4 style=\"text-align: center; margin-top: 25px;\"><strong>Sveigjanleiki<\/strong><\/h4>\n<p style=\"text-align: center; font-size: 15px; line-height: 25px;\">Vi\u00f0 a\u00f0sto\u00f0um \u00feig vi\u00f0 a\u00f0 breyta og uppf\u00e6ra b\u00f3kunina \u00fe\u00edna<\/p>\n<p>[\/vc_column_text][\/vc_column][vc_column width=&#8220;1\/5&#8243;][vc_single_image image=&#8220;6158&#8243; alignment=&#8220;center&#8220; onclick=&#8220;custom_link&#8220; image_hovers=&#8220;false&#8220; link=&#8220;https:\/\/www.northsailing.is\/2021\/02\/08\/clean-safe-whale-watching\/&#8220;][\/vc_column][vc_column width=&#8220;1\/5&#8243;]<div class=\"ult-just-icon-wrapper  \"><div class=\"align-icon\" style=\"text-align:center;\">\n<div class=\"aio-icon circle \"  style=\"color:#404040;background:#f6fae9;font-size:32px;display:inline-block;\">\n\t<i class=\"icomoon-the7-font-the7-clock-01\"><\/i>\n<\/div><\/div><\/div>[vc_column_text]<\/p>\n<h4 style=\"text-align: center; margin-top: 25px;\"><strong>Borga s\u00ed\u00f0ar<\/strong><\/h4>\n<p style=\"text-align: center; font-size: 15px; line-height: 25px;\">B\u00f3ka\u00f0u n\u00fana og borga\u00f0u \u00feegar \u00fe\u00fa m\u00e6tir \u00e1 sta\u00f0inn<\/p>\n<p>[\/vc_column_text][\/vc_column][vc_column width=&#8220;1\/5&#8243;]<div class=\"ult-just-icon-wrapper  \"><div class=\"align-icon\" style=\"text-align:center;\">\n<div class=\"aio-icon circle \"  style=\"color:#404040;background:#f6fae9;font-size:32px;display:inline-block;\">\n\t<i class=\"fas fa-child\"><\/i>\n<\/div><\/div><\/div>[vc_column_text]<\/p>\n<h4 style=\"text-align: center; margin-top: 25px;\"><strong>Fr\u00edtt fyrir b\u00f6rn<\/strong><\/h4>\n<p style=\"text-align: center; font-size: 15px; line-height: 25px;\">Fr\u00ed hvalasko\u00f0un fyrir \u00f6ll b\u00f6rn<br \/>\n6 \u00e1ra og yngri<\/p>\n<p>[\/vc_column_text][\/vc_column][\/vc_row][vc_row el_class=&#8220;termsandconditions&#8220;][vc_column][vc_column_text]<\/p>\n<h3>Almennt<\/h3>\n<p>\u00d6ll samskipti er var\u00f0a \u00fej\u00f3nustu Nor\u00f0ursiglingar \u00e1 H\u00fasav\u00edk, \u00e1samt b\u00f3kunarbreytingum e\u00f0a afb\u00f3kunum skulu vera skriflegar, \u00ed s\u00edma e\u00f0a \u00e1 sta\u00f0num.<\/p>\n<h3>Breytingar \u00e1 fer\u00f0um<\/h3>\n<p>Nor\u00f0ursigling \u00e1skilur s\u00e9r r\u00e9tt til a\u00f0 breyta fer\u00f0um me\u00f0 stuttum fyrirvara. \u00dear er um a\u00f0 r\u00e6\u00f0a breytingar \u00e1 t\u00edmasetningum, b\u00e1tum, ger\u00f0 fer\u00f0ar og lengd hennar (sem r\u00e6\u00f0st af sta\u00f0setningu hvala \u00ed fl\u00f3anum, sj\u00f3lagi og ve\u00f0ri).<\/p>\n<h3>Heimas\u00ed\u00f0a<\/h3>\n<p>Allar okkar hvalasko\u00f0unarfer\u00f0ir er h\u00e6gt a\u00f0 b\u00f3ka \u00e1 heimas\u00ed\u00f0u Nor\u00f0ursiglingar. Ef b\u00f3ka\u00f0 er \u00e1 heimas\u00ed\u00f0u fyrirt\u00e6kisins muntu f\u00e1 sta\u00f0festingarp\u00f3st \u00e1samt b\u00f3kunarn\u00fameri \u00ed t\u00f6lvup\u00f3sti, \u00fear sem fram koma allar helstu uppl\u00fdsingar um fer\u00f0ina \u00fe\u00edna.<\/p>\n<h3>Afb\u00f3kunarskilm\u00e1lar hvalasko\u00f0unarfer\u00f0a<\/h3>\n<p>H\u00e6gt er a\u00f0 afb\u00f3ka allar hvalasko\u00f0unarfer\u00f0ir me\u00f0 24 klukkustunda fyrirvara me\u00f0 fullri endurgrei\u00f0slu. B\u00f3kanir sem ekki eru afb\u00f3ka\u00f0ar e\u00f0a afb\u00f3kast innan 24 klukkustunda skulu greiddar a\u00f0 fullu.<\/p>\n<h3>Afb\u00f3kunarskilm\u00e1lar lengri fer\u00f0a og lei\u00f0angra<\/h3>\n<p>25% af heildarupph\u00e6\u00f0inni ver\u00f0ur gjaldf\u00e6rt vi\u00f0 b\u00f3kun hvers lei\u00f0angurs. H\u00e6gt er a\u00f0 h\u00e6tta vi\u00f0 fer\u00f0ina, \u00fe\u00f3 eing\u00f6ngu skriflega, hven\u00e6r sem er fyrir brottf\u00f6r. Ef um er a\u00f0 r\u00e6\u00f0a einstaklingsp\u00f6ntun (1-9 \u00fe\u00e1tttakendur) hefur Nor\u00f0ursigling r\u00e9tt \u00e1 a\u00f0 krefjast eftirfarandi kostna\u00f0ar:<\/p>\n<p>Til og me\u00f0 60 d\u00f6gum fyrir brottf\u00f6r: 10% af heildarver\u00f0i.<br \/>\nFr\u00e1 59 d\u00f6gum og til og me\u00f0 30 d\u00f6gum fyrir brottf\u00f6r: 30% af heildarver\u00f0i.<br \/>\nFr\u00e1 29 d\u00f6gum og til og me\u00f0 15 d\u00f6gum fyrir brottf\u00f6r: 45% af heildarver\u00f0.<br \/>\nFr\u00e1 14 d\u00f6gum til og me\u00f0 6 d\u00f6gum fyrir brottf\u00f6r: 75% af heildarver\u00f0i.<br \/>\nFr\u00e1 5 d\u00f6gum til og me\u00f0 brottfarardegi: 100% af heildarver\u00f0i.<\/p>\n<h3>\u00d6ryggi og tr\u00fana\u00f0ur<\/h3>\n<p>Vi\u00f0 fylgjum \u00f6llum reglum pers\u00f3nuverndarlaga og takm\u00f6rkum \u00fev\u00ed a\u00f0gang a\u00f0 pers\u00f3nulegum uppl\u00fdsingum um \u00feig. Einungis er krafist l\u00e1gmarksuppl\u00fdsinga \u00ed b\u00f3kunarferli. Allar f\u00e6rslur kreditkorta eru sta\u00f0festar af Borgun ehf. og eru var\u00f0ar \u00e1 \u00f6llum t\u00edmum. SSL sk\u00edrteini tryggir dulk\u00f3\u00f0u\u00f0 og \u00f6rugg samskipti milli notenda og vefsv\u00e6\u00f0is, s.s. eins og kreditkortan\u00famer, nafn, heimilisfang og s\u00edman\u00famer.<\/p>\n<h3>B\u00f3ka\u00f0 \u00ed gegnum s\u00edma<\/h3>\n<p>Allar okkar hvalasko\u00f0unarfer\u00f0ir er h\u00e6gt a\u00f0 b\u00f3ka \u00ed gegnum s\u00edma. Haf\u00f0u samband vi\u00f0 \u00fej\u00f3nustuveri\u00f0 okkar \u00ed s\u00edma 464 7272.<\/p>\n<h3>T\u00f6lvup\u00f3stur<\/h3>\n<p>Allar okkar hvalasko\u00f0unarfer\u00f0ir er h\u00e6gt a\u00f0 b\u00f3ka \u00ed gegnum t\u00f6lvup\u00f3st. Haf\u00f0u samband \u00e1 <a href=\"mailto:info@nordursigling.is\">info@nordursigling.is<\/a><\/p>\n<h3>Brottfarir<\/h3>\n<p>Allar hvalasko\u00f0unarfer\u00f0ir fr\u00e1 H\u00fasav\u00edk hefjast \u00e1 h\u00f6fninni. Brottfarart\u00edmi er skilgreindur \u00e1 mi\u00f0anum sem \u00fe\u00fa f\u00e6r\u00f0 \u00fathluta\u00f0. \u00dea\u00f0 er \u00e1 \u00e1byrg\u00f0 k\u00fannans a\u00f0 innrita sig og koma \u00e1 r\u00e9ttum t\u00edma um bor\u00f0. Vinsamlegast m\u00e6ti\u00f0 30 m\u00edn\u00fatum fyrir brottf\u00f6r \u00ed mi\u00f0as\u00f6lu Nor\u00f0ursiglingar.<\/p>\n<h3>\u00c1byrg\u00f0<\/h3>\n<p>Nor\u00f0ursigling vinnur \u00ed g\u00f3\u00f0ri tr\u00fa og afsalar s\u00e9r \u00e1byrg\u00f0 \u00e1 tj\u00f3ni, skemmdum, slysum, veikindum e\u00f0a \u00e1\u00e6tlunarbreytingum af v\u00f6ldum ve\u00f0urs e\u00f0a \u00e1stands \u00e1 vegum, \u00f3vi\u00f0r\u00e1\u00f0anleika eins og n\u00e1tt\u00faruhamfara, verkfalla e\u00f0a hvers kyns \u00f3reglu sem Nor\u00f0ursigling hefur ekki stj\u00f3rn \u00e1. Nor\u00f0ursigling getur ekki bori\u00f0 \u00e1byrg\u00f0 \u00e1 ath\u00f6fnum, vanskilum e\u00f0a seinkun af v\u00f6ldum umbo\u00f0smanns, lei\u00f0s\u00f6gumanns, veitingasta\u00f0ar, h\u00f3tela, vagnstj\u00f3ra, flugf\u00e9lags e\u00f0a annarra einstaklinga e\u00f0a fyrirt\u00e6kja. Ef um er a\u00f0 r\u00e6\u00f0a breytingar \u00e1 flugi (innanlands og utan), er far\u00feeginn \u00e1byrgur fyrir \u00f6llum vi\u00f0b\u00f3tarkostna\u00f0i sem fellur til vegna sl\u00edkra breytinga, (\u00fe.e. vi\u00f0b\u00f3tar h\u00f3teln\u00e6tur, m\u00e1lt\u00ed\u00f0ir, flutningar osfrv.). Allur l\u00e6kniskostna\u00f0ur \u00e1 me\u00f0an \u00e1 fer\u00f0alaginu stendur ver\u00f0ur vi\u00f0skiptavinurinn a\u00f0 grei\u00f0a. Ekki er h\u00e6gt a\u00f0 gera fyrirt\u00e6ki\u00f0 \u00e1byrgt fyrir tj\u00f3ni sem far\u00feegi ver\u00f0ur fyrir vegna tafa, hvort sem tapi\u00f0 er beint e\u00f0a \u00f3beint.<\/p>\n<h3>Far\u00feegar me\u00f0 s\u00e9r\u00fearfir<\/h3>\n<p>Ef um er a\u00f0 r\u00e6\u00f0a s\u00e9r\u00fearfir af einhverju tagi skal hafa samband vi\u00f0 a\u00f0alskrifstofu Nor\u00f0ursiglingar og vi\u00f0 gerum okkar besta til a\u00f0 ver\u00f0a vi\u00f0 \u00f3skum vi\u00f0skiptavinarins.<\/p>\n<h3>Hj\u00f3last\u00f3lar<\/h3>\n<p>Hj\u00f3last\u00f3lar eru leyfilegir um bor\u00f0, far\u00feegum a\u00f0 kostna\u00f0arlausu. Ef m\u00f6guleiki er \u00e1, er m\u00e6lt me\u00f0 a\u00f0 hafa samband vi\u00f0 okkur svo vi\u00f0 getum veitt bestu m\u00f6gulegu \u00fej\u00f3nustuna. \u00c6skilegt er a\u00f0 hj\u00f3last\u00f3larnir s\u00e9u samanbrj\u00f3tanlegir en ekki nau\u00f0synlegt.<\/p>\n<h3>Kvartanir e\u00f0a a\u00f0rar athugasemdir<\/h3>\n<p>Vi\u00f0 t\u00f6kum \u00e1 m\u00f3ti \u00f6llum \u00feeim athugasemdum sem vi\u00f0skiptavinir okkar vilja koma \u00e1 framf\u00e6ri. Ef vi\u00f0skiptavinurinn er einhverra hluta vegna ekki \u00e1n\u00e6g\u00f0ur me\u00f0 \u00fej\u00f3nustuna, hvetjum vi\u00f0 vi\u00f0komandi eindregi\u00f0 til a\u00f0 setja sig \u00ed <a href=\"https:\/\/www.northsailing.is\/is\/hafa-samband\/\">samband vi\u00f0 okkur.<\/a>[\/vc_column_text][\/vc_column][\/vc_row]<\/p>\n<\/section>","protected":false},"excerpt":{"rendered":"<p>[vc_row][vc_column][vc_column_text] Skilm\u00e1lar [\/vc_column_text][\/vc_column][\/vc_row][vc_row margin_top=&#8220;35&#8243;][vc_column width=&#8220;1\/5&#8243;][vc_column_text] Fr\u00ed afb\u00f3kun Full endurgrei\u00f0sla ef \u00fe\u00fa afb\u00f3kar me\u00f0 24 klst fyrirvara [\/vc_column_text][\/vc_column][vc_column width=&#8220;1\/5&#8243;][vc_column_text] Sveigjanleiki Vi\u00f0 a\u00f0sto\u00f0um \u00feig vi\u00f0 a\u00f0 breyta og uppf\u00e6ra b\u00f3kunina \u00fe\u00edna [\/vc_column_text][\/vc_column][vc_column width=&#8220;1\/5&#8243;][vc_single_image image=&#8220;6158&#8243; alignment=&#8220;center&#8220; onclick=&#8220;custom_link&#8220; image_hovers=&#8220;false&#8220; link=&#8220;https:\/\/www.northsailing.is\/2021\/02\/08\/clean-safe-whale-watching\/&#8220;][\/vc_column][vc_column width=&#8220;1\/5&#8243;][vc_column_text] Borga s\u00ed\u00f0ar B\u00f3ka\u00f0u n\u00fana og borga\u00f0u \u00feegar \u00fe\u00fa m\u00e6tir \u00e1 sta\u00f0inn [\/vc_column_text][\/vc_column][vc_column width=&#8220;1\/5&#8243;][vc_column_text] Fr\u00edtt fyrir b\u00f6rn Fr\u00ed hvalasko\u00f0un&hellip;<\/p>\n","protected":false},"author":1,"featured_media":0,"parent":0,"menu_order":0,"comment_status":"closed","ping_status":"closed","template":"","meta":{"footnotes":""},"class_list":["post-5822","page","type-page","status-publish","hentry","description-off"],"yoast_head":"<!-- This site is optimized with the Yoast SEO Premium plugin v19.5 (Yoast SEO v19.11) - https:\/\/yoast.com\/wordpress\/plugins\/seo\/ -->\n<title>Skilm\u00e1lar vegna hvalasko\u00f0unarfer\u00f0a me\u00f0 Nor\u00f0ursiglingu<\/title>\n<meta name=\"description\" content=\"Kynntu \u00fe\u00e9r helstu skilm\u00e1la var\u00f0andi fer\u00f0ir Nor\u00f0ursiglingar. Athugi\u00f0 a\u00f0 m\u00e6ta \u00fearf \u00ed mi\u00f0as\u00f6luna 30 m\u00edn\u00fatum fyrir allar hvalasko\u00f0unarfer\u00f0ir.\" \/>\n<meta name=\"robots\" content=\"index, follow, max-snippet:-1, max-image-preview:large, max-video-preview:-1\" \/>\n<link rel=\"canonical\" href=\"https:\/\/www.northsailing.is\/is\/skilmalar\/\" \/>\n<meta property=\"og:locale\" content=\"is_IS\" \/>\n<meta property=\"og:type\" content=\"article\" \/>\n<meta property=\"og:title\" content=\"Skilm\u00e1lar\" \/>\n<meta property=\"og:description\" content=\"Kynntu \u00fe\u00e9r helstu skilm\u00e1la var\u00f0andi fer\u00f0ir Nor\u00f0ursiglingar. Athugi\u00f0 a\u00f0 m\u00e6ta \u00fearf \u00ed mi\u00f0as\u00f6luna 30 m\u00edn\u00fatum fyrir allar hvalasko\u00f0unarfer\u00f0ir.\" \/>\n<meta property=\"og:url\" content=\"https:\/\/www.northsailing.is\/is\/skilmalar\/\" \/>\n<meta property=\"og:site_name\" content=\"North Sailing\" \/>\n<meta property=\"article:publisher\" content=\"https:\/\/www.facebook.com\/whalewatchingiceland\/\" \/>\n<meta property=\"article:modified_time\" content=\"2021-09-13T12:58:54+00:00\" \/>\n<meta name=\"twitter:card\" content=\"summary_large_image\" \/>\n<meta name=\"twitter:site\" content=\"@northsailing\" \/>\n<meta name=\"twitter:label1\" content=\"Est. reading time\" \/>\n\t<meta name=\"twitter:data1\" content=\"3 minutes\" \/>\n<script type=\"application\/ld+json\" class=\"yoast-schema-graph\">{\"@context\":\"https:\/\/schema.org\",\"@graph\":[{\"@type\":\"WebPage\",\"@id\":\"https:\/\/www.northsailing.is\/is\/skilmalar\/\",\"url\":\"https:\/\/www.northsailing.is\/is\/skilmalar\/\",\"name\":\"Skilm\u00e1lar vegna hvalasko\u00f0unarfer\u00f0a me\u00f0 Nor\u00f0ursiglingu\",\"isPartOf\":{\"@id\":\"https:\/\/www.northsailing.is\/is\/#website\"},\"datePublished\":\"2017-05-29T14:26:19+00:00\",\"dateModified\":\"2021-09-13T12:58:54+00:00\",\"description\":\"Kynntu \u00fe\u00e9r helstu skilm\u00e1la var\u00f0andi fer\u00f0ir Nor\u00f0ursiglingar. Athugi\u00f0 a\u00f0 m\u00e6ta \u00fearf \u00ed mi\u00f0as\u00f6luna 30 m\u00edn\u00fatum fyrir allar hvalasko\u00f0unarfer\u00f0ir.\",\"breadcrumb\":{\"@id\":\"https:\/\/www.northsailing.is\/is\/skilmalar\/#breadcrumb\"},\"inLanguage\":\"is\",\"potentialAction\":[{\"@type\":\"ReadAction\",\"target\":[\"https:\/\/www.northsailing.is\/is\/skilmalar\/\"]}]},{\"@type\":\"BreadcrumbList\",\"@id\":\"https:\/\/www.northsailing.is\/is\/skilmalar\/#breadcrumb\",\"itemListElement\":[{\"@type\":\"ListItem\",\"position\":1,\"name\":\"Home\",\"item\":\"https:\/\/www.northsailing.is\/is\/\"},{\"@type\":\"ListItem\",\"position\":2,\"name\":\"Skilm\u00e1lar\"}]},{\"@type\":\"WebSite\",\"@id\":\"https:\/\/www.northsailing.is\/is\/#website\",\"url\":\"https:\/\/www.northsailing.is\/is\/\",\"name\":\"North Sailing\",\"description\":\"Whale Watching Tours from Husavik Iceland\",\"publisher\":{\"@id\":\"https:\/\/www.northsailing.is\/is\/#organization\"},\"potentialAction\":[{\"@type\":\"SearchAction\",\"target\":{\"@type\":\"EntryPoint\",\"urlTemplate\":\"https:\/\/www.northsailing.is\/is\/?s={search_term_string}\"},\"query-input\":\"required name=search_term_string\"}],\"inLanguage\":\"is\"},{\"@type\":\"Organization\",\"@id\":\"https:\/\/www.northsailing.is\/is\/#organization\",\"name\":\"North Sailing\",\"url\":\"https:\/\/www.northsailing.is\/is\/\",\"logo\":{\"@type\":\"ImageObject\",\"inLanguage\":\"is\",\"@id\":\"https:\/\/www.northsailing.is\/is\/#\/schema\/logo\/image\/\",\"url\":\"https:\/\/www.northsailing.is\/wp-content\/uploads\/2017\/05\/north-sailing-logo-retina.png\",\"contentUrl\":\"https:\/\/www.northsailing.is\/wp-content\/uploads\/2017\/05\/north-sailing-logo-retina.png\",\"width\":446,\"height\":106,\"caption\":\"North Sailing\"},\"image\":{\"@id\":\"https:\/\/www.northsailing.is\/is\/#\/schema\/logo\/image\/\"},\"sameAs\":[\"https:\/\/www.instagram.com\/northsailing\/\",\"https:\/\/www.youtube.com\/user\/northsailing\/\",\"https:\/\/www.facebook.com\/whalewatchingiceland\/\",\"https:\/\/twitter.com\/northsailing\"]}]}<\/script>\n<!-- \/ Yoast SEO Premium plugin. -->","yoast_head_json":{"title":"Skilm\u00e1lar vegna hvalasko\u00f0unarfer\u00f0a me\u00f0 Nor\u00f0ursiglingu","description":"Kynntu \u00fe\u00e9r helstu skilm\u00e1la var\u00f0andi fer\u00f0ir Nor\u00f0ursiglingar. Athugi\u00f0 a\u00f0 m\u00e6ta \u00fearf \u00ed mi\u00f0as\u00f6luna 30 m\u00edn\u00fatum fyrir allar hvalasko\u00f0unarfer\u00f0ir.","robots":{"index":"index","follow":"follow","max-snippet":"max-snippet:-1","max-image-preview":"max-image-preview:large","max-video-preview":"max-video-preview:-1"},"canonical":"https:\/\/www.northsailing.is\/is\/skilmalar\/","og_locale":"is_IS","og_type":"article","og_title":"Skilm\u00e1lar","og_description":"Kynntu \u00fe\u00e9r helstu skilm\u00e1la var\u00f0andi fer\u00f0ir Nor\u00f0ursiglingar. Athugi\u00f0 a\u00f0 m\u00e6ta \u00fearf \u00ed mi\u00f0as\u00f6luna 30 m\u00edn\u00fatum fyrir allar hvalasko\u00f0unarfer\u00f0ir.","og_url":"https:\/\/www.northsailing.is\/is\/skilmalar\/","og_site_name":"North Sailing","article_publisher":"https:\/\/www.facebook.com\/whalewatchingiceland\/","article_modified_time":"2021-09-13T12:58:54+00:00","twitter_card":"summary_large_image","twitter_site":"@northsailing","twitter_misc":{"Est. reading time":"3 minutes"},"schema":{"@context":"https:\/\/schema.org","@graph":[{"@type":"WebPage","@id":"https:\/\/www.northsailing.is\/is\/skilmalar\/","url":"https:\/\/www.northsailing.is\/is\/skilmalar\/","name":"Skilm\u00e1lar vegna hvalasko\u00f0unarfer\u00f0a me\u00f0 Nor\u00f0ursiglingu","isPartOf":{"@id":"https:\/\/www.northsailing.is\/is\/#website"},"datePublished":"2017-05-29T14:26:19+00:00","dateModified":"2021-09-13T12:58:54+00:00","description":"Kynntu \u00fe\u00e9r helstu skilm\u00e1la var\u00f0andi fer\u00f0ir Nor\u00f0ursiglingar. Athugi\u00f0 a\u00f0 m\u00e6ta \u00fearf \u00ed mi\u00f0as\u00f6luna 30 m\u00edn\u00fatum fyrir allar hvalasko\u00f0unarfer\u00f0ir.","breadcrumb":{"@id":"https:\/\/www.northsailing.is\/is\/skilmalar\/#breadcrumb"},"inLanguage":"is","potentialAction":[{"@type":"ReadAction","target":["https:\/\/www.northsailing.is\/is\/skilmalar\/"]}]},{"@type":"BreadcrumbList","@id":"https:\/\/www.northsailing.is\/is\/skilmalar\/#breadcrumb","itemListElement":[{"@type":"ListItem","position":1,"name":"Home","item":"https:\/\/www.northsailing.is\/is\/"},{"@type":"ListItem","position":2,"name":"Skilm\u00e1lar"}]},{"@type":"WebSite","@id":"https:\/\/www.northsailing.is\/is\/#website","url":"https:\/\/www.northsailing.is\/is\/","name":"North Sailing","description":"Whale Watching Tours from Husavik Iceland","publisher":{"@id":"https:\/\/www.northsailing.is\/is\/#organization"},"potentialAction":[{"@type":"SearchAction","target":{"@type":"EntryPoint","urlTemplate":"https:\/\/www.northsailing.is\/is\/?s={search_term_string}"},"query-input":"required name=search_term_string"}],"inLanguage":"is"},{"@type":"Organization","@id":"https:\/\/www.northsailing.is\/is\/#organization","name":"North Sailing","url":"https:\/\/www.northsailing.is\/is\/","logo":{"@type":"ImageObject","inLanguage":"is","@id":"https:\/\/www.northsailing.is\/is\/#\/schema\/logo\/image\/","url":"https:\/\/www.northsailing.is\/wp-content\/uploads\/2017\/05\/north-sailing-logo-retina.png","contentUrl":"https:\/\/www.northsailing.is\/wp-content\/uploads\/2017\/05\/north-sailing-logo-retina.png","width":446,"height":106,"caption":"North Sailing"},"image":{"@id":"https:\/\/www.northsailing.is\/is\/#\/schema\/logo\/image\/"},"sameAs":["https:\/\/www.instagram.com\/northsailing\/","https:\/\/www.youtube.com\/user\/northsailing\/","https:\/\/www.facebook.com\/whalewatchingiceland\/","https:\/\/twitter.com\/northsailing"]}]}},"_links":{"self":[{"href":"https:\/\/www.northsailing.is\/is\/wp-json\/wp\/v2\/pages\/5822","targetHints":{"allow":["GET"]}}],"collection":[{"href":"https:\/\/www.northsailing.is\/is\/wp-json\/wp\/v2\/pages"}],"about":[{"href":"https:\/\/www.northsailing.is\/is\/wp-json\/wp\/v2\/types\/page"}],"author":[{"embeddable":true,"href":"https:\/\/www.northsailing.is\/is\/wp-json\/wp\/v2\/users\/1"}],"replies":[{"embeddable":true,"href":"https:\/\/www.northsailing.is\/is\/wp-json\/wp\/v2\/comments?post=5822"}],"version-history":[{"count":0,"href":"https:\/\/www.northsailing.is\/is\/wp-json\/wp\/v2\/pages\/5822\/revisions"}],"wp:attachment":[{"href":"https:\/\/www.northsailing.is\/is\/wp-json\/wp\/v2\/media?parent=5822"}],"curies":[{"name":"wp","href":"https:\/\/api.w.org\/{rel}","templated":true}]}}