{"id":5829,"date":"2017-05-03T09:31:01","date_gmt":"2017-05-03T09:31:01","guid":{"rendered":"https:\/\/www.northsailing.is\/book-a-tour\/"},"modified":"2022-01-06T08:47:51","modified_gmt":"2022-01-06T08:47:51","slug":"boka-ferd","status":"publish","type":"page","link":"https:\/\/www.northsailing.is\/is\/boka-ferd\/","title":{"rendered":"B\u00f3ka fer\u00f0"},"content":{"rendered":"<section class=\"wpb-content-wrapper\"><p>[vc_row][vc_column][vc_column_text]<\/p>\n<h1>B\u00f3ka fer\u00f0<\/h1>\n<p>H\u00e9r getur \u00fe\u00fa b\u00f3ka\u00f0 fer\u00f0 \u00ed hvalasko\u00f0un me\u00f0 Nor\u00f0ursiglingu.<br \/>\nYfirlit yfir <a href=\"https:\/\/www.northsailing.is\/is\/hvalaskodun-og-aevintyrasiglingar\/\">allar fer\u00f0ir<\/a> \u00ed bo\u00f0i m\u00e1 sj\u00e1 <a href=\"https:\/\/www.northsailing.is\/is\/hvalaskodun-og-aevintyrasiglingar\/\">h\u00e9r<\/a> og einnig er h\u00e6gt a\u00f0 sj\u00e1 <a href=\"https:\/\/www.northsailing.is\/is\/timatafla\/\">t\u00edmat\u00f6flu<\/a> me\u00f0 daglegum brottf\u00f6rum <a href=\"https:\/\/www.northsailing.is\/is\/timatafla\/\">h\u00e9r<\/a>.<br \/>\nKynntu \u00fe\u00e9r <a href=\"https:\/\/www.northsailing.is\/is\/skilmalar\/\">skilm\u00e1la<\/a> okkar \u00e1\u00f0ur en \u00fe\u00fa b\u00f3kar.[\/vc_column_text][\/vc_column][\/vc_row][vc_row][vc_column][vc_column_text]<\/p>\n<h2>Veldu fer\u00f0, dagsetningu og t\u00edma:<\/h2>\n<p>[\/vc_column_text][vc_column_text]<\/p>\n<div id=\"bokun-w7306_36e38720_c902_4425_83b3_8fc542a48dc7\">Loading&#8230;<\/div>\n<p><script type=\"text\/javascript\">\nvar w7306_36e38720_c902_4425_83b3_8fc542a48dc7;\n(function(d, t) {\n  var host = 'widgets.bokun.io';\n  var frameUrl = 'https:\/\/' + host + '\/widgets\/7306?bookingChannelUUID=49f31dcb-e460-49f6-8fb1-737aaee79e7f&amp;lang=en&amp;ccy=ISK&amp;hash=w7306_36e38720_c902_4425_83b3_8fc542a48dc7';\n  var s = d.createElement(t), options = {'host': host, 'frameUrl': frameUrl, 'widgetHash':'w7306_36e38720_c902_4425_83b3_8fc542a48dc7', 'autoResize':true,'height':'','width':'100%', 'minHeight': 0,'async':true, 'ssl':true, 'affiliateTrackingCode': '', 'transientSession': true, 'cookieLifetime': 43200 };\n  s.src = 'https:\/\/' + host + '\/assets\/javascripts\/widgets\/embedder.js';\n  s.onload = s.onreadystatechange = function() {\n    var rs = this.readyState; if (rs) if (rs != 'complete') if (rs != 'loaded') return;\n    try { \n      w7306_36e38720_c902_4425_83b3_8fc542a48dc7 = new BokunWidgetEmbedder(); w7306_36e38720_c902_4425_83b3_8fc542a48dc7.initialize(options); w7306_36e38720_c902_4425_83b3_8fc542a48dc7.display();\n    } catch (e) {}\n  };\n  var scr = d.getElementsByTagName(t)[0], par = scr.parentNode; par.insertBefore(s, scr);\n})(document, 'script');\n<\/script>[\/vc_column_text][\/vc_column][\/vc_row][vc_row margin_top=&#8220;75&#8243; margin_bottom=&#8220;35&#8243; css=&#8220;.vc_custom_1619792523705{margin-bottom: 35px !important;}&#8220;][vc_column width=&#8220;1\/5&#8243;]<div class=\"ult-just-icon-wrapper  \"><div class=\"align-icon\" style=\"text-align:center;\">\n<div class=\"aio-icon circle \"  style=\"color:#404040;background:#f6fae9;font-size:32px;display:inline-block;\">\n\t<i class=\"fas fa-check\"><\/i>\n<\/div><\/div><\/div>[vc_column_text]<\/p>\n<h4 style=\"text-align: center; margin-top: 25px;\"><strong>Fr\u00ed afb\u00f3kun<\/strong><\/h4>\n<p style=\"text-align: center; font-size: 15px; line-height: 25px;\">Full endurgrei\u00f0sla ef \u00fe\u00fa afb\u00f3kar me\u00f0 24 klst fyrirvara<\/p>\n<p>[\/vc_column_text][\/vc_column][vc_column width=&#8220;1\/5&#8243;]<div class=\"ult-just-icon-wrapper  \"><div class=\"align-icon\" style=\"text-align:center;\">\n<div class=\"aio-icon circle \"  style=\"color:#404040;background:#f6fae9;font-size:32px;display:inline-block;\">\n\t<i class=\"dt-icon-the7-refresh-07\"><\/i>\n<\/div><\/div><\/div>[vc_column_text]<\/p>\n<h4 style=\"text-align: center; margin-top: 25px;\"><strong>Sveigjanleiki<\/strong><\/h4>\n<p style=\"text-align: center; font-size: 15px; line-height: 25px;\">Vi\u00f0 a\u00f0sto\u00f0um \u00feig vi\u00f0 a\u00f0 breyta og uppf\u00e6ra b\u00f3kunina \u00fe\u00edna<\/p>\n<p>[\/vc_column_text][\/vc_column][vc_column width=&#8220;1\/5&#8243;][vc_single_image image=&#8220;6158&#8243; alignment=&#8220;center&#8220; onclick=&#8220;custom_link&#8220; image_hovers=&#8220;false&#8220; link=&#8220;https:\/\/www.northsailing.is\/2021\/02\/08\/clean-safe-whale-watching\/&#8220;][\/vc_column][vc_column width=&#8220;1\/5&#8243;]<div class=\"ult-just-icon-wrapper  \"><div class=\"align-icon\" style=\"text-align:center;\">\n<div class=\"aio-icon circle \"  style=\"color:#404040;background:#f6fae9;font-size:32px;display:inline-block;\">\n\t<i class=\"icomoon-the7-font-the7-clock-01\"><\/i>\n<\/div><\/div><\/div>[vc_column_text]<\/p>\n<h4 style=\"text-align: center; margin-top: 25px;\"><strong>Borga s\u00ed\u00f0ar<\/strong><\/h4>\n<p style=\"text-align: center; font-size: 15px; line-height: 25px;\">B\u00f3ka\u00f0u n\u00fana og borga\u00f0u \u00feegar \u00fe\u00fa m\u00e6tir \u00e1 sta\u00f0inn<\/p>\n<p>[\/vc_column_text][\/vc_column][vc_column width=&#8220;1\/5&#8243;]<div class=\"ult-just-icon-wrapper  \"><div class=\"align-icon\" style=\"text-align:center;\">\n<div class=\"aio-icon circle \"  style=\"color:#404040;background:#f6fae9;font-size:32px;display:inline-block;\">\n\t<i class=\"fas fa-child\"><\/i>\n<\/div><\/div><\/div>[vc_column_text]<\/p>\n<h4 style=\"text-align: center; margin-top: 25px;\"><strong>Fr\u00edtt fyrir b\u00f6rn<\/strong><\/h4>\n<p style=\"text-align: center; font-size: 15px; line-height: 25px;\">Fr\u00ed hvalasko\u00f0un fyrir \u00f6ll b\u00f6rn<br \/>\n6 \u00e1ra og yngri<\/p>\n<p>[\/vc_column_text][\/vc_column][\/vc_row]<\/p>\n<\/section>","protected":false},"excerpt":{"rendered":"<p>[vc_row][vc_column][vc_column_text] B\u00f3ka fer\u00f0 H\u00e9r getur \u00fe\u00fa b\u00f3ka\u00f0 fer\u00f0 \u00ed hvalasko\u00f0un me\u00f0 Nor\u00f0ursiglingu. Yfirlit yfir allar fer\u00f0ir \u00ed bo\u00f0i m\u00e1 sj\u00e1 h\u00e9r og einnig er h\u00e6gt a\u00f0 sj\u00e1 t\u00edmat\u00f6flu me\u00f0 daglegum brottf\u00f6rum h\u00e9r. Kynntu \u00fe\u00e9r skilm\u00e1la okkar \u00e1\u00f0ur en \u00fe\u00fa b\u00f3kar.[\/vc_column_text][\/vc_column][\/vc_row][vc_row][vc_column][vc_column_text] Veldu fer\u00f0, dagsetningu og t\u00edma: [\/vc_column_text][vc_column_text] Loading&#8230; [\/vc_column_text][\/vc_column][\/vc_row][vc_row margin_top=&#8220;75&#8243; margin_bottom=&#8220;35&#8243; css=&#8220;.vc_custom_1619792523705{margin-bottom: 35px !important;}&#8220;][vc_column width=&#8220;1\/5&#8243;][vc_column_text] Fr\u00ed&hellip;<\/p>\n","protected":false},"author":1,"featured_media":0,"parent":0,"menu_order":0,"comment_status":"closed","ping_status":"closed","template":"","meta":{"footnotes":""},"class_list":["post-5829","page","type-page","status-publish","hentry","description-off"],"yoast_head":"<!-- This site is optimized with the Yoast SEO Premium plugin v19.5 (Yoast SEO v19.11) - https:\/\/yoast.com\/wordpress\/plugins\/seo\/ -->\n<title>B\u00f3ka\u00f0u hvalasko\u00f0un me\u00f0 Nor\u00f0ursiglingu \u00e1 H\u00fasav\u00edk<\/title>\n<meta name=\"description\" content=\"Velkomin um bor\u00f0 \u00ed einstaka hvalasko\u00f0un me\u00f0 Nor\u00f0ursiglingu fr\u00e1 H\u00fasav\u00edk, h\u00f6fu\u00f0borg hvalanna \u00e1 \u00cdslandi. B\u00f3ka\u00f0u fer\u00f0ina \u00fe\u00edna h\u00e9r!\" \/>\n<meta name=\"robots\" content=\"index, follow, max-snippet:-1, max-image-preview:large, max-video-preview:-1\" \/>\n<link rel=\"canonical\" href=\"https:\/\/www.northsailing.is\/is\/boka-ferd\/\" \/>\n<meta property=\"og:locale\" content=\"is_IS\" \/>\n<meta property=\"og:type\" content=\"article\" \/>\n<meta property=\"og:title\" content=\"B\u00f3ka fer\u00f0\" \/>\n<meta property=\"og:description\" content=\"Velkomin um bor\u00f0 \u00ed einstaka hvalasko\u00f0un me\u00f0 Nor\u00f0ursiglingu fr\u00e1 H\u00fasav\u00edk, h\u00f6fu\u00f0borg hvalanna \u00e1 \u00cdslandi. B\u00f3ka\u00f0u fer\u00f0ina \u00fe\u00edna h\u00e9r!\" \/>\n<meta property=\"og:url\" content=\"https:\/\/www.northsailing.is\/is\/boka-ferd\/\" \/>\n<meta property=\"og:site_name\" content=\"North Sailing\" \/>\n<meta property=\"article:publisher\" content=\"https:\/\/www.facebook.com\/whalewatchingiceland\/\" \/>\n<meta property=\"article:modified_time\" content=\"2022-01-06T08:47:51+00:00\" \/>\n<meta name=\"twitter:card\" content=\"summary_large_image\" \/>\n<meta name=\"twitter:site\" content=\"@northsailing\" \/>\n<meta name=\"twitter:label1\" content=\"Est. reading time\" \/>\n\t<meta name=\"twitter:data1\" content=\"1 minute\" \/>\n<script type=\"application\/ld+json\" class=\"yoast-schema-graph\">{\"@context\":\"https:\/\/schema.org\",\"@graph\":[{\"@type\":\"WebPage\",\"@id\":\"https:\/\/www.northsailing.is\/is\/boka-ferd\/\",\"url\":\"https:\/\/www.northsailing.is\/is\/boka-ferd\/\",\"name\":\"B\u00f3ka\u00f0u hvalasko\u00f0un me\u00f0 Nor\u00f0ursiglingu \u00e1 H\u00fasav\u00edk\",\"isPartOf\":{\"@id\":\"https:\/\/www.northsailing.is\/is\/#website\"},\"datePublished\":\"2017-05-03T09:31:01+00:00\",\"dateModified\":\"2022-01-06T08:47:51+00:00\",\"description\":\"Velkomin um bor\u00f0 \u00ed einstaka hvalasko\u00f0un me\u00f0 Nor\u00f0ursiglingu fr\u00e1 H\u00fasav\u00edk, h\u00f6fu\u00f0borg hvalanna \u00e1 \u00cdslandi. B\u00f3ka\u00f0u fer\u00f0ina \u00fe\u00edna h\u00e9r!\",\"breadcrumb\":{\"@id\":\"https:\/\/www.northsailing.is\/is\/boka-ferd\/#breadcrumb\"},\"inLanguage\":\"is\",\"potentialAction\":[{\"@type\":\"ReadAction\",\"target\":[\"https:\/\/www.northsailing.is\/is\/boka-ferd\/\"]}]},{\"@type\":\"BreadcrumbList\",\"@id\":\"https:\/\/www.northsailing.is\/is\/boka-ferd\/#breadcrumb\",\"itemListElement\":[{\"@type\":\"ListItem\",\"position\":1,\"name\":\"Home\",\"item\":\"https:\/\/www.northsailing.is\/is\/\"},{\"@type\":\"ListItem\",\"position\":2,\"name\":\"B\u00f3ka fer\u00f0\"}]},{\"@type\":\"WebSite\",\"@id\":\"https:\/\/www.northsailing.is\/is\/#website\",\"url\":\"https:\/\/www.northsailing.is\/is\/\",\"name\":\"North Sailing\",\"description\":\"Whale Watching Tours from Husavik Iceland\",\"publisher\":{\"@id\":\"https:\/\/www.northsailing.is\/is\/#organization\"},\"potentialAction\":[{\"@type\":\"SearchAction\",\"target\":{\"@type\":\"EntryPoint\",\"urlTemplate\":\"https:\/\/www.northsailing.is\/is\/?s={search_term_string}\"},\"query-input\":\"required name=search_term_string\"}],\"inLanguage\":\"is\"},{\"@type\":\"Organization\",\"@id\":\"https:\/\/www.northsailing.is\/is\/#organization\",\"name\":\"North Sailing\",\"url\":\"https:\/\/www.northsailing.is\/is\/\",\"logo\":{\"@type\":\"ImageObject\",\"inLanguage\":\"is\",\"@id\":\"https:\/\/www.northsailing.is\/is\/#\/schema\/logo\/image\/\",\"url\":\"https:\/\/www.northsailing.is\/wp-content\/uploads\/2017\/05\/north-sailing-logo-retina.png\",\"contentUrl\":\"https:\/\/www.northsailing.is\/wp-content\/uploads\/2017\/05\/north-sailing-logo-retina.png\",\"width\":446,\"height\":106,\"caption\":\"North Sailing\"},\"image\":{\"@id\":\"https:\/\/www.northsailing.is\/is\/#\/schema\/logo\/image\/\"},\"sameAs\":[\"https:\/\/www.instagram.com\/northsailing\/\",\"https:\/\/www.youtube.com\/user\/northsailing\/\",\"https:\/\/www.facebook.com\/whalewatchingiceland\/\",\"https:\/\/twitter.com\/northsailing\"]}]}<\/script>\n<!-- \/ Yoast SEO Premium plugin. -->","yoast_head_json":{"title":"B\u00f3ka\u00f0u hvalasko\u00f0un me\u00f0 Nor\u00f0ursiglingu \u00e1 H\u00fasav\u00edk","description":"Velkomin um bor\u00f0 \u00ed einstaka hvalasko\u00f0un me\u00f0 Nor\u00f0ursiglingu fr\u00e1 H\u00fasav\u00edk, h\u00f6fu\u00f0borg hvalanna \u00e1 \u00cdslandi. B\u00f3ka\u00f0u fer\u00f0ina \u00fe\u00edna h\u00e9r!","robots":{"index":"index","follow":"follow","max-snippet":"max-snippet:-1","max-image-preview":"max-image-preview:large","max-video-preview":"max-video-preview:-1"},"canonical":"https:\/\/www.northsailing.is\/is\/boka-ferd\/","og_locale":"is_IS","og_type":"article","og_title":"B\u00f3ka fer\u00f0","og_description":"Velkomin um bor\u00f0 \u00ed einstaka hvalasko\u00f0un me\u00f0 Nor\u00f0ursiglingu fr\u00e1 H\u00fasav\u00edk, h\u00f6fu\u00f0borg hvalanna \u00e1 \u00cdslandi. B\u00f3ka\u00f0u fer\u00f0ina \u00fe\u00edna h\u00e9r!","og_url":"https:\/\/www.northsailing.is\/is\/boka-ferd\/","og_site_name":"North Sailing","article_publisher":"https:\/\/www.facebook.com\/whalewatchingiceland\/","article_modified_time":"2022-01-06T08:47:51+00:00","twitter_card":"summary_large_image","twitter_site":"@northsailing","twitter_misc":{"Est. reading time":"1 minute"},"schema":{"@context":"https:\/\/schema.org","@graph":[{"@type":"WebPage","@id":"https:\/\/www.northsailing.is\/is\/boka-ferd\/","url":"https:\/\/www.northsailing.is\/is\/boka-ferd\/","name":"B\u00f3ka\u00f0u hvalasko\u00f0un me\u00f0 Nor\u00f0ursiglingu \u00e1 H\u00fasav\u00edk","isPartOf":{"@id":"https:\/\/www.northsailing.is\/is\/#website"},"datePublished":"2017-05-03T09:31:01+00:00","dateModified":"2022-01-06T08:47:51+00:00","description":"Velkomin um bor\u00f0 \u00ed einstaka hvalasko\u00f0un me\u00f0 Nor\u00f0ursiglingu fr\u00e1 H\u00fasav\u00edk, h\u00f6fu\u00f0borg hvalanna \u00e1 \u00cdslandi. B\u00f3ka\u00f0u fer\u00f0ina \u00fe\u00edna h\u00e9r!","breadcrumb":{"@id":"https:\/\/www.northsailing.is\/is\/boka-ferd\/#breadcrumb"},"inLanguage":"is","potentialAction":[{"@type":"ReadAction","target":["https:\/\/www.northsailing.is\/is\/boka-ferd\/"]}]},{"@type":"BreadcrumbList","@id":"https:\/\/www.northsailing.is\/is\/boka-ferd\/#breadcrumb","itemListElement":[{"@type":"ListItem","position":1,"name":"Home","item":"https:\/\/www.northsailing.is\/is\/"},{"@type":"ListItem","position":2,"name":"B\u00f3ka fer\u00f0"}]},{"@type":"WebSite","@id":"https:\/\/www.northsailing.is\/is\/#website","url":"https:\/\/www.northsailing.is\/is\/","name":"North Sailing","description":"Whale Watching Tours from Husavik Iceland","publisher":{"@id":"https:\/\/www.northsailing.is\/is\/#organization"},"potentialAction":[{"@type":"SearchAction","target":{"@type":"EntryPoint","urlTemplate":"https:\/\/www.northsailing.is\/is\/?s={search_term_string}"},"query-input":"required name=search_term_string"}],"inLanguage":"is"},{"@type":"Organization","@id":"https:\/\/www.northsailing.is\/is\/#organization","name":"North Sailing","url":"https:\/\/www.northsailing.is\/is\/","logo":{"@type":"ImageObject","inLanguage":"is","@id":"https:\/\/www.northsailing.is\/is\/#\/schema\/logo\/image\/","url":"https:\/\/www.northsailing.is\/wp-content\/uploads\/2017\/05\/north-sailing-logo-retina.png","contentUrl":"https:\/\/www.northsailing.is\/wp-content\/uploads\/2017\/05\/north-sailing-logo-retina.png","width":446,"height":106,"caption":"North Sailing"},"image":{"@id":"https:\/\/www.northsailing.is\/is\/#\/schema\/logo\/image\/"},"sameAs":["https:\/\/www.instagram.com\/northsailing\/","https:\/\/www.youtube.com\/user\/northsailing\/","https:\/\/www.facebook.com\/whalewatchingiceland\/","https:\/\/twitter.com\/northsailing"]}]}},"_links":{"self":[{"href":"https:\/\/www.northsailing.is\/is\/wp-json\/wp\/v2\/pages\/5829","targetHints":{"allow":["GET"]}}],"collection":[{"href":"https:\/\/www.northsailing.is\/is\/wp-json\/wp\/v2\/pages"}],"about":[{"href":"https:\/\/www.northsailing.is\/is\/wp-json\/wp\/v2\/types\/page"}],"author":[{"embeddable":true,"href":"https:\/\/www.northsailing.is\/is\/wp-json\/wp\/v2\/users\/1"}],"replies":[{"embeddable":true,"href":"https:\/\/www.northsailing.is\/is\/wp-json\/wp\/v2\/comments?post=5829"}],"version-history":[{"count":0,"href":"https:\/\/www.northsailing.is\/is\/wp-json\/wp\/v2\/pages\/5829\/revisions"}],"wp:attachment":[{"href":"https:\/\/www.northsailing.is\/is\/wp-json\/wp\/v2\/media?parent=5829"}],"curies":[{"name":"wp","href":"https:\/\/api.w.org\/{rel}","templated":true}]}}