{"id":5831,"date":"2017-05-03T09:59:10","date_gmt":"2017-05-03T09:59:10","guid":{"rendered":"https:\/\/www.northsailing.is\/timetable\/"},"modified":"2025-10-31T15:03:29","modified_gmt":"2025-10-31T15:03:29","slug":"timatafla","status":"publish","type":"page","link":"https:\/\/www.northsailing.is\/is\/timatafla\/","title":{"rendered":"T\u00edmatafla"},"content":{"rendered":"<section class=\"wpb-content-wrapper\"><p>[vc_row][vc_column][vc_column_text]<\/p>\n<h1 style=\"text-align: center;\">T\u00edmatafla H\u00fasav\u00edk 2026<\/h1>\n<h2 style=\"text-align: center;\">Daglegar brottfarir fr\u00e1 H\u00fasav\u00edk<\/h2>\n<p>[\/vc_column_text][vc_column_text]<img loading=\"lazy\" decoding=\"async\" class=\"alignnone wp-image-19568 size-full\" src=\"https:\/\/www.northsailing.is\/wp-content\/uploads\/2025\/10\/timetable-web-2026.png\" alt=\"Timetable H\u00fasav\u00edk Whale Watching\" width=\"1500\" height=\"819\" srcset=\"https:\/\/www.northsailing.is\/wp-content\/uploads\/2025\/10\/timetable-web-2026.png 1500w, https:\/\/www.northsailing.is\/wp-content\/uploads\/2025\/10\/timetable-web-2026-300x164.png 300w, https:\/\/www.northsailing.is\/wp-content\/uploads\/2025\/10\/timetable-web-2026-1024x559.png 1024w, https:\/\/www.northsailing.is\/wp-content\/uploads\/2025\/10\/timetable-web-2026-768x419.png 768w\" sizes=\"auto, (max-width: 1500px) 100vw, 1500px\" \/>[\/vc_column_text][\/vc_column][\/vc_row][vc_row][vc_column width=&#8220;1\/2&#8243;][vc_column_text]<a href=\"https:\/\/www.northsailing.is\/is\/ferd\/hvalaskodun-husavik\/\"><img loading=\"lazy\" decoding=\"async\" class=\"aligncenter size-full wp-image-6390\" src=\"https:\/\/www.northsailing.is\/wp-content\/uploads\/2021\/05\/ns1-is.png\" alt=\"\" width=\"800\" height=\"81\" srcset=\"https:\/\/www.northsailing.is\/wp-content\/uploads\/2021\/05\/ns1-is.png 800w, https:\/\/www.northsailing.is\/wp-content\/uploads\/2021\/05\/ns1-is-300x30.png 300w, https:\/\/www.northsailing.is\/wp-content\/uploads\/2021\/05\/ns1-is-768x78.png 768w\" sizes=\"auto, (max-width: 800px) 100vw, 800px\" \/><\/a>[\/vc_column_text][\/vc_column][vc_column width=&#8220;1\/2&#8243;][vc_column_text]<a href=\"https:\/\/www.northsailing.is\/is\/ferd\/hljodlaus-hvalaskodun\/\"><img loading=\"lazy\" decoding=\"async\" class=\"aligncenter size-full wp-image-6392\" src=\"https:\/\/www.northsailing.is\/wp-content\/uploads\/2021\/05\/ns1c-is.png\" alt=\"\" width=\"800\" height=\"81\" srcset=\"https:\/\/www.northsailing.is\/wp-content\/uploads\/2021\/05\/ns1c-is.png 800w, https:\/\/www.northsailing.is\/wp-content\/uploads\/2021\/05\/ns1c-is-300x30.png 300w, https:\/\/www.northsailing.is\/wp-content\/uploads\/2021\/05\/ns1c-is-768x78.png 768w\" sizes=\"auto, (max-width: 800px) 100vw, 800px\" \/><\/a>[\/vc_column_text][\/vc_column][\/vc_row][vc_row][vc_column width=&#8220;1\/2&#8243;][vc_column_text]<a href=\"https:\/\/www.northsailing.is\/is\/ferd\/hvalir-og-lundar\/\"><img loading=\"lazy\" decoding=\"async\" class=\"aligncenter wp-image-6396 size-full\" src=\"https:\/\/www.northsailing.is\/wp-content\/uploads\/2021\/05\/ns5-is.png\" alt=\"\" width=\"800\" height=\"81\" srcset=\"https:\/\/www.northsailing.is\/wp-content\/uploads\/2021\/05\/ns5-is.png 800w, https:\/\/www.northsailing.is\/wp-content\/uploads\/2021\/05\/ns5-is-300x30.png 300w, https:\/\/www.northsailing.is\/wp-content\/uploads\/2021\/05\/ns5-is-768x78.png 768w\" sizes=\"auto, (max-width: 800px) 100vw, 800px\" \/><\/a>[\/vc_column_text][\/vc_column][vc_column width=&#8220;1\/2&#8243;][vc_column_text]<a href=\"https:\/\/www.northsailing.is\/tour\/midnight-sun-whale-watching-from-husavik\/\"><img loading=\"lazy\" decoding=\"async\" class=\"alignnone wp-image-19562 size-full\" src=\"https:\/\/www.northsailing.is\/wp-content\/uploads\/2025\/10\/midnight-sun-banner.png\" alt=\"Midnight Sun Whale Watching\" width=\"800\" height=\"81\" srcset=\"https:\/\/www.northsailing.is\/wp-content\/uploads\/2025\/10\/midnight-sun-banner.png 800w, https:\/\/www.northsailing.is\/wp-content\/uploads\/2025\/10\/midnight-sun-banner-300x30.png 300w, https:\/\/www.northsailing.is\/wp-content\/uploads\/2025\/10\/midnight-sun-banner-768x78.png 768w\" sizes=\"auto, (max-width: 800px) 100vw, 800px\" \/><\/a>[\/vc_column_text][\/vc_column][\/vc_row][vc_row margin_top=&#8220;55&#8243;][vc_column][vc_column_text]<\/p>\n<p class=\"smaaletrid\" style=\"text-align: center;\">Nor\u00f0ursigling \u00e1skilur s\u00e9r r\u00e9tt til a\u00f0 breyta fer\u00f0um me\u00f0 stuttum fyrirvara.<br \/>\n\u00dear er um a\u00f0 r\u00e6\u00f0a breytingar \u00e1 t\u00edmasetningum, b\u00e1tum, ger\u00f0 fer\u00f0ar og lengd hennar (sem r\u00e6\u00f0st af sta\u00f0setningu hvala \u00ed fl\u00f3anum, sj\u00f3lagi og ve\u00f0ri).<\/p>\n<p>[\/vc_column_text][\/vc_column][\/vc_row]<\/p>\n<\/section>","protected":false},"excerpt":{"rendered":"<p>[vc_row][vc_column][vc_column_text] T\u00edmatafla H\u00fasav\u00edk 2026 Daglegar brottfarir fr\u00e1 H\u00fasav\u00edk [\/vc_column_text][vc_column_text][\/vc_column_text][\/vc_column][\/vc_row][vc_row][vc_column width=&#8220;1\/2&#8243;][vc_column_text][\/vc_column_text][\/vc_column][vc_column width=&#8220;1\/2&#8243;][vc_column_text][\/vc_column_text][\/vc_column][\/vc_row][vc_row][vc_column width=&#8220;1\/2&#8243;][vc_column_text][\/vc_column_text][\/vc_column][vc_column width=&#8220;1\/2&#8243;][vc_column_text][\/vc_column_text][\/vc_column][\/vc_row][vc_row margin_top=&#8220;55&#8243;][vc_column][vc_column_text] Nor\u00f0ursigling \u00e1skilur s\u00e9r r\u00e9tt til a\u00f0 breyta fer\u00f0um me\u00f0 stuttum fyrirvara. \u00dear er um a\u00f0 r\u00e6\u00f0a breytingar \u00e1 t\u00edmasetningum, b\u00e1tum, ger\u00f0 fer\u00f0ar og lengd hennar (sem r\u00e6\u00f0st af sta\u00f0setningu hvala \u00ed fl\u00f3anum, sj\u00f3lagi og ve\u00f0ri). [\/vc_column_text][\/vc_column][\/vc_row]<\/p>\n","protected":false},"author":1,"featured_media":0,"parent":0,"menu_order":0,"comment_status":"closed","ping_status":"closed","template":"","meta":{"footnotes":""},"class_list":["post-5831","page","type-page","status-publish","hentry","description-off"],"yoast_head":"<!-- This site is optimized with the Yoast SEO Premium plugin v19.5 (Yoast SEO v19.11) - https:\/\/yoast.com\/wordpress\/plugins\/seo\/ -->\n<title>T\u00edmatafla yfir daglegar brottfarir \u00ed hvalasko\u00f0un fr\u00e1 H\u00fasav\u00edk<\/title>\n<meta name=\"description\" content=\"H\u00e9r getur\u00f0u sko\u00f0a\u00f0 yfirlit yfir allar daglegar brottfarir \u00ed hvalasko\u00f0un fr\u00e1 H\u00fasav\u00edk me\u00f0 Nor\u00f0ursiglingu. Velkomin um bor\u00f0!\" \/>\n<meta name=\"robots\" content=\"index, follow, max-snippet:-1, max-image-preview:large, max-video-preview:-1\" \/>\n<link rel=\"canonical\" href=\"https:\/\/www.northsailing.is\/is\/timatafla\/\" \/>\n<meta property=\"og:locale\" content=\"is_IS\" \/>\n<meta property=\"og:type\" content=\"article\" \/>\n<meta property=\"og:title\" content=\"T\u00edmatafla\" \/>\n<meta property=\"og:description\" content=\"H\u00e9r getur\u00f0u sko\u00f0a\u00f0 yfirlit yfir allar daglegar brottfarir \u00ed hvalasko\u00f0un fr\u00e1 H\u00fasav\u00edk me\u00f0 Nor\u00f0ursiglingu. Velkomin um bor\u00f0!\" \/>\n<meta property=\"og:url\" content=\"https:\/\/www.northsailing.is\/is\/timatafla\/\" \/>\n<meta property=\"og:site_name\" content=\"North Sailing\" \/>\n<meta property=\"article:publisher\" content=\"https:\/\/www.facebook.com\/whalewatchingiceland\/\" \/>\n<meta property=\"article:modified_time\" content=\"2025-10-31T15:03:29+00:00\" \/>\n<meta property=\"og:image\" content=\"https:\/\/www.northsailing.is\/wp-content\/uploads\/2025\/10\/timetable-web-2026.png\" \/>\n<meta name=\"twitter:card\" content=\"summary_large_image\" \/>\n<meta name=\"twitter:site\" content=\"@northsailing\" \/>\n<meta name=\"twitter:label1\" content=\"Est. reading time\" \/>\n\t<meta name=\"twitter:data1\" content=\"2 minutes\" \/>\n<script type=\"application\/ld+json\" class=\"yoast-schema-graph\">{\"@context\":\"https:\/\/schema.org\",\"@graph\":[{\"@type\":\"WebPage\",\"@id\":\"https:\/\/www.northsailing.is\/is\/timatafla\/\",\"url\":\"https:\/\/www.northsailing.is\/is\/timatafla\/\",\"name\":\"T\u00edmatafla yfir daglegar brottfarir \u00ed hvalasko\u00f0un fr\u00e1 H\u00fasav\u00edk\",\"isPartOf\":{\"@id\":\"https:\/\/www.northsailing.is\/is\/#website\"},\"datePublished\":\"2017-05-03T09:59:10+00:00\",\"dateModified\":\"2025-10-31T15:03:29+00:00\",\"description\":\"H\u00e9r getur\u00f0u sko\u00f0a\u00f0 yfirlit yfir allar daglegar brottfarir \u00ed hvalasko\u00f0un fr\u00e1 H\u00fasav\u00edk me\u00f0 Nor\u00f0ursiglingu. Velkomin um bor\u00f0!\",\"breadcrumb\":{\"@id\":\"https:\/\/www.northsailing.is\/is\/timatafla\/#breadcrumb\"},\"inLanguage\":\"is\",\"potentialAction\":[{\"@type\":\"ReadAction\",\"target\":[\"https:\/\/www.northsailing.is\/is\/timatafla\/\"]}]},{\"@type\":\"BreadcrumbList\",\"@id\":\"https:\/\/www.northsailing.is\/is\/timatafla\/#breadcrumb\",\"itemListElement\":[{\"@type\":\"ListItem\",\"position\":1,\"name\":\"Home\",\"item\":\"https:\/\/www.northsailing.is\/is\/\"},{\"@type\":\"ListItem\",\"position\":2,\"name\":\"T\u00edmatafla\"}]},{\"@type\":\"WebSite\",\"@id\":\"https:\/\/www.northsailing.is\/is\/#website\",\"url\":\"https:\/\/www.northsailing.is\/is\/\",\"name\":\"North Sailing\",\"description\":\"Whale Watching Tours from Husavik Iceland\",\"publisher\":{\"@id\":\"https:\/\/www.northsailing.is\/is\/#organization\"},\"potentialAction\":[{\"@type\":\"SearchAction\",\"target\":{\"@type\":\"EntryPoint\",\"urlTemplate\":\"https:\/\/www.northsailing.is\/is\/?s={search_term_string}\"},\"query-input\":\"required name=search_term_string\"}],\"inLanguage\":\"is\"},{\"@type\":\"Organization\",\"@id\":\"https:\/\/www.northsailing.is\/is\/#organization\",\"name\":\"North Sailing\",\"url\":\"https:\/\/www.northsailing.is\/is\/\",\"logo\":{\"@type\":\"ImageObject\",\"inLanguage\":\"is\",\"@id\":\"https:\/\/www.northsailing.is\/is\/#\/schema\/logo\/image\/\",\"url\":\"https:\/\/www.northsailing.is\/wp-content\/uploads\/2017\/05\/north-sailing-logo-retina.png\",\"contentUrl\":\"https:\/\/www.northsailing.is\/wp-content\/uploads\/2017\/05\/north-sailing-logo-retina.png\",\"width\":446,\"height\":106,\"caption\":\"North Sailing\"},\"image\":{\"@id\":\"https:\/\/www.northsailing.is\/is\/#\/schema\/logo\/image\/\"},\"sameAs\":[\"https:\/\/www.instagram.com\/northsailing\/\",\"https:\/\/www.youtube.com\/user\/northsailing\/\",\"https:\/\/www.facebook.com\/whalewatchingiceland\/\",\"https:\/\/twitter.com\/northsailing\"]}]}<\/script>\n<!-- \/ Yoast SEO Premium plugin. -->","yoast_head_json":{"title":"T\u00edmatafla yfir daglegar brottfarir \u00ed hvalasko\u00f0un fr\u00e1 H\u00fasav\u00edk","description":"H\u00e9r getur\u00f0u sko\u00f0a\u00f0 yfirlit yfir allar daglegar brottfarir \u00ed hvalasko\u00f0un fr\u00e1 H\u00fasav\u00edk me\u00f0 Nor\u00f0ursiglingu. Velkomin um bor\u00f0!","robots":{"index":"index","follow":"follow","max-snippet":"max-snippet:-1","max-image-preview":"max-image-preview:large","max-video-preview":"max-video-preview:-1"},"canonical":"https:\/\/www.northsailing.is\/is\/timatafla\/","og_locale":"is_IS","og_type":"article","og_title":"T\u00edmatafla","og_description":"H\u00e9r getur\u00f0u sko\u00f0a\u00f0 yfirlit yfir allar daglegar brottfarir \u00ed hvalasko\u00f0un fr\u00e1 H\u00fasav\u00edk me\u00f0 Nor\u00f0ursiglingu. Velkomin um bor\u00f0!","og_url":"https:\/\/www.northsailing.is\/is\/timatafla\/","og_site_name":"North Sailing","article_publisher":"https:\/\/www.facebook.com\/whalewatchingiceland\/","article_modified_time":"2025-10-31T15:03:29+00:00","og_image":[{"url":"https:\/\/www.northsailing.is\/wp-content\/uploads\/2025\/10\/timetable-web-2026.png"}],"twitter_card":"summary_large_image","twitter_site":"@northsailing","twitter_misc":{"Est. reading time":"2 minutes"},"schema":{"@context":"https:\/\/schema.org","@graph":[{"@type":"WebPage","@id":"https:\/\/www.northsailing.is\/is\/timatafla\/","url":"https:\/\/www.northsailing.is\/is\/timatafla\/","name":"T\u00edmatafla yfir daglegar brottfarir \u00ed hvalasko\u00f0un fr\u00e1 H\u00fasav\u00edk","isPartOf":{"@id":"https:\/\/www.northsailing.is\/is\/#website"},"datePublished":"2017-05-03T09:59:10+00:00","dateModified":"2025-10-31T15:03:29+00:00","description":"H\u00e9r getur\u00f0u sko\u00f0a\u00f0 yfirlit yfir allar daglegar brottfarir \u00ed hvalasko\u00f0un fr\u00e1 H\u00fasav\u00edk me\u00f0 Nor\u00f0ursiglingu. Velkomin um bor\u00f0!","breadcrumb":{"@id":"https:\/\/www.northsailing.is\/is\/timatafla\/#breadcrumb"},"inLanguage":"is","potentialAction":[{"@type":"ReadAction","target":["https:\/\/www.northsailing.is\/is\/timatafla\/"]}]},{"@type":"BreadcrumbList","@id":"https:\/\/www.northsailing.is\/is\/timatafla\/#breadcrumb","itemListElement":[{"@type":"ListItem","position":1,"name":"Home","item":"https:\/\/www.northsailing.is\/is\/"},{"@type":"ListItem","position":2,"name":"T\u00edmatafla"}]},{"@type":"WebSite","@id":"https:\/\/www.northsailing.is\/is\/#website","url":"https:\/\/www.northsailing.is\/is\/","name":"North Sailing","description":"Whale Watching Tours from Husavik Iceland","publisher":{"@id":"https:\/\/www.northsailing.is\/is\/#organization"},"potentialAction":[{"@type":"SearchAction","target":{"@type":"EntryPoint","urlTemplate":"https:\/\/www.northsailing.is\/is\/?s={search_term_string}"},"query-input":"required name=search_term_string"}],"inLanguage":"is"},{"@type":"Organization","@id":"https:\/\/www.northsailing.is\/is\/#organization","name":"North Sailing","url":"https:\/\/www.northsailing.is\/is\/","logo":{"@type":"ImageObject","inLanguage":"is","@id":"https:\/\/www.northsailing.is\/is\/#\/schema\/logo\/image\/","url":"https:\/\/www.northsailing.is\/wp-content\/uploads\/2017\/05\/north-sailing-logo-retina.png","contentUrl":"https:\/\/www.northsailing.is\/wp-content\/uploads\/2017\/05\/north-sailing-logo-retina.png","width":446,"height":106,"caption":"North Sailing"},"image":{"@id":"https:\/\/www.northsailing.is\/is\/#\/schema\/logo\/image\/"},"sameAs":["https:\/\/www.instagram.com\/northsailing\/","https:\/\/www.youtube.com\/user\/northsailing\/","https:\/\/www.facebook.com\/whalewatchingiceland\/","https:\/\/twitter.com\/northsailing"]}]}},"_links":{"self":[{"href":"https:\/\/www.northsailing.is\/is\/wp-json\/wp\/v2\/pages\/5831","targetHints":{"allow":["GET"]}}],"collection":[{"href":"https:\/\/www.northsailing.is\/is\/wp-json\/wp\/v2\/pages"}],"about":[{"href":"https:\/\/www.northsailing.is\/is\/wp-json\/wp\/v2\/types\/page"}],"author":[{"embeddable":true,"href":"https:\/\/www.northsailing.is\/is\/wp-json\/wp\/v2\/users\/1"}],"replies":[{"embeddable":true,"href":"https:\/\/www.northsailing.is\/is\/wp-json\/wp\/v2\/comments?post=5831"}],"version-history":[{"count":0,"href":"https:\/\/www.northsailing.is\/is\/wp-json\/wp\/v2\/pages\/5831\/revisions"}],"wp:attachment":[{"href":"https:\/\/www.northsailing.is\/is\/wp-json\/wp\/v2\/media?parent=5831"}],"curies":[{"name":"wp","href":"https:\/\/api.w.org\/{rel}","templated":true}]}}